{"id":32272,"date":"2020-05-26T10:28:34","date_gmt":"2020-05-31T14:11:55","guid":{"rendered":"https:\/\/cosmeticalixone.com\/?post_type=product&#038;p=32272"},"modified":"2025-01-08T15:49:57","modified_gmt":"2025-01-08T14:49:57","slug":"covid-19-higienerako-landare-glizerina-pack-a","status":"publish","type":"product","link":"https:\/\/cosmeticalixone.com\/eu\/erosi\/promo-packak\/covid-19-higienerako-landare-glizerina-pack-a\/","title":{"rendered":"Higienerako LANDARE-GLIZERINA Pack-a"},"content":{"rendered":"","protected":false},"excerpt":{"rendered":"<p>Honako produktu hauek osatzen dute pack-a:<\/p>\n<ul>\n<li>Glizerinazko Gela 500 ml<\/li>\n<li>Glizerina naturaleko eskuen xaboi likidoa 300 ml<\/li>\n<li>3 Glizerina naturaleko xaboi-pastilla 125 g<\/li>\n<\/ul>\n","protected":false},"featured_media":33392,"comment_status":"closed","ping_status":"closed","template":"","meta":[],"product_brand":[],"product_cat":[615,319,316,322],"product_tag":[],"class_list":{"0":"post-32272","1":"product","2":"type-product","3":"status-publish","4":"has-post-thumbnail","6":"product_cat-promo-packak","7":"product_cat-bainu-eta-dutxarako-gela","8":"product_cat-higienea","9":"product_cat-xaboiak","11":"first","12":"instock","13":"taxable","14":"shipping-taxable","15":"purchasable","16":"product-type-simple"},"yoast_head":"<!-- This site is optimized with the Yoast SEO plugin v27.3 - https:\/\/yoast.com\/product\/yoast-seo-wordpress\/ -->\n<title>Higienerako LANDARE-GLIZERINA Pack-a - Lixon\u00e9<\/title>\n<meta name=\"robots\" content=\"index, follow, max-snippet:-1, max-image-preview:large, max-video-preview:-1\" \/>\n<link rel=\"canonical\" href=\"https:\/\/cosmeticalixone.com\/eu\/erosi\/promo-packak\/covid-19-higienerako-landare-glizerina-pack-a\/\" \/>\n<meta property=\"og:locale\" content=\"eu_ES\" \/>\n<meta property=\"og:type\" content=\"article\" \/>\n<meta property=\"og:title\" content=\"Higienerako LANDARE-GLIZERINA Pack-a - Lixon\u00e9\" \/>\n<meta property=\"og:description\" content=\"Honako produktu hauek osatzen dute pack-a:    Glizerinazko Gela 500 ml   Glizerina naturaleko eskuen xaboi likidoa 300 ml   3 Glizerina naturaleko xaboi-pastilla 125 g\" \/>\n<meta property=\"og:url\" content=\"https:\/\/cosmeticalixone.com\/eu\/erosi\/promo-packak\/covid-19-higienerako-landare-glizerina-pack-a\/\" \/>\n<meta property=\"og:site_name\" content=\"Lixon\u00e9\" \/>\n<meta property=\"article:publisher\" content=\"https:\/\/www.facebook.com\/cosmeticalixone\" \/>\n<meta property=\"article:modified_time\" content=\"2025-01-08T14:49:57+00:00\" \/>\n<meta property=\"og:image\" content=\"https:\/\/cosmeticalixone.com\/wp-content\/uploads\/pack-glicerina-higiene.jpg\" \/>\n\t<meta property=\"og:image:width\" content=\"450\" \/>\n\t<meta property=\"og:image:height\" content=\"450\" \/>\n\t<meta property=\"og:image:type\" content=\"image\/jpeg\" \/>\n<meta name=\"twitter:card\" content=\"summary_large_image\" \/>\n<meta name=\"twitter:label1\" content=\"Est. reading time\" \/>\n\t<meta name=\"twitter:data1\" content=\"1 minute\" \/>\n<script type=\"application\/ld+json\" class=\"yoast-schema-graph\">{\"@context\":\"https:\\\/\\\/schema.org\",\"@graph\":[{\"@type\":\"WebPage\",\"@id\":\"https:\\\/\\\/cosmeticalixone.com\\\/eu\\\/erosi\\\/promo-packak\\\/covid-19-higienerako-landare-glizerina-pack-a\\\/\",\"url\":\"https:\\\/\\\/cosmeticalixone.com\\\/eu\\\/erosi\\\/promo-packak\\\/covid-19-higienerako-landare-glizerina-pack-a\\\/\",\"name\":\"Higienerako LANDARE-GLIZERINA Pack-a - Lixon\u00e9\",\"isPartOf\":{\"@id\":\"https:\\\/\\\/cosmeticalixone.com\\\/en\\\/#website\"},\"primaryImageOfPage\":{\"@id\":\"https:\\\/\\\/cosmeticalixone.com\\\/eu\\\/erosi\\\/promo-packak\\\/covid-19-higienerako-landare-glizerina-pack-a\\\/#primaryimage\"},\"image\":{\"@id\":\"https:\\\/\\\/cosmeticalixone.com\\\/eu\\\/erosi\\\/promo-packak\\\/covid-19-higienerako-landare-glizerina-pack-a\\\/#primaryimage\"},\"thumbnailUrl\":\"https:\\\/\\\/cosmeticalixone.com\\\/wp-content\\\/uploads\\\/pack-glicerina-higiene.jpg\",\"datePublished\":\"2020-05-31T14:11:55+00:00\",\"dateModified\":\"2025-01-08T14:49:57+00:00\",\"breadcrumb\":{\"@id\":\"https:\\\/\\\/cosmeticalixone.com\\\/eu\\\/erosi\\\/promo-packak\\\/covid-19-higienerako-landare-glizerina-pack-a\\\/#breadcrumb\"},\"inLanguage\":\"eu-ES\",\"potentialAction\":[{\"@type\":\"ReadAction\",\"target\":[\"https:\\\/\\\/cosmeticalixone.com\\\/eu\\\/erosi\\\/promo-packak\\\/covid-19-higienerako-landare-glizerina-pack-a\\\/\"]}]},{\"@type\":\"ImageObject\",\"inLanguage\":\"eu-ES\",\"@id\":\"https:\\\/\\\/cosmeticalixone.com\\\/eu\\\/erosi\\\/promo-packak\\\/covid-19-higienerako-landare-glizerina-pack-a\\\/#primaryimage\",\"url\":\"https:\\\/\\\/cosmeticalixone.com\\\/wp-content\\\/uploads\\\/pack-glicerina-higiene.jpg\",\"contentUrl\":\"https:\\\/\\\/cosmeticalixone.com\\\/wp-content\\\/uploads\\\/pack-glicerina-higiene.jpg\",\"width\":450,\"height\":450,\"caption\":\"Pack ahorro 20% en selecci\u00f3n de productos Lixon\u00e9 con Glicerina\"},{\"@type\":\"BreadcrumbList\",\"@id\":\"https:\\\/\\\/cosmeticalixone.com\\\/eu\\\/erosi\\\/promo-packak\\\/covid-19-higienerako-landare-glizerina-pack-a\\\/#breadcrumb\",\"itemListElement\":[{\"@type\":\"ListItem\",\"position\":1,\"name\":\"Home\",\"item\":\"https:\\\/\\\/cosmeticalixone.com\\\/eu\\\/\"},{\"@type\":\"ListItem\",\"position\":2,\"name\":\"Denda\",\"item\":\"https:\\\/\\\/cosmeticalixone.com\\\/eu\\\/online-denda\\\/\"},{\"@type\":\"ListItem\",\"position\":3,\"name\":\"Higienerako LANDARE-GLIZERINA Pack-a\"}]},{\"@type\":\"WebSite\",\"@id\":\"https:\\\/\\\/cosmeticalixone.com\\\/en\\\/#website\",\"url\":\"https:\\\/\\\/cosmeticalixone.com\\\/en\\\/\",\"name\":\"Lixon\u00e9\",\"description\":\"Laboratorios LIXON\u00c9, nace en 1986 para dar respuesta a las necesidades Dermatol\u00f3gicas, de Cosm\u00e9tica e Higiene Personal, a trav\u00e9s de la fabricaci\u00f3n de productos naturales con extractos vegetales.\",\"publisher\":{\"@id\":\"https:\\\/\\\/cosmeticalixone.com\\\/en\\\/#organization\"},\"potentialAction\":[{\"@type\":\"SearchAction\",\"target\":{\"@type\":\"EntryPoint\",\"urlTemplate\":\"https:\\\/\\\/cosmeticalixone.com\\\/en\\\/?s={search_term_string}\"},\"query-input\":{\"@type\":\"PropertyValueSpecification\",\"valueRequired\":true,\"valueName\":\"search_term_string\"}}],\"inLanguage\":\"eu-ES\"},{\"@type\":\"Organization\",\"@id\":\"https:\\\/\\\/cosmeticalixone.com\\\/en\\\/#organization\",\"name\":\"LIXON\u00c9 - Cosm\u00e9tca Natural\",\"url\":\"https:\\\/\\\/cosmeticalixone.com\\\/en\\\/\",\"logo\":{\"@type\":\"ImageObject\",\"inLanguage\":\"eu-ES\",\"@id\":\"https:\\\/\\\/cosmeticalixone.com\\\/en\\\/#\\\/schema\\\/logo\\\/image\\\/\",\"url\":\"https:\\\/\\\/cosmeticalixone.com\\\/wp-content\\\/uploads\\\/lixone-logo-peque\u00f1o.png\",\"contentUrl\":\"https:\\\/\\\/cosmeticalixone.com\\\/wp-content\\\/uploads\\\/lixone-logo-peque\u00f1o.png\",\"width\":160,\"height\":71,\"caption\":\"LIXON\u00c9 - Cosm\u00e9tca Natural\"},\"image\":{\"@id\":\"https:\\\/\\\/cosmeticalixone.com\\\/en\\\/#\\\/schema\\\/logo\\\/image\\\/\"},\"sameAs\":[\"https:\\\/\\\/www.facebook.com\\\/cosmeticalixone\",\"https:\\\/\\\/www.instagram.com\\\/cosmeticalixone\\\/\"]}]}<\/script>\n<!-- \/ Yoast SEO plugin. -->","yoast_head_json":{"title":"Higienerako LANDARE-GLIZERINA Pack-a - Lixon\u00e9","robots":{"index":"index","follow":"follow","max-snippet":"max-snippet:-1","max-image-preview":"max-image-preview:large","max-video-preview":"max-video-preview:-1"},"canonical":"https:\/\/cosmeticalixone.com\/eu\/erosi\/promo-packak\/covid-19-higienerako-landare-glizerina-pack-a\/","og_locale":"eu_ES","og_type":"article","og_title":"Higienerako LANDARE-GLIZERINA Pack-a - Lixon\u00e9","og_description":"Honako produktu hauek osatzen dute pack-a:    Glizerinazko Gela 500 ml   Glizerina naturaleko eskuen xaboi likidoa 300 ml   3 Glizerina naturaleko xaboi-pastilla 125 g","og_url":"https:\/\/cosmeticalixone.com\/eu\/erosi\/promo-packak\/covid-19-higienerako-landare-glizerina-pack-a\/","og_site_name":"Lixon\u00e9","article_publisher":"https:\/\/www.facebook.com\/cosmeticalixone","article_modified_time":"2025-01-08T14:49:57+00:00","og_image":[{"width":450,"height":450,"url":"https:\/\/cosmeticalixone.com\/wp-content\/uploads\/pack-glicerina-higiene.jpg","type":"image\/jpeg"}],"twitter_card":"summary_large_image","twitter_misc":{"Est. reading time":"1 minute"},"schema":{"@context":"https:\/\/schema.org","@graph":[{"@type":"WebPage","@id":"https:\/\/cosmeticalixone.com\/eu\/erosi\/promo-packak\/covid-19-higienerako-landare-glizerina-pack-a\/","url":"https:\/\/cosmeticalixone.com\/eu\/erosi\/promo-packak\/covid-19-higienerako-landare-glizerina-pack-a\/","name":"Higienerako LANDARE-GLIZERINA Pack-a - Lixon\u00e9","isPartOf":{"@id":"https:\/\/cosmeticalixone.com\/en\/#website"},"primaryImageOfPage":{"@id":"https:\/\/cosmeticalixone.com\/eu\/erosi\/promo-packak\/covid-19-higienerako-landare-glizerina-pack-a\/#primaryimage"},"image":{"@id":"https:\/\/cosmeticalixone.com\/eu\/erosi\/promo-packak\/covid-19-higienerako-landare-glizerina-pack-a\/#primaryimage"},"thumbnailUrl":"https:\/\/cosmeticalixone.com\/wp-content\/uploads\/pack-glicerina-higiene.jpg","datePublished":"2020-05-31T14:11:55+00:00","dateModified":"2025-01-08T14:49:57+00:00","breadcrumb":{"@id":"https:\/\/cosmeticalixone.com\/eu\/erosi\/promo-packak\/covid-19-higienerako-landare-glizerina-pack-a\/#breadcrumb"},"inLanguage":"eu-ES","potentialAction":[{"@type":"ReadAction","target":["https:\/\/cosmeticalixone.com\/eu\/erosi\/promo-packak\/covid-19-higienerako-landare-glizerina-pack-a\/"]}]},{"@type":"ImageObject","inLanguage":"eu-ES","@id":"https:\/\/cosmeticalixone.com\/eu\/erosi\/promo-packak\/covid-19-higienerako-landare-glizerina-pack-a\/#primaryimage","url":"https:\/\/cosmeticalixone.com\/wp-content\/uploads\/pack-glicerina-higiene.jpg","contentUrl":"https:\/\/cosmeticalixone.com\/wp-content\/uploads\/pack-glicerina-higiene.jpg","width":450,"height":450,"caption":"Pack ahorro 20% en selecci\u00f3n de productos Lixon\u00e9 con Glicerina"},{"@type":"BreadcrumbList","@id":"https:\/\/cosmeticalixone.com\/eu\/erosi\/promo-packak\/covid-19-higienerako-landare-glizerina-pack-a\/#breadcrumb","itemListElement":[{"@type":"ListItem","position":1,"name":"Home","item":"https:\/\/cosmeticalixone.com\/eu\/"},{"@type":"ListItem","position":2,"name":"Denda","item":"https:\/\/cosmeticalixone.com\/eu\/online-denda\/"},{"@type":"ListItem","position":3,"name":"Higienerako LANDARE-GLIZERINA Pack-a"}]},{"@type":"WebSite","@id":"https:\/\/cosmeticalixone.com\/en\/#website","url":"https:\/\/cosmeticalixone.com\/en\/","name":"Lixon\u00e9","description":"Laboratorios LIXON\u00c9, nace en 1986 para dar respuesta a las necesidades Dermatol\u00f3gicas, de Cosm\u00e9tica e Higiene Personal, a trav\u00e9s de la fabricaci\u00f3n de productos naturales con extractos vegetales.","publisher":{"@id":"https:\/\/cosmeticalixone.com\/en\/#organization"},"potentialAction":[{"@type":"SearchAction","target":{"@type":"EntryPoint","urlTemplate":"https:\/\/cosmeticalixone.com\/en\/?s={search_term_string}"},"query-input":{"@type":"PropertyValueSpecification","valueRequired":true,"valueName":"search_term_string"}}],"inLanguage":"eu-ES"},{"@type":"Organization","@id":"https:\/\/cosmeticalixone.com\/en\/#organization","name":"LIXON\u00c9 - Cosm\u00e9tca Natural","url":"https:\/\/cosmeticalixone.com\/en\/","logo":{"@type":"ImageObject","inLanguage":"eu-ES","@id":"https:\/\/cosmeticalixone.com\/en\/#\/schema\/logo\/image\/","url":"https:\/\/cosmeticalixone.com\/wp-content\/uploads\/lixone-logo-peque\u00f1o.png","contentUrl":"https:\/\/cosmeticalixone.com\/wp-content\/uploads\/lixone-logo-peque\u00f1o.png","width":160,"height":71,"caption":"LIXON\u00c9 - Cosm\u00e9tca Natural"},"image":{"@id":"https:\/\/cosmeticalixone.com\/en\/#\/schema\/logo\/image\/"},"sameAs":["https:\/\/www.facebook.com\/cosmeticalixone","https:\/\/www.instagram.com\/cosmeticalixone\/"]}]}},"_links":{"self":[{"href":"https:\/\/cosmeticalixone.com\/eu\/wp-json\/wp\/v2\/product\/32272","targetHints":{"allow":["GET"]}}],"collection":[{"href":"https:\/\/cosmeticalixone.com\/eu\/wp-json\/wp\/v2\/product"}],"about":[{"href":"https:\/\/cosmeticalixone.com\/eu\/wp-json\/wp\/v2\/types\/product"}],"replies":[{"embeddable":true,"href":"https:\/\/cosmeticalixone.com\/eu\/wp-json\/wp\/v2\/comments?post=32272"}],"wp:featuredmedia":[{"embeddable":true,"href":"https:\/\/cosmeticalixone.com\/eu\/wp-json\/wp\/v2\/media\/33392"}],"wp:attachment":[{"href":"https:\/\/cosmeticalixone.com\/eu\/wp-json\/wp\/v2\/media?parent=32272"}],"wp:term":[{"taxonomy":"product_brand","embeddable":true,"href":"https:\/\/cosmeticalixone.com\/eu\/wp-json\/wp\/v2\/product_brand?post=32272"},{"taxonomy":"product_cat","embeddable":true,"href":"https:\/\/cosmeticalixone.com\/eu\/wp-json\/wp\/v2\/product_cat?post=32272"},{"taxonomy":"product_tag","embeddable":true,"href":"https:\/\/cosmeticalixone.com\/eu\/wp-json\/wp\/v2\/product_tag?post=32272"}],"curies":[{"name":"wp","href":"https:\/\/api.w.org\/{rel}","templated":true}]}}