{"id":30047,"date":"2018-09-11T18:26:19","date_gmt":"2018-09-11T16:26:19","guid":{"rendered":"http:\/\/cosmeticalixone.com\/?post_type=product&#038;p=30047"},"modified":"2026-02-02T09:37:40","modified_gmt":"2026-02-02T08:37:40","slug":"glizerina-naturalezko-esku-xaboi-likidoa","status":"publish","type":"product","link":"https:\/\/cosmeticalixone.com\/eu\/erosi\/xaboiak\/glizerina-naturalezko-esku-xaboi-likidoa\/","title":{"rendered":"Glizerina Naturalezko ESKU-XABOI likidoa"},"content":{"rendered":"","protected":false},"excerpt":{"rendered":"<p>Larruazalarentzako pH neutroa<\/p>\n<p>PARABENORIK gabea<\/p>\n<p>KOLORATZAILE ARTIFIZIALIK gabea<\/p>\n","protected":false},"featured_media":36478,"comment_status":"open","ping_status":"closed","template":"","meta":[],"product_brand":[],"product_cat":[316,322],"product_tag":[603,604,605],"class_list":{"0":"post-30047","1":"product","2":"type-product","3":"status-publish","4":"has-post-thumbnail","6":"product_cat-higienea","7":"product_cat-xaboiak","8":"product_tag-glicerina-eu","9":"product_tag-jabon-de-manos-eu","10":"product_tag-jabon-liquido-eu","12":"first","13":"instock","14":"taxable","15":"shipping-taxable","16":"purchasable","17":"product-type-simple"},"yoast_head":"<!-- This site is optimized with the Yoast SEO plugin v27.4 - https:\/\/yoast.com\/product\/yoast-seo-wordpress\/ -->\n<title>Glizerina naturalezko Esku-XABOI likidoa, Parabenorik gabea<\/title>\n<meta name=\"description\" content=\"LIXON\u00c9 le ofrece un jab\u00f3n liquido de manos hecho de Glicerina Natural sin parabenos ni colorantes artificiales. La glicerina natural mantiene la hidrataci\u00f3n de la piel evitando que se reseque. Este jab\u00f3n l\u00edquido libre de agentes alcalinos resulta muy suave adecuado para uso diario.\" \/>\n<meta name=\"robots\" content=\"index, follow, max-snippet:-1, max-image-preview:large, max-video-preview:-1\" \/>\n<link rel=\"canonical\" href=\"https:\/\/cosmeticalixone.com\/eu\/erosi\/xaboiak\/glizerina-naturalezko-esku-xaboi-likidoa\/\" \/>\n<meta property=\"og:locale\" content=\"eu_ES\" \/>\n<meta property=\"og:type\" content=\"article\" \/>\n<meta property=\"og:title\" content=\"Glizerina naturalezko Esku-XABOI likidoa, Parabenorik gabea\" \/>\n<meta property=\"og:description\" content=\"LIXON\u00c9 le ofrece un jab\u00f3n liquido de manos hecho de Glicerina Natural sin parabenos ni colorantes artificiales. La glicerina natural mantiene la hidrataci\u00f3n de la piel evitando que se reseque. Este jab\u00f3n l\u00edquido libre de agentes alcalinos resulta muy suave adecuado para uso diario.\" \/>\n<meta property=\"og:url\" content=\"https:\/\/cosmeticalixone.com\/eu\/erosi\/xaboiak\/glizerina-naturalezko-esku-xaboi-likidoa\/\" \/>\n<meta property=\"og:site_name\" content=\"Lixon\u00e9\" \/>\n<meta property=\"article:publisher\" content=\"https:\/\/www.facebook.com\/cosmeticalixone\" \/>\n<meta property=\"article:modified_time\" content=\"2026-02-02T08:37:40+00:00\" \/>\n<meta property=\"og:image\" content=\"https:\/\/cosmeticalixone.com\/wp-content\/uploads\/jabon-liquido-glicerina-1.jpg\" \/>\n\t<meta property=\"og:image:width\" content=\"450\" \/>\n\t<meta property=\"og:image:height\" content=\"450\" \/>\n\t<meta property=\"og:image:type\" content=\"image\/jpeg\" \/>\n<meta name=\"twitter:card\" content=\"summary_large_image\" \/>\n<meta name=\"twitter:label1\" content=\"Est. reading time\" \/>\n\t<meta name=\"twitter:data1\" content=\"1 minute\" \/>\n<script type=\"application\/ld+json\" class=\"yoast-schema-graph\">{\"@context\":\"https:\\\/\\\/schema.org\",\"@graph\":[{\"@type\":\"WebPage\",\"@id\":\"https:\\\/\\\/cosmeticalixone.com\\\/eu\\\/erosi\\\/xaboiak\\\/glizerina-naturalezko-esku-xaboi-likidoa\\\/\",\"url\":\"https:\\\/\\\/cosmeticalixone.com\\\/eu\\\/erosi\\\/xaboiak\\\/glizerina-naturalezko-esku-xaboi-likidoa\\\/\",\"name\":\"Glizerina naturalezko Esku-XABOI likidoa, Parabenorik gabea\",\"isPartOf\":{\"@id\":\"https:\\\/\\\/cosmeticalixone.com\\\/en\\\/#website\"},\"primaryImageOfPage\":{\"@id\":\"https:\\\/\\\/cosmeticalixone.com\\\/eu\\\/erosi\\\/xaboiak\\\/glizerina-naturalezko-esku-xaboi-likidoa\\\/#primaryimage\"},\"image\":{\"@id\":\"https:\\\/\\\/cosmeticalixone.com\\\/eu\\\/erosi\\\/xaboiak\\\/glizerina-naturalezko-esku-xaboi-likidoa\\\/#primaryimage\"},\"thumbnailUrl\":\"https:\\\/\\\/cosmeticalixone.com\\\/wp-content\\\/uploads\\\/jabon-liquido-glicerina-1.jpg\",\"datePublished\":\"2018-09-11T16:26:19+00:00\",\"dateModified\":\"2026-02-02T08:37:40+00:00\",\"description\":\"LIXON\u00c9 le ofrece un jab\u00f3n liquido de manos hecho de Glicerina Natural sin parabenos ni colorantes artificiales. La glicerina natural mantiene la hidrataci\u00f3n de la piel evitando que se reseque. Este jab\u00f3n l\u00edquido libre de agentes alcalinos resulta muy suave adecuado para uso diario.\",\"breadcrumb\":{\"@id\":\"https:\\\/\\\/cosmeticalixone.com\\\/eu\\\/erosi\\\/xaboiak\\\/glizerina-naturalezko-esku-xaboi-likidoa\\\/#breadcrumb\"},\"inLanguage\":\"eu-ES\",\"potentialAction\":[{\"@type\":\"ReadAction\",\"target\":[\"https:\\\/\\\/cosmeticalixone.com\\\/eu\\\/erosi\\\/xaboiak\\\/glizerina-naturalezko-esku-xaboi-likidoa\\\/\"]}]},{\"@type\":\"ImageObject\",\"inLanguage\":\"eu-ES\",\"@id\":\"https:\\\/\\\/cosmeticalixone.com\\\/eu\\\/erosi\\\/xaboiak\\\/glizerina-naturalezko-esku-xaboi-likidoa\\\/#primaryimage\",\"url\":\"https:\\\/\\\/cosmeticalixone.com\\\/wp-content\\\/uploads\\\/jabon-liquido-glicerina-1.jpg\",\"contentUrl\":\"https:\\\/\\\/cosmeticalixone.com\\\/wp-content\\\/uploads\\\/jabon-liquido-glicerina-1.jpg\",\"width\":450,\"height\":450},{\"@type\":\"BreadcrumbList\",\"@id\":\"https:\\\/\\\/cosmeticalixone.com\\\/eu\\\/erosi\\\/xaboiak\\\/glizerina-naturalezko-esku-xaboi-likidoa\\\/#breadcrumb\",\"itemListElement\":[{\"@type\":\"ListItem\",\"position\":1,\"name\":\"Home\",\"item\":\"https:\\\/\\\/cosmeticalixone.com\\\/eu\\\/\"},{\"@type\":\"ListItem\",\"position\":2,\"name\":\"Denda\",\"item\":\"https:\\\/\\\/cosmeticalixone.com\\\/eu\\\/online-denda\\\/\"},{\"@type\":\"ListItem\",\"position\":3,\"name\":\"Glizerina Naturalezko ESKU-XABOI likidoa\"}]},{\"@type\":\"WebSite\",\"@id\":\"https:\\\/\\\/cosmeticalixone.com\\\/en\\\/#website\",\"url\":\"https:\\\/\\\/cosmeticalixone.com\\\/en\\\/\",\"name\":\"Lixon\u00e9\",\"description\":\"Laboratorios LIXON\u00c9, nace en 1986 para dar respuesta a las necesidades Dermatol\u00f3gicas, de Cosm\u00e9tica e Higiene Personal, a trav\u00e9s de la fabricaci\u00f3n de productos naturales con extractos vegetales.\",\"publisher\":{\"@id\":\"https:\\\/\\\/cosmeticalixone.com\\\/en\\\/#organization\"},\"potentialAction\":[{\"@type\":\"SearchAction\",\"target\":{\"@type\":\"EntryPoint\",\"urlTemplate\":\"https:\\\/\\\/cosmeticalixone.com\\\/en\\\/?s={search_term_string}\"},\"query-input\":{\"@type\":\"PropertyValueSpecification\",\"valueRequired\":true,\"valueName\":\"search_term_string\"}}],\"inLanguage\":\"eu-ES\"},{\"@type\":\"Organization\",\"@id\":\"https:\\\/\\\/cosmeticalixone.com\\\/en\\\/#organization\",\"name\":\"LIXON\u00c9 - Cosm\u00e9tca Natural\",\"url\":\"https:\\\/\\\/cosmeticalixone.com\\\/en\\\/\",\"logo\":{\"@type\":\"ImageObject\",\"inLanguage\":\"eu-ES\",\"@id\":\"https:\\\/\\\/cosmeticalixone.com\\\/en\\\/#\\\/schema\\\/logo\\\/image\\\/\",\"url\":\"https:\\\/\\\/cosmeticalixone.com\\\/wp-content\\\/uploads\\\/lixone-logo-peque\u00f1o.png\",\"contentUrl\":\"https:\\\/\\\/cosmeticalixone.com\\\/wp-content\\\/uploads\\\/lixone-logo-peque\u00f1o.png\",\"width\":160,\"height\":71,\"caption\":\"LIXON\u00c9 - Cosm\u00e9tca Natural\"},\"image\":{\"@id\":\"https:\\\/\\\/cosmeticalixone.com\\\/en\\\/#\\\/schema\\\/logo\\\/image\\\/\"},\"sameAs\":[\"https:\\\/\\\/www.facebook.com\\\/cosmeticalixone\",\"https:\\\/\\\/www.instagram.com\\\/cosmeticalixone\\\/\"]}]}<\/script>\n<!-- \/ Yoast SEO plugin. -->","yoast_head_json":{"title":"Glizerina naturalezko Esku-XABOI likidoa, Parabenorik gabea","description":"LIXON\u00c9 le ofrece un jab\u00f3n liquido de manos hecho de Glicerina Natural sin parabenos ni colorantes artificiales. La glicerina natural mantiene la hidrataci\u00f3n de la piel evitando que se reseque. Este jab\u00f3n l\u00edquido libre de agentes alcalinos resulta muy suave adecuado para uso diario.","robots":{"index":"index","follow":"follow","max-snippet":"max-snippet:-1","max-image-preview":"max-image-preview:large","max-video-preview":"max-video-preview:-1"},"canonical":"https:\/\/cosmeticalixone.com\/eu\/erosi\/xaboiak\/glizerina-naturalezko-esku-xaboi-likidoa\/","og_locale":"eu_ES","og_type":"article","og_title":"Glizerina naturalezko Esku-XABOI likidoa, Parabenorik gabea","og_description":"LIXON\u00c9 le ofrece un jab\u00f3n liquido de manos hecho de Glicerina Natural sin parabenos ni colorantes artificiales. La glicerina natural mantiene la hidrataci\u00f3n de la piel evitando que se reseque. Este jab\u00f3n l\u00edquido libre de agentes alcalinos resulta muy suave adecuado para uso diario.","og_url":"https:\/\/cosmeticalixone.com\/eu\/erosi\/xaboiak\/glizerina-naturalezko-esku-xaboi-likidoa\/","og_site_name":"Lixon\u00e9","article_publisher":"https:\/\/www.facebook.com\/cosmeticalixone","article_modified_time":"2026-02-02T08:37:40+00:00","og_image":[{"width":450,"height":450,"url":"https:\/\/cosmeticalixone.com\/wp-content\/uploads\/jabon-liquido-glicerina-1.jpg","type":"image\/jpeg"}],"twitter_card":"summary_large_image","twitter_misc":{"Est. reading time":"1 minute"},"schema":{"@context":"https:\/\/schema.org","@graph":[{"@type":"WebPage","@id":"https:\/\/cosmeticalixone.com\/eu\/erosi\/xaboiak\/glizerina-naturalezko-esku-xaboi-likidoa\/","url":"https:\/\/cosmeticalixone.com\/eu\/erosi\/xaboiak\/glizerina-naturalezko-esku-xaboi-likidoa\/","name":"Glizerina naturalezko Esku-XABOI likidoa, Parabenorik gabea","isPartOf":{"@id":"https:\/\/cosmeticalixone.com\/en\/#website"},"primaryImageOfPage":{"@id":"https:\/\/cosmeticalixone.com\/eu\/erosi\/xaboiak\/glizerina-naturalezko-esku-xaboi-likidoa\/#primaryimage"},"image":{"@id":"https:\/\/cosmeticalixone.com\/eu\/erosi\/xaboiak\/glizerina-naturalezko-esku-xaboi-likidoa\/#primaryimage"},"thumbnailUrl":"https:\/\/cosmeticalixone.com\/wp-content\/uploads\/jabon-liquido-glicerina-1.jpg","datePublished":"2018-09-11T16:26:19+00:00","dateModified":"2026-02-02T08:37:40+00:00","description":"LIXON\u00c9 le ofrece un jab\u00f3n liquido de manos hecho de Glicerina Natural sin parabenos ni colorantes artificiales. La glicerina natural mantiene la hidrataci\u00f3n de la piel evitando que se reseque. Este jab\u00f3n l\u00edquido libre de agentes alcalinos resulta muy suave adecuado para uso diario.","breadcrumb":{"@id":"https:\/\/cosmeticalixone.com\/eu\/erosi\/xaboiak\/glizerina-naturalezko-esku-xaboi-likidoa\/#breadcrumb"},"inLanguage":"eu-ES","potentialAction":[{"@type":"ReadAction","target":["https:\/\/cosmeticalixone.com\/eu\/erosi\/xaboiak\/glizerina-naturalezko-esku-xaboi-likidoa\/"]}]},{"@type":"ImageObject","inLanguage":"eu-ES","@id":"https:\/\/cosmeticalixone.com\/eu\/erosi\/xaboiak\/glizerina-naturalezko-esku-xaboi-likidoa\/#primaryimage","url":"https:\/\/cosmeticalixone.com\/wp-content\/uploads\/jabon-liquido-glicerina-1.jpg","contentUrl":"https:\/\/cosmeticalixone.com\/wp-content\/uploads\/jabon-liquido-glicerina-1.jpg","width":450,"height":450},{"@type":"BreadcrumbList","@id":"https:\/\/cosmeticalixone.com\/eu\/erosi\/xaboiak\/glizerina-naturalezko-esku-xaboi-likidoa\/#breadcrumb","itemListElement":[{"@type":"ListItem","position":1,"name":"Home","item":"https:\/\/cosmeticalixone.com\/eu\/"},{"@type":"ListItem","position":2,"name":"Denda","item":"https:\/\/cosmeticalixone.com\/eu\/online-denda\/"},{"@type":"ListItem","position":3,"name":"Glizerina Naturalezko ESKU-XABOI likidoa"}]},{"@type":"WebSite","@id":"https:\/\/cosmeticalixone.com\/en\/#website","url":"https:\/\/cosmeticalixone.com\/en\/","name":"Lixon\u00e9","description":"Laboratorios LIXON\u00c9, nace en 1986 para dar respuesta a las necesidades Dermatol\u00f3gicas, de Cosm\u00e9tica e Higiene Personal, a trav\u00e9s de la fabricaci\u00f3n de productos naturales con extractos vegetales.","publisher":{"@id":"https:\/\/cosmeticalixone.com\/en\/#organization"},"potentialAction":[{"@type":"SearchAction","target":{"@type":"EntryPoint","urlTemplate":"https:\/\/cosmeticalixone.com\/en\/?s={search_term_string}"},"query-input":{"@type":"PropertyValueSpecification","valueRequired":true,"valueName":"search_term_string"}}],"inLanguage":"eu-ES"},{"@type":"Organization","@id":"https:\/\/cosmeticalixone.com\/en\/#organization","name":"LIXON\u00c9 - Cosm\u00e9tca Natural","url":"https:\/\/cosmeticalixone.com\/en\/","logo":{"@type":"ImageObject","inLanguage":"eu-ES","@id":"https:\/\/cosmeticalixone.com\/en\/#\/schema\/logo\/image\/","url":"https:\/\/cosmeticalixone.com\/wp-content\/uploads\/lixone-logo-peque\u00f1o.png","contentUrl":"https:\/\/cosmeticalixone.com\/wp-content\/uploads\/lixone-logo-peque\u00f1o.png","width":160,"height":71,"caption":"LIXON\u00c9 - Cosm\u00e9tca Natural"},"image":{"@id":"https:\/\/cosmeticalixone.com\/en\/#\/schema\/logo\/image\/"},"sameAs":["https:\/\/www.facebook.com\/cosmeticalixone","https:\/\/www.instagram.com\/cosmeticalixone\/"]}]}},"_links":{"self":[{"href":"https:\/\/cosmeticalixone.com\/eu\/wp-json\/wp\/v2\/product\/30047","targetHints":{"allow":["GET"]}}],"collection":[{"href":"https:\/\/cosmeticalixone.com\/eu\/wp-json\/wp\/v2\/product"}],"about":[{"href":"https:\/\/cosmeticalixone.com\/eu\/wp-json\/wp\/v2\/types\/product"}],"replies":[{"embeddable":true,"href":"https:\/\/cosmeticalixone.com\/eu\/wp-json\/wp\/v2\/comments?post=30047"}],"wp:featuredmedia":[{"embeddable":true,"href":"https:\/\/cosmeticalixone.com\/eu\/wp-json\/wp\/v2\/media\/36478"}],"wp:attachment":[{"href":"https:\/\/cosmeticalixone.com\/eu\/wp-json\/wp\/v2\/media?parent=30047"}],"wp:term":[{"taxonomy":"product_brand","embeddable":true,"href":"https:\/\/cosmeticalixone.com\/eu\/wp-json\/wp\/v2\/product_brand?post=30047"},{"taxonomy":"product_cat","embeddable":true,"href":"https:\/\/cosmeticalixone.com\/eu\/wp-json\/wp\/v2\/product_cat?post=30047"},{"taxonomy":"product_tag","embeddable":true,"href":"https:\/\/cosmeticalixone.com\/eu\/wp-json\/wp\/v2\/product_tag?post=30047"}],"curies":[{"name":"wp","href":"https:\/\/api.w.org\/{rel}","templated":true}]}}