{"id":25256,"date":"2014-12-09T11:27:45","date_gmt":"2014-12-09T10:27:45","guid":{"rendered":"http:\/\/aplicaciones.debamatika.com\/lixone\/?post_type=product&#038;p=25256"},"modified":"2021-12-02T22:36:40","modified_gmt":"2021-12-02T21:36:40","slug":"aloe-verazko-gorputz-esnea-200-ml","status":"publish","type":"product","link":"https:\/\/cosmeticalixone.com\/eu\/erosi\/gorputz-esnea\/aloe-verazko-gorputz-esnea-200-ml\/","title":{"rendered":"Aloe Verazko GORPUTZ-ESNEA 200 ml"},"content":{"rendered":"","protected":false},"excerpt":{"rendered":"<p><span>Indartu, leundu eta babesten du.<\/span><\/p>\n<p><span>Larruazal sentiberak.<\/span><\/p>\n<p><span>Ez koipetsua.<\/span><\/p>\n<p><span>Xurgatze errazekoa<\/span><\/p>\n<p><span>Silikonarik gabea.<\/span><\/p>\n<p><span>Landare-jatorrizko olioak<\/span><\/p>\n<p><span>Landare-gel aktiboa\u00a0 (ACTIValoe&#x2122;).<\/span><\/p>\n<p><img src=\"http:\/\/cosmeticalixone.com\/img\/cms\/activaloe.png\" alt=\"Lixon\u00e9 Kosmetika \u2013 Gel Begetal eraginkorra (ACTIValoe)\" width=\"100\" height=\"30\" \/><\/p>\n","protected":false},"featured_media":34569,"comment_status":"open","ping_status":"closed","template":"","meta":[],"product_brand":[],"product_cat":[397,352,349],"product_tag":[],"class_list":{"0":"post-25256","1":"product","2":"type-product","3":"status-publish","4":"has-post-thumbnail","6":"product_cat-aloe-verazko","7":"product_cat-gorputz-esnea","8":"product_cat-gorputz-zaintzea","10":"first","11":"instock","12":"taxable","13":"shipping-taxable","14":"purchasable","15":"product-type-simple"},"yoast_head":"<!-- This site is optimized with the Yoast SEO plugin v27.3 - https:\/\/yoast.com\/product\/yoast-seo-wordpress\/ -->\n<title>LECHE CORPORAL de Aloe Vera 200 ml<\/title>\n<meta name=\"description\" content=\"Con Gel de Aloe Vera, Aceite de Almendras Dulces, Glicerina Vegetal y agentes hidratantes naturales que acondicionan, hidratan y protegen la piel.\" \/>\n<meta name=\"robots\" content=\"index, follow, max-snippet:-1, max-image-preview:large, max-video-preview:-1\" \/>\n<link rel=\"canonical\" href=\"https:\/\/cosmeticalixone.com\/eu\/aloe-verazko-gorputz-esnea-200-ml\/\" \/>\n<meta property=\"og:locale\" content=\"eu_ES\" \/>\n<meta property=\"og:type\" content=\"article\" \/>\n<meta property=\"og:title\" content=\"LECHE CORPORAL de Aloe Vera 200 ml\" \/>\n<meta property=\"og:description\" content=\"Con Gel de Aloe Vera, Aceite de Almendras Dulces, Glicerina Vegetal y agentes hidratantes naturales que acondicionan, hidratan y protegen la piel.\" \/>\n<meta property=\"og:url\" content=\"https:\/\/cosmeticalixone.com\/eu\/aloe-verazko-gorputz-esnea-200-ml\/\" \/>\n<meta property=\"og:site_name\" content=\"Lixon\u00e9\" \/>\n<meta property=\"article:publisher\" content=\"https:\/\/www.facebook.com\/cosmeticalixone\" \/>\n<meta property=\"article:modified_time\" content=\"2021-12-02T21:36:40+00:00\" \/>\n<meta property=\"og:image\" content=\"https:\/\/cosmeticalixone.com\/wp-content\/uploads\/leche-corporal-aloevera-200.jpg\" \/>\n\t<meta property=\"og:image:width\" content=\"450\" \/>\n\t<meta property=\"og:image:height\" content=\"450\" \/>\n\t<meta property=\"og:image:type\" content=\"image\/jpeg\" \/>\n<meta name=\"twitter:card\" content=\"summary_large_image\" \/>\n<script type=\"application\/ld+json\" class=\"yoast-schema-graph\">{\"@context\":\"https:\\\/\\\/schema.org\",\"@graph\":[{\"@type\":\"WebPage\",\"@id\":\"https:\\\/\\\/cosmeticalixone.com\\\/eu\\\/aloe-verazko-gorputz-esnea-200-ml\\\/\",\"url\":\"https:\\\/\\\/cosmeticalixone.com\\\/eu\\\/aloe-verazko-gorputz-esnea-200-ml\\\/\",\"name\":\"LECHE CORPORAL de Aloe Vera 200 ml\",\"isPartOf\":{\"@id\":\"https:\\\/\\\/cosmeticalixone.com\\\/en\\\/#website\"},\"primaryImageOfPage\":{\"@id\":\"https:\\\/\\\/cosmeticalixone.com\\\/eu\\\/aloe-verazko-gorputz-esnea-200-ml\\\/#primaryimage\"},\"image\":{\"@id\":\"https:\\\/\\\/cosmeticalixone.com\\\/eu\\\/aloe-verazko-gorputz-esnea-200-ml\\\/#primaryimage\"},\"thumbnailUrl\":\"https:\\\/\\\/cosmeticalixone.com\\\/wp-content\\\/uploads\\\/leche-corp-aloe-vera-2x1-1.jpg\",\"datePublished\":\"2014-12-09T10:27:45+00:00\",\"dateModified\":\"2021-12-02T21:36:40+00:00\",\"description\":\"Con Gel de Aloe Vera, Aceite de Almendras Dulces, Glicerina Vegetal y agentes hidratantes naturales que acondicionan, hidratan y protegen la piel.\",\"breadcrumb\":{\"@id\":\"https:\\\/\\\/cosmeticalixone.com\\\/eu\\\/aloe-verazko-gorputz-esnea-200-ml\\\/#breadcrumb\"},\"inLanguage\":\"eu-ES\",\"potentialAction\":[{\"@type\":\"ReadAction\",\"target\":[\"https:\\\/\\\/cosmeticalixone.com\\\/eu\\\/aloe-verazko-gorputz-esnea-200-ml\\\/\"]}]},{\"@type\":\"ImageObject\",\"inLanguage\":\"eu-ES\",\"@id\":\"https:\\\/\\\/cosmeticalixone.com\\\/eu\\\/aloe-verazko-gorputz-esnea-200-ml\\\/#primaryimage\",\"url\":\"https:\\\/\\\/cosmeticalixone.com\\\/wp-content\\\/uploads\\\/leche-corp-aloe-vera-2x1-1.jpg\",\"contentUrl\":\"https:\\\/\\\/cosmeticalixone.com\\\/wp-content\\\/uploads\\\/leche-corp-aloe-vera-2x1-1.jpg\",\"width\":450,\"height\":450},{\"@type\":\"BreadcrumbList\",\"@id\":\"https:\\\/\\\/cosmeticalixone.com\\\/eu\\\/aloe-verazko-gorputz-esnea-200-ml\\\/#breadcrumb\",\"itemListElement\":[{\"@type\":\"ListItem\",\"position\":1,\"name\":\"Home\",\"item\":\"https:\\\/\\\/cosmeticalixone.com\\\/eu\\\/\"},{\"@type\":\"ListItem\",\"position\":2,\"name\":\"Denda\",\"item\":\"https:\\\/\\\/cosmeticalixone.com\\\/eu\\\/online-denda\\\/\"},{\"@type\":\"ListItem\",\"position\":3,\"name\":\"Aloe Verazko GORPUTZ-ESNEA 200 ml\"}]},{\"@type\":\"WebSite\",\"@id\":\"https:\\\/\\\/cosmeticalixone.com\\\/en\\\/#website\",\"url\":\"https:\\\/\\\/cosmeticalixone.com\\\/en\\\/\",\"name\":\"Lixon\u00e9\",\"description\":\"Laboratorios LIXON\u00c9, nace en 1986 para dar respuesta a las necesidades Dermatol\u00f3gicas, de Cosm\u00e9tica e Higiene Personal, a trav\u00e9s de la fabricaci\u00f3n de productos naturales con extractos vegetales.\",\"publisher\":{\"@id\":\"https:\\\/\\\/cosmeticalixone.com\\\/en\\\/#organization\"},\"potentialAction\":[{\"@type\":\"SearchAction\",\"target\":{\"@type\":\"EntryPoint\",\"urlTemplate\":\"https:\\\/\\\/cosmeticalixone.com\\\/en\\\/?s={search_term_string}\"},\"query-input\":{\"@type\":\"PropertyValueSpecification\",\"valueRequired\":true,\"valueName\":\"search_term_string\"}}],\"inLanguage\":\"eu-ES\"},{\"@type\":\"Organization\",\"@id\":\"https:\\\/\\\/cosmeticalixone.com\\\/en\\\/#organization\",\"name\":\"LIXON\u00c9 - Cosm\u00e9tca Natural\",\"url\":\"https:\\\/\\\/cosmeticalixone.com\\\/en\\\/\",\"logo\":{\"@type\":\"ImageObject\",\"inLanguage\":\"eu-ES\",\"@id\":\"https:\\\/\\\/cosmeticalixone.com\\\/en\\\/#\\\/schema\\\/logo\\\/image\\\/\",\"url\":\"https:\\\/\\\/cosmeticalixone.com\\\/wp-content\\\/uploads\\\/lixone-logo-peque\u00f1o.png\",\"contentUrl\":\"https:\\\/\\\/cosmeticalixone.com\\\/wp-content\\\/uploads\\\/lixone-logo-peque\u00f1o.png\",\"width\":160,\"height\":71,\"caption\":\"LIXON\u00c9 - Cosm\u00e9tca Natural\"},\"image\":{\"@id\":\"https:\\\/\\\/cosmeticalixone.com\\\/en\\\/#\\\/schema\\\/logo\\\/image\\\/\"},\"sameAs\":[\"https:\\\/\\\/www.facebook.com\\\/cosmeticalixone\",\"https:\\\/\\\/www.instagram.com\\\/cosmeticalixone\\\/\"]}]}<\/script>\n<!-- \/ Yoast SEO plugin. -->","yoast_head_json":{"title":"LECHE CORPORAL de Aloe Vera 200 ml","description":"Con Gel de Aloe Vera, Aceite de Almendras Dulces, Glicerina Vegetal y agentes hidratantes naturales que acondicionan, hidratan y protegen la piel.","robots":{"index":"index","follow":"follow","max-snippet":"max-snippet:-1","max-image-preview":"max-image-preview:large","max-video-preview":"max-video-preview:-1"},"canonical":"https:\/\/cosmeticalixone.com\/eu\/aloe-verazko-gorputz-esnea-200-ml\/","og_locale":"eu_ES","og_type":"article","og_title":"LECHE CORPORAL de Aloe Vera 200 ml","og_description":"Con Gel de Aloe Vera, Aceite de Almendras Dulces, Glicerina Vegetal y agentes hidratantes naturales que acondicionan, hidratan y protegen la piel.","og_url":"https:\/\/cosmeticalixone.com\/eu\/aloe-verazko-gorputz-esnea-200-ml\/","og_site_name":"Lixon\u00e9","article_publisher":"https:\/\/www.facebook.com\/cosmeticalixone","article_modified_time":"2021-12-02T21:36:40+00:00","og_image":[{"width":450,"height":450,"url":"https:\/\/cosmeticalixone.com\/wp-content\/uploads\/leche-corporal-aloevera-200.jpg","type":"image\/jpeg"}],"twitter_card":"summary_large_image","schema":{"@context":"https:\/\/schema.org","@graph":[{"@type":"WebPage","@id":"https:\/\/cosmeticalixone.com\/eu\/aloe-verazko-gorputz-esnea-200-ml\/","url":"https:\/\/cosmeticalixone.com\/eu\/aloe-verazko-gorputz-esnea-200-ml\/","name":"LECHE CORPORAL de Aloe Vera 200 ml","isPartOf":{"@id":"https:\/\/cosmeticalixone.com\/en\/#website"},"primaryImageOfPage":{"@id":"https:\/\/cosmeticalixone.com\/eu\/aloe-verazko-gorputz-esnea-200-ml\/#primaryimage"},"image":{"@id":"https:\/\/cosmeticalixone.com\/eu\/aloe-verazko-gorputz-esnea-200-ml\/#primaryimage"},"thumbnailUrl":"https:\/\/cosmeticalixone.com\/wp-content\/uploads\/leche-corp-aloe-vera-2x1-1.jpg","datePublished":"2014-12-09T10:27:45+00:00","dateModified":"2021-12-02T21:36:40+00:00","description":"Con Gel de Aloe Vera, Aceite de Almendras Dulces, Glicerina Vegetal y agentes hidratantes naturales que acondicionan, hidratan y protegen la piel.","breadcrumb":{"@id":"https:\/\/cosmeticalixone.com\/eu\/aloe-verazko-gorputz-esnea-200-ml\/#breadcrumb"},"inLanguage":"eu-ES","potentialAction":[{"@type":"ReadAction","target":["https:\/\/cosmeticalixone.com\/eu\/aloe-verazko-gorputz-esnea-200-ml\/"]}]},{"@type":"ImageObject","inLanguage":"eu-ES","@id":"https:\/\/cosmeticalixone.com\/eu\/aloe-verazko-gorputz-esnea-200-ml\/#primaryimage","url":"https:\/\/cosmeticalixone.com\/wp-content\/uploads\/leche-corp-aloe-vera-2x1-1.jpg","contentUrl":"https:\/\/cosmeticalixone.com\/wp-content\/uploads\/leche-corp-aloe-vera-2x1-1.jpg","width":450,"height":450},{"@type":"BreadcrumbList","@id":"https:\/\/cosmeticalixone.com\/eu\/aloe-verazko-gorputz-esnea-200-ml\/#breadcrumb","itemListElement":[{"@type":"ListItem","position":1,"name":"Home","item":"https:\/\/cosmeticalixone.com\/eu\/"},{"@type":"ListItem","position":2,"name":"Denda","item":"https:\/\/cosmeticalixone.com\/eu\/online-denda\/"},{"@type":"ListItem","position":3,"name":"Aloe Verazko GORPUTZ-ESNEA 200 ml"}]},{"@type":"WebSite","@id":"https:\/\/cosmeticalixone.com\/en\/#website","url":"https:\/\/cosmeticalixone.com\/en\/","name":"Lixon\u00e9","description":"Laboratorios LIXON\u00c9, nace en 1986 para dar respuesta a las necesidades Dermatol\u00f3gicas, de Cosm\u00e9tica e Higiene Personal, a trav\u00e9s de la fabricaci\u00f3n de productos naturales con extractos vegetales.","publisher":{"@id":"https:\/\/cosmeticalixone.com\/en\/#organization"},"potentialAction":[{"@type":"SearchAction","target":{"@type":"EntryPoint","urlTemplate":"https:\/\/cosmeticalixone.com\/en\/?s={search_term_string}"},"query-input":{"@type":"PropertyValueSpecification","valueRequired":true,"valueName":"search_term_string"}}],"inLanguage":"eu-ES"},{"@type":"Organization","@id":"https:\/\/cosmeticalixone.com\/en\/#organization","name":"LIXON\u00c9 - Cosm\u00e9tca Natural","url":"https:\/\/cosmeticalixone.com\/en\/","logo":{"@type":"ImageObject","inLanguage":"eu-ES","@id":"https:\/\/cosmeticalixone.com\/en\/#\/schema\/logo\/image\/","url":"https:\/\/cosmeticalixone.com\/wp-content\/uploads\/lixone-logo-peque\u00f1o.png","contentUrl":"https:\/\/cosmeticalixone.com\/wp-content\/uploads\/lixone-logo-peque\u00f1o.png","width":160,"height":71,"caption":"LIXON\u00c9 - Cosm\u00e9tca Natural"},"image":{"@id":"https:\/\/cosmeticalixone.com\/en\/#\/schema\/logo\/image\/"},"sameAs":["https:\/\/www.facebook.com\/cosmeticalixone","https:\/\/www.instagram.com\/cosmeticalixone\/"]}]}},"_links":{"self":[{"href":"https:\/\/cosmeticalixone.com\/eu\/wp-json\/wp\/v2\/product\/25256","targetHints":{"allow":["GET"]}}],"collection":[{"href":"https:\/\/cosmeticalixone.com\/eu\/wp-json\/wp\/v2\/product"}],"about":[{"href":"https:\/\/cosmeticalixone.com\/eu\/wp-json\/wp\/v2\/types\/product"}],"replies":[{"embeddable":true,"href":"https:\/\/cosmeticalixone.com\/eu\/wp-json\/wp\/v2\/comments?post=25256"}],"wp:featuredmedia":[{"embeddable":true,"href":"https:\/\/cosmeticalixone.com\/eu\/wp-json\/wp\/v2\/media\/34569"}],"wp:attachment":[{"href":"https:\/\/cosmeticalixone.com\/eu\/wp-json\/wp\/v2\/media?parent=25256"}],"wp:term":[{"taxonomy":"product_brand","embeddable":true,"href":"https:\/\/cosmeticalixone.com\/eu\/wp-json\/wp\/v2\/product_brand?post=25256"},{"taxonomy":"product_cat","embeddable":true,"href":"https:\/\/cosmeticalixone.com\/eu\/wp-json\/wp\/v2\/product_cat?post=25256"},{"taxonomy":"product_tag","embeddable":true,"href":"https:\/\/cosmeticalixone.com\/eu\/wp-json\/wp\/v2\/product_tag?post=25256"}],"curies":[{"name":"wp","href":"https:\/\/api.w.org\/{rel}","templated":true}]}}