{"id":25207,"date":"2014-12-09T07:40:37","date_gmt":"2014-12-09T06:40:37","guid":{"rendered":"http:\/\/aplicaciones.debamatika.com\/lixone\/?post_type=product&#038;p=25207"},"modified":"2026-03-02T10:28:57","modified_gmt":"2026-03-02T09:28:57","slug":"aloe-verazko-eguneko-krema","status":"publish","type":"product","link":"https:\/\/cosmeticalixone.com\/eu\/erosi\/kremak\/aloe-verazko-eguneko-krema\/","title":{"rendered":"Aloe Verazko EGUNEKO KREMA"},"content":{"rendered":"","protected":false},"excerpt":{"rendered":"<p>Larruazal sentibera<\/p>\n<p>Larruazal berritu, distiratsu eta leuna<\/p>\n<p>2 x 50 ml. ontzia<\/p>\n<p>Aloe Verazko Gel aktiboa (ACTIValoe&#x2122;)<\/p>\n<p><img src=\"http:\/\/cosmeticalixone.com\/img\/cms\/activaloe.png\" alt=\"LLixon\u00e9 Kosmetika \u2013 Gel Begetal eraginkorra (ACTIValoe)\" width=\"100\" height=\"30\" \/><\/p>\n","protected":false},"featured_media":35511,"comment_status":"open","ping_status":"closed","template":"","meta":[],"product_brand":[],"product_cat":[397,340,343],"product_tag":[],"class_list":{"0":"post-25207","1":"product","2":"type-product","3":"status-publish","4":"has-post-thumbnail","6":"product_cat-aloe-verazko","7":"product_cat-aurpegi-zaintzea","8":"product_cat-kremak","10":"first","11":"instock","12":"taxable","13":"shipping-taxable","14":"purchasable","15":"product-type-simple"},"yoast_head":"<!-- This site is optimized with the Yoast SEO plugin v27.3 - https:\/\/yoast.com\/product\/yoast-seo-wordpress\/ -->\n<title>CREMA de DIA de Aloe Vera<\/title>\n<meta name=\"description\" content=\"La mezcla del Gel de Aloe Vera y el Aceite de Germen de Trigo aumenta el contenido en col\u00e1geno regenerando, reparando y protegiendo la piel.\" \/>\n<meta name=\"robots\" content=\"index, follow, max-snippet:-1, max-image-preview:large, max-video-preview:-1\" \/>\n<link rel=\"canonical\" href=\"https:\/\/cosmeticalixone.com\/eu\/erosi\/aloe-verazko\/aloe-verazko-eguneko-krema\/\" \/>\n<meta property=\"og:locale\" content=\"eu_ES\" \/>\n<meta property=\"og:type\" content=\"article\" \/>\n<meta property=\"og:title\" content=\"CREMA de DIA de Aloe Vera\" \/>\n<meta property=\"og:description\" content=\"La mezcla del Gel de Aloe Vera y el Aceite de Germen de Trigo aumenta el contenido en col\u00e1geno regenerando, reparando y protegiendo la piel.\" \/>\n<meta property=\"og:url\" content=\"https:\/\/cosmeticalixone.com\/eu\/erosi\/aloe-verazko\/aloe-verazko-eguneko-krema\/\" \/>\n<meta property=\"og:site_name\" content=\"Lixon\u00e9\" \/>\n<meta property=\"article:publisher\" content=\"https:\/\/www.facebook.com\/cosmeticalixone\" \/>\n<meta property=\"article:modified_time\" content=\"2026-03-02T09:28:57+00:00\" \/>\n<meta property=\"og:image\" content=\"https:\/\/cosmeticalixone.com\/wp-content\/uploads\/crema-dia-aloe.jpg\" \/>\n\t<meta property=\"og:image:width\" content=\"450\" \/>\n\t<meta property=\"og:image:height\" content=\"450\" \/>\n\t<meta property=\"og:image:type\" content=\"image\/jpeg\" \/>\n<meta name=\"twitter:card\" content=\"summary_large_image\" \/>\n<meta name=\"twitter:label1\" content=\"Est. reading time\" \/>\n\t<meta name=\"twitter:data1\" content=\"1 minute\" \/>\n<script type=\"application\/ld+json\" class=\"yoast-schema-graph\">{\"@context\":\"https:\\\/\\\/schema.org\",\"@graph\":[{\"@type\":\"WebPage\",\"@id\":\"https:\\\/\\\/cosmeticalixone.com\\\/eu\\\/erosi\\\/aloe-verazko\\\/aloe-verazko-eguneko-krema\\\/\",\"url\":\"https:\\\/\\\/cosmeticalixone.com\\\/eu\\\/erosi\\\/aloe-verazko\\\/aloe-verazko-eguneko-krema\\\/\",\"name\":\"CREMA de DIA de Aloe Vera\",\"isPartOf\":{\"@id\":\"https:\\\/\\\/cosmeticalixone.com\\\/en\\\/#website\"},\"primaryImageOfPage\":{\"@id\":\"https:\\\/\\\/cosmeticalixone.com\\\/eu\\\/erosi\\\/aloe-verazko\\\/aloe-verazko-eguneko-krema\\\/#primaryimage\"},\"image\":{\"@id\":\"https:\\\/\\\/cosmeticalixone.com\\\/eu\\\/erosi\\\/aloe-verazko\\\/aloe-verazko-eguneko-krema\\\/#primaryimage\"},\"thumbnailUrl\":\"https:\\\/\\\/cosmeticalixone.com\\\/wp-content\\\/uploads\\\/crema-dia-aloe.jpg\",\"datePublished\":\"2014-12-09T06:40:37+00:00\",\"dateModified\":\"2026-03-02T09:28:57+00:00\",\"description\":\"La mezcla del Gel de Aloe Vera y el Aceite de Germen de Trigo aumenta el contenido en col\u00e1geno regenerando, reparando y protegiendo la piel.\",\"breadcrumb\":{\"@id\":\"https:\\\/\\\/cosmeticalixone.com\\\/eu\\\/erosi\\\/aloe-verazko\\\/aloe-verazko-eguneko-krema\\\/#breadcrumb\"},\"inLanguage\":\"eu-ES\",\"potentialAction\":[{\"@type\":\"ReadAction\",\"target\":[\"https:\\\/\\\/cosmeticalixone.com\\\/eu\\\/erosi\\\/aloe-verazko\\\/aloe-verazko-eguneko-krema\\\/\"]}]},{\"@type\":\"ImageObject\",\"inLanguage\":\"eu-ES\",\"@id\":\"https:\\\/\\\/cosmeticalixone.com\\\/eu\\\/erosi\\\/aloe-verazko\\\/aloe-verazko-eguneko-krema\\\/#primaryimage\",\"url\":\"https:\\\/\\\/cosmeticalixone.com\\\/wp-content\\\/uploads\\\/crema-dia-aloe.jpg\",\"contentUrl\":\"https:\\\/\\\/cosmeticalixone.com\\\/wp-content\\\/uploads\\\/crema-dia-aloe.jpg\",\"width\":450,\"height\":450},{\"@type\":\"BreadcrumbList\",\"@id\":\"https:\\\/\\\/cosmeticalixone.com\\\/eu\\\/erosi\\\/aloe-verazko\\\/aloe-verazko-eguneko-krema\\\/#breadcrumb\",\"itemListElement\":[{\"@type\":\"ListItem\",\"position\":1,\"name\":\"Home\",\"item\":\"https:\\\/\\\/cosmeticalixone.com\\\/eu\\\/\"},{\"@type\":\"ListItem\",\"position\":2,\"name\":\"Denda\",\"item\":\"https:\\\/\\\/cosmeticalixone.com\\\/eu\\\/online-denda\\\/\"},{\"@type\":\"ListItem\",\"position\":3,\"name\":\"Aloe Verazko EGUNEKO KREMA\"}]},{\"@type\":\"WebSite\",\"@id\":\"https:\\\/\\\/cosmeticalixone.com\\\/en\\\/#website\",\"url\":\"https:\\\/\\\/cosmeticalixone.com\\\/en\\\/\",\"name\":\"Lixon\u00e9\",\"description\":\"Laboratorios LIXON\u00c9, nace en 1986 para dar respuesta a las necesidades Dermatol\u00f3gicas, de Cosm\u00e9tica e Higiene Personal, a trav\u00e9s de la fabricaci\u00f3n de productos naturales con extractos vegetales.\",\"publisher\":{\"@id\":\"https:\\\/\\\/cosmeticalixone.com\\\/en\\\/#organization\"},\"potentialAction\":[{\"@type\":\"SearchAction\",\"target\":{\"@type\":\"EntryPoint\",\"urlTemplate\":\"https:\\\/\\\/cosmeticalixone.com\\\/en\\\/?s={search_term_string}\"},\"query-input\":{\"@type\":\"PropertyValueSpecification\",\"valueRequired\":true,\"valueName\":\"search_term_string\"}}],\"inLanguage\":\"eu-ES\"},{\"@type\":\"Organization\",\"@id\":\"https:\\\/\\\/cosmeticalixone.com\\\/en\\\/#organization\",\"name\":\"LIXON\u00c9 - Cosm\u00e9tca Natural\",\"url\":\"https:\\\/\\\/cosmeticalixone.com\\\/en\\\/\",\"logo\":{\"@type\":\"ImageObject\",\"inLanguage\":\"eu-ES\",\"@id\":\"https:\\\/\\\/cosmeticalixone.com\\\/en\\\/#\\\/schema\\\/logo\\\/image\\\/\",\"url\":\"https:\\\/\\\/cosmeticalixone.com\\\/wp-content\\\/uploads\\\/lixone-logo-peque\u00f1o.png\",\"contentUrl\":\"https:\\\/\\\/cosmeticalixone.com\\\/wp-content\\\/uploads\\\/lixone-logo-peque\u00f1o.png\",\"width\":160,\"height\":71,\"caption\":\"LIXON\u00c9 - Cosm\u00e9tca Natural\"},\"image\":{\"@id\":\"https:\\\/\\\/cosmeticalixone.com\\\/en\\\/#\\\/schema\\\/logo\\\/image\\\/\"},\"sameAs\":[\"https:\\\/\\\/www.facebook.com\\\/cosmeticalixone\",\"https:\\\/\\\/www.instagram.com\\\/cosmeticalixone\\\/\"]}]}<\/script>\n<!-- \/ Yoast SEO plugin. -->","yoast_head_json":{"title":"CREMA de DIA de Aloe Vera","description":"La mezcla del Gel de Aloe Vera y el Aceite de Germen de Trigo aumenta el contenido en col\u00e1geno regenerando, reparando y protegiendo la piel.","robots":{"index":"index","follow":"follow","max-snippet":"max-snippet:-1","max-image-preview":"max-image-preview:large","max-video-preview":"max-video-preview:-1"},"canonical":"https:\/\/cosmeticalixone.com\/eu\/erosi\/aloe-verazko\/aloe-verazko-eguneko-krema\/","og_locale":"eu_ES","og_type":"article","og_title":"CREMA de DIA de Aloe Vera","og_description":"La mezcla del Gel de Aloe Vera y el Aceite de Germen de Trigo aumenta el contenido en col\u00e1geno regenerando, reparando y protegiendo la piel.","og_url":"https:\/\/cosmeticalixone.com\/eu\/erosi\/aloe-verazko\/aloe-verazko-eguneko-krema\/","og_site_name":"Lixon\u00e9","article_publisher":"https:\/\/www.facebook.com\/cosmeticalixone","article_modified_time":"2026-03-02T09:28:57+00:00","og_image":[{"width":450,"height":450,"url":"https:\/\/cosmeticalixone.com\/wp-content\/uploads\/crema-dia-aloe.jpg","type":"image\/jpeg"}],"twitter_card":"summary_large_image","twitter_misc":{"Est. reading time":"1 minute"},"schema":{"@context":"https:\/\/schema.org","@graph":[{"@type":"WebPage","@id":"https:\/\/cosmeticalixone.com\/eu\/erosi\/aloe-verazko\/aloe-verazko-eguneko-krema\/","url":"https:\/\/cosmeticalixone.com\/eu\/erosi\/aloe-verazko\/aloe-verazko-eguneko-krema\/","name":"CREMA de DIA de Aloe Vera","isPartOf":{"@id":"https:\/\/cosmeticalixone.com\/en\/#website"},"primaryImageOfPage":{"@id":"https:\/\/cosmeticalixone.com\/eu\/erosi\/aloe-verazko\/aloe-verazko-eguneko-krema\/#primaryimage"},"image":{"@id":"https:\/\/cosmeticalixone.com\/eu\/erosi\/aloe-verazko\/aloe-verazko-eguneko-krema\/#primaryimage"},"thumbnailUrl":"https:\/\/cosmeticalixone.com\/wp-content\/uploads\/crema-dia-aloe.jpg","datePublished":"2014-12-09T06:40:37+00:00","dateModified":"2026-03-02T09:28:57+00:00","description":"La mezcla del Gel de Aloe Vera y el Aceite de Germen de Trigo aumenta el contenido en col\u00e1geno regenerando, reparando y protegiendo la piel.","breadcrumb":{"@id":"https:\/\/cosmeticalixone.com\/eu\/erosi\/aloe-verazko\/aloe-verazko-eguneko-krema\/#breadcrumb"},"inLanguage":"eu-ES","potentialAction":[{"@type":"ReadAction","target":["https:\/\/cosmeticalixone.com\/eu\/erosi\/aloe-verazko\/aloe-verazko-eguneko-krema\/"]}]},{"@type":"ImageObject","inLanguage":"eu-ES","@id":"https:\/\/cosmeticalixone.com\/eu\/erosi\/aloe-verazko\/aloe-verazko-eguneko-krema\/#primaryimage","url":"https:\/\/cosmeticalixone.com\/wp-content\/uploads\/crema-dia-aloe.jpg","contentUrl":"https:\/\/cosmeticalixone.com\/wp-content\/uploads\/crema-dia-aloe.jpg","width":450,"height":450},{"@type":"BreadcrumbList","@id":"https:\/\/cosmeticalixone.com\/eu\/erosi\/aloe-verazko\/aloe-verazko-eguneko-krema\/#breadcrumb","itemListElement":[{"@type":"ListItem","position":1,"name":"Home","item":"https:\/\/cosmeticalixone.com\/eu\/"},{"@type":"ListItem","position":2,"name":"Denda","item":"https:\/\/cosmeticalixone.com\/eu\/online-denda\/"},{"@type":"ListItem","position":3,"name":"Aloe Verazko EGUNEKO KREMA"}]},{"@type":"WebSite","@id":"https:\/\/cosmeticalixone.com\/en\/#website","url":"https:\/\/cosmeticalixone.com\/en\/","name":"Lixon\u00e9","description":"Laboratorios LIXON\u00c9, nace en 1986 para dar respuesta a las necesidades Dermatol\u00f3gicas, de Cosm\u00e9tica e Higiene Personal, a trav\u00e9s de la fabricaci\u00f3n de productos naturales con extractos vegetales.","publisher":{"@id":"https:\/\/cosmeticalixone.com\/en\/#organization"},"potentialAction":[{"@type":"SearchAction","target":{"@type":"EntryPoint","urlTemplate":"https:\/\/cosmeticalixone.com\/en\/?s={search_term_string}"},"query-input":{"@type":"PropertyValueSpecification","valueRequired":true,"valueName":"search_term_string"}}],"inLanguage":"eu-ES"},{"@type":"Organization","@id":"https:\/\/cosmeticalixone.com\/en\/#organization","name":"LIXON\u00c9 - Cosm\u00e9tca Natural","url":"https:\/\/cosmeticalixone.com\/en\/","logo":{"@type":"ImageObject","inLanguage":"eu-ES","@id":"https:\/\/cosmeticalixone.com\/en\/#\/schema\/logo\/image\/","url":"https:\/\/cosmeticalixone.com\/wp-content\/uploads\/lixone-logo-peque\u00f1o.png","contentUrl":"https:\/\/cosmeticalixone.com\/wp-content\/uploads\/lixone-logo-peque\u00f1o.png","width":160,"height":71,"caption":"LIXON\u00c9 - Cosm\u00e9tca Natural"},"image":{"@id":"https:\/\/cosmeticalixone.com\/en\/#\/schema\/logo\/image\/"},"sameAs":["https:\/\/www.facebook.com\/cosmeticalixone","https:\/\/www.instagram.com\/cosmeticalixone\/"]}]}},"_links":{"self":[{"href":"https:\/\/cosmeticalixone.com\/eu\/wp-json\/wp\/v2\/product\/25207","targetHints":{"allow":["GET"]}}],"collection":[{"href":"https:\/\/cosmeticalixone.com\/eu\/wp-json\/wp\/v2\/product"}],"about":[{"href":"https:\/\/cosmeticalixone.com\/eu\/wp-json\/wp\/v2\/types\/product"}],"replies":[{"embeddable":true,"href":"https:\/\/cosmeticalixone.com\/eu\/wp-json\/wp\/v2\/comments?post=25207"}],"wp:featuredmedia":[{"embeddable":true,"href":"https:\/\/cosmeticalixone.com\/eu\/wp-json\/wp\/v2\/media\/35511"}],"wp:attachment":[{"href":"https:\/\/cosmeticalixone.com\/eu\/wp-json\/wp\/v2\/media?parent=25207"}],"wp:term":[{"taxonomy":"product_brand","embeddable":true,"href":"https:\/\/cosmeticalixone.com\/eu\/wp-json\/wp\/v2\/product_brand?post=25207"},{"taxonomy":"product_cat","embeddable":true,"href":"https:\/\/cosmeticalixone.com\/eu\/wp-json\/wp\/v2\/product_cat?post=25207"},{"taxonomy":"product_tag","embeddable":true,"href":"https:\/\/cosmeticalixone.com\/eu\/wp-json\/wp\/v2\/product_tag?post=25207"}],"curies":[{"name":"wp","href":"https:\/\/api.w.org\/{rel}","templated":true}]}}