{"id":25157,"date":"2014-12-08T23:23:08","date_gmt":"2014-12-08T22:23:08","guid":{"rendered":"http:\/\/aplicaciones.debamatika.com\/lixone\/?post_type=product&#038;p=25157"},"modified":"2023-02-01T09:06:28","modified_gmt":"2023-02-01T08:06:28","slug":"oliba-oliozko-xanpua-250-ml","status":"publish","type":"product","link":"https:\/\/cosmeticalixone.com\/eu\/erosi\/xanpua\/oliba-oliozko-xanpua-250-ml\/","title":{"rendered":"Oliba-Oliozko XANPUA 250 ml"},"content":{"rendered":"","protected":false},"excerpt":{"rendered":"<p><span>Ile lehor edo ile kaltetuentzako <\/span><\/p>\n<p><span>Babestu eta konpondu egiten du <\/span><\/p>\n<p><span>Landare-estraktu aktiboa<\/span><\/p>\n<p><span>Landare-jatorrizko olioak<\/span><\/p>\n<p><span>pH Neutroa eta parabenorik gabea<\/span><\/p>\n<p><span>\u00a0<\/span><\/p>\n","protected":false},"featured_media":36454,"comment_status":"open","ping_status":"closed","template":"","meta":[],"product_brand":[],"product_cat":[328,394,331],"product_tag":[],"class_list":{"0":"post-25157","1":"product","2":"type-product","3":"status-publish","4":"has-post-thumbnail","6":"product_cat-ilerako-tratamendua","7":"product_cat-oliba-olioa","8":"product_cat-xanpua","10":"first","11":"instock","12":"taxable","13":"shipping-taxable","14":"purchasable","15":"product-type-simple"},"yoast_head":"<!-- This site is optimized with the Yoast SEO plugin v27.4 - https:\/\/yoast.com\/product\/yoast-seo-wordpress\/ -->\n<title>CHAMPU de Aceite de Oliva y Avena 250 ml<\/title>\n<meta name=\"description\" content=\"Especial para cabellos secos o castigados. El aceite de oliva acondiciona y protege, la avena repara, protege y aporta suavidad y brillo al pelo\" \/>\n<meta name=\"robots\" content=\"index, follow, max-snippet:-1, max-image-preview:large, max-video-preview:-1\" \/>\n<link rel=\"canonical\" href=\"https:\/\/cosmeticalixone.com\/eu\/oliba-oliozko-xanpua-250-ml\/\" \/>\n<meta property=\"og:locale\" content=\"eu_ES\" \/>\n<meta property=\"og:type\" content=\"article\" \/>\n<meta property=\"og:title\" content=\"CHAMPU de Aceite de Oliva y Avena 250 ml\" \/>\n<meta property=\"og:description\" content=\"Especial para cabellos secos o castigados. El aceite de oliva acondiciona y protege, la avena repara, protege y aporta suavidad y brillo al pelo\" \/>\n<meta property=\"og:url\" content=\"https:\/\/cosmeticalixone.com\/eu\/oliba-oliozko-xanpua-250-ml\/\" \/>\n<meta property=\"og:site_name\" content=\"Lixon\u00e9\" \/>\n<meta property=\"article:publisher\" content=\"https:\/\/www.facebook.com\/cosmeticalixone\" \/>\n<meta property=\"article:modified_time\" content=\"2023-02-01T08:06:28+00:00\" \/>\n<meta property=\"og:image\" content=\"https:\/\/cosmeticalixone.com\/wp-content\/uploads\/champu-aceite-oliva-avena.jpg\" \/>\n\t<meta property=\"og:image:width\" content=\"450\" \/>\n\t<meta property=\"og:image:height\" content=\"450\" \/>\n\t<meta property=\"og:image:type\" content=\"image\/jpeg\" \/>\n<meta name=\"twitter:card\" content=\"summary_large_image\" \/>\n<script type=\"application\/ld+json\" class=\"yoast-schema-graph\">{\"@context\":\"https:\\\/\\\/schema.org\",\"@graph\":[{\"@type\":\"WebPage\",\"@id\":\"https:\\\/\\\/cosmeticalixone.com\\\/eu\\\/oliba-oliozko-xanpua-250-ml\\\/\",\"url\":\"https:\\\/\\\/cosmeticalixone.com\\\/eu\\\/oliba-oliozko-xanpua-250-ml\\\/\",\"name\":\"CHAMPU de Aceite de Oliva y Avena 250 ml\",\"isPartOf\":{\"@id\":\"https:\\\/\\\/cosmeticalixone.com\\\/en\\\/#website\"},\"primaryImageOfPage\":{\"@id\":\"https:\\\/\\\/cosmeticalixone.com\\\/eu\\\/oliba-oliozko-xanpua-250-ml\\\/#primaryimage\"},\"image\":{\"@id\":\"https:\\\/\\\/cosmeticalixone.com\\\/eu\\\/oliba-oliozko-xanpua-250-ml\\\/#primaryimage\"},\"thumbnailUrl\":\"https:\\\/\\\/cosmeticalixone.com\\\/wp-content\\\/uploads\\\/champu-aceite-oliva-avena-suave.jpg\",\"datePublished\":\"2014-12-08T22:23:08+00:00\",\"dateModified\":\"2023-02-01T08:06:28+00:00\",\"description\":\"Especial para cabellos secos o castigados. El aceite de oliva acondiciona y protege, la avena repara, protege y aporta suavidad y brillo al pelo\",\"breadcrumb\":{\"@id\":\"https:\\\/\\\/cosmeticalixone.com\\\/eu\\\/oliba-oliozko-xanpua-250-ml\\\/#breadcrumb\"},\"inLanguage\":\"eu-ES\",\"potentialAction\":[{\"@type\":\"ReadAction\",\"target\":[\"https:\\\/\\\/cosmeticalixone.com\\\/eu\\\/oliba-oliozko-xanpua-250-ml\\\/\"]}]},{\"@type\":\"ImageObject\",\"inLanguage\":\"eu-ES\",\"@id\":\"https:\\\/\\\/cosmeticalixone.com\\\/eu\\\/oliba-oliozko-xanpua-250-ml\\\/#primaryimage\",\"url\":\"https:\\\/\\\/cosmeticalixone.com\\\/wp-content\\\/uploads\\\/champu-aceite-oliva-avena-suave.jpg\",\"contentUrl\":\"https:\\\/\\\/cosmeticalixone.com\\\/wp-content\\\/uploads\\\/champu-aceite-oliva-avena-suave.jpg\",\"width\":450,\"height\":450},{\"@type\":\"BreadcrumbList\",\"@id\":\"https:\\\/\\\/cosmeticalixone.com\\\/eu\\\/oliba-oliozko-xanpua-250-ml\\\/#breadcrumb\",\"itemListElement\":[{\"@type\":\"ListItem\",\"position\":1,\"name\":\"Home\",\"item\":\"https:\\\/\\\/cosmeticalixone.com\\\/eu\\\/\"},{\"@type\":\"ListItem\",\"position\":2,\"name\":\"Denda\",\"item\":\"https:\\\/\\\/cosmeticalixone.com\\\/eu\\\/online-denda\\\/\"},{\"@type\":\"ListItem\",\"position\":3,\"name\":\"Oliba-Oliozko XANPUA 250 ml\"}]},{\"@type\":\"WebSite\",\"@id\":\"https:\\\/\\\/cosmeticalixone.com\\\/en\\\/#website\",\"url\":\"https:\\\/\\\/cosmeticalixone.com\\\/en\\\/\",\"name\":\"Lixon\u00e9\",\"description\":\"Laboratorios LIXON\u00c9, nace en 1986 para dar respuesta a las necesidades Dermatol\u00f3gicas, de Cosm\u00e9tica e Higiene Personal, a trav\u00e9s de la fabricaci\u00f3n de productos naturales con extractos vegetales.\",\"publisher\":{\"@id\":\"https:\\\/\\\/cosmeticalixone.com\\\/en\\\/#organization\"},\"potentialAction\":[{\"@type\":\"SearchAction\",\"target\":{\"@type\":\"EntryPoint\",\"urlTemplate\":\"https:\\\/\\\/cosmeticalixone.com\\\/en\\\/?s={search_term_string}\"},\"query-input\":{\"@type\":\"PropertyValueSpecification\",\"valueRequired\":true,\"valueName\":\"search_term_string\"}}],\"inLanguage\":\"eu-ES\"},{\"@type\":\"Organization\",\"@id\":\"https:\\\/\\\/cosmeticalixone.com\\\/en\\\/#organization\",\"name\":\"LIXON\u00c9 - Cosm\u00e9tca Natural\",\"url\":\"https:\\\/\\\/cosmeticalixone.com\\\/en\\\/\",\"logo\":{\"@type\":\"ImageObject\",\"inLanguage\":\"eu-ES\",\"@id\":\"https:\\\/\\\/cosmeticalixone.com\\\/en\\\/#\\\/schema\\\/logo\\\/image\\\/\",\"url\":\"https:\\\/\\\/cosmeticalixone.com\\\/wp-content\\\/uploads\\\/lixone-logo-peque\u00f1o.png\",\"contentUrl\":\"https:\\\/\\\/cosmeticalixone.com\\\/wp-content\\\/uploads\\\/lixone-logo-peque\u00f1o.png\",\"width\":160,\"height\":71,\"caption\":\"LIXON\u00c9 - Cosm\u00e9tca Natural\"},\"image\":{\"@id\":\"https:\\\/\\\/cosmeticalixone.com\\\/en\\\/#\\\/schema\\\/logo\\\/image\\\/\"},\"sameAs\":[\"https:\\\/\\\/www.facebook.com\\\/cosmeticalixone\",\"https:\\\/\\\/www.instagram.com\\\/cosmeticalixone\\\/\"]}]}<\/script>\n<!-- \/ Yoast SEO plugin. -->","yoast_head_json":{"title":"CHAMPU de Aceite de Oliva y Avena 250 ml","description":"Especial para cabellos secos o castigados. El aceite de oliva acondiciona y protege, la avena repara, protege y aporta suavidad y brillo al pelo","robots":{"index":"index","follow":"follow","max-snippet":"max-snippet:-1","max-image-preview":"max-image-preview:large","max-video-preview":"max-video-preview:-1"},"canonical":"https:\/\/cosmeticalixone.com\/eu\/oliba-oliozko-xanpua-250-ml\/","og_locale":"eu_ES","og_type":"article","og_title":"CHAMPU de Aceite de Oliva y Avena 250 ml","og_description":"Especial para cabellos secos o castigados. El aceite de oliva acondiciona y protege, la avena repara, protege y aporta suavidad y brillo al pelo","og_url":"https:\/\/cosmeticalixone.com\/eu\/oliba-oliozko-xanpua-250-ml\/","og_site_name":"Lixon\u00e9","article_publisher":"https:\/\/www.facebook.com\/cosmeticalixone","article_modified_time":"2023-02-01T08:06:28+00:00","og_image":[{"width":450,"height":450,"url":"https:\/\/cosmeticalixone.com\/wp-content\/uploads\/champu-aceite-oliva-avena.jpg","type":"image\/jpeg"}],"twitter_card":"summary_large_image","schema":{"@context":"https:\/\/schema.org","@graph":[{"@type":"WebPage","@id":"https:\/\/cosmeticalixone.com\/eu\/oliba-oliozko-xanpua-250-ml\/","url":"https:\/\/cosmeticalixone.com\/eu\/oliba-oliozko-xanpua-250-ml\/","name":"CHAMPU de Aceite de Oliva y Avena 250 ml","isPartOf":{"@id":"https:\/\/cosmeticalixone.com\/en\/#website"},"primaryImageOfPage":{"@id":"https:\/\/cosmeticalixone.com\/eu\/oliba-oliozko-xanpua-250-ml\/#primaryimage"},"image":{"@id":"https:\/\/cosmeticalixone.com\/eu\/oliba-oliozko-xanpua-250-ml\/#primaryimage"},"thumbnailUrl":"https:\/\/cosmeticalixone.com\/wp-content\/uploads\/champu-aceite-oliva-avena-suave.jpg","datePublished":"2014-12-08T22:23:08+00:00","dateModified":"2023-02-01T08:06:28+00:00","description":"Especial para cabellos secos o castigados. El aceite de oliva acondiciona y protege, la avena repara, protege y aporta suavidad y brillo al pelo","breadcrumb":{"@id":"https:\/\/cosmeticalixone.com\/eu\/oliba-oliozko-xanpua-250-ml\/#breadcrumb"},"inLanguage":"eu-ES","potentialAction":[{"@type":"ReadAction","target":["https:\/\/cosmeticalixone.com\/eu\/oliba-oliozko-xanpua-250-ml\/"]}]},{"@type":"ImageObject","inLanguage":"eu-ES","@id":"https:\/\/cosmeticalixone.com\/eu\/oliba-oliozko-xanpua-250-ml\/#primaryimage","url":"https:\/\/cosmeticalixone.com\/wp-content\/uploads\/champu-aceite-oliva-avena-suave.jpg","contentUrl":"https:\/\/cosmeticalixone.com\/wp-content\/uploads\/champu-aceite-oliva-avena-suave.jpg","width":450,"height":450},{"@type":"BreadcrumbList","@id":"https:\/\/cosmeticalixone.com\/eu\/oliba-oliozko-xanpua-250-ml\/#breadcrumb","itemListElement":[{"@type":"ListItem","position":1,"name":"Home","item":"https:\/\/cosmeticalixone.com\/eu\/"},{"@type":"ListItem","position":2,"name":"Denda","item":"https:\/\/cosmeticalixone.com\/eu\/online-denda\/"},{"@type":"ListItem","position":3,"name":"Oliba-Oliozko XANPUA 250 ml"}]},{"@type":"WebSite","@id":"https:\/\/cosmeticalixone.com\/en\/#website","url":"https:\/\/cosmeticalixone.com\/en\/","name":"Lixon\u00e9","description":"Laboratorios LIXON\u00c9, nace en 1986 para dar respuesta a las necesidades Dermatol\u00f3gicas, de Cosm\u00e9tica e Higiene Personal, a trav\u00e9s de la fabricaci\u00f3n de productos naturales con extractos vegetales.","publisher":{"@id":"https:\/\/cosmeticalixone.com\/en\/#organization"},"potentialAction":[{"@type":"SearchAction","target":{"@type":"EntryPoint","urlTemplate":"https:\/\/cosmeticalixone.com\/en\/?s={search_term_string}"},"query-input":{"@type":"PropertyValueSpecification","valueRequired":true,"valueName":"search_term_string"}}],"inLanguage":"eu-ES"},{"@type":"Organization","@id":"https:\/\/cosmeticalixone.com\/en\/#organization","name":"LIXON\u00c9 - Cosm\u00e9tca Natural","url":"https:\/\/cosmeticalixone.com\/en\/","logo":{"@type":"ImageObject","inLanguage":"eu-ES","@id":"https:\/\/cosmeticalixone.com\/en\/#\/schema\/logo\/image\/","url":"https:\/\/cosmeticalixone.com\/wp-content\/uploads\/lixone-logo-peque\u00f1o.png","contentUrl":"https:\/\/cosmeticalixone.com\/wp-content\/uploads\/lixone-logo-peque\u00f1o.png","width":160,"height":71,"caption":"LIXON\u00c9 - Cosm\u00e9tca Natural"},"image":{"@id":"https:\/\/cosmeticalixone.com\/en\/#\/schema\/logo\/image\/"},"sameAs":["https:\/\/www.facebook.com\/cosmeticalixone","https:\/\/www.instagram.com\/cosmeticalixone\/"]}]}},"_links":{"self":[{"href":"https:\/\/cosmeticalixone.com\/eu\/wp-json\/wp\/v2\/product\/25157","targetHints":{"allow":["GET"]}}],"collection":[{"href":"https:\/\/cosmeticalixone.com\/eu\/wp-json\/wp\/v2\/product"}],"about":[{"href":"https:\/\/cosmeticalixone.com\/eu\/wp-json\/wp\/v2\/types\/product"}],"replies":[{"embeddable":true,"href":"https:\/\/cosmeticalixone.com\/eu\/wp-json\/wp\/v2\/comments?post=25157"}],"wp:featuredmedia":[{"embeddable":true,"href":"https:\/\/cosmeticalixone.com\/eu\/wp-json\/wp\/v2\/media\/36454"}],"wp:attachment":[{"href":"https:\/\/cosmeticalixone.com\/eu\/wp-json\/wp\/v2\/media?parent=25157"}],"wp:term":[{"taxonomy":"product_brand","embeddable":true,"href":"https:\/\/cosmeticalixone.com\/eu\/wp-json\/wp\/v2\/product_brand?post=25157"},{"taxonomy":"product_cat","embeddable":true,"href":"https:\/\/cosmeticalixone.com\/eu\/wp-json\/wp\/v2\/product_cat?post=25157"},{"taxonomy":"product_tag","embeddable":true,"href":"https:\/\/cosmeticalixone.com\/eu\/wp-json\/wp\/v2\/product_tag?post=25157"}],"curies":[{"name":"wp","href":"https:\/\/api.w.org\/{rel}","templated":true}]}}