{"id":28859,"date":"2017-07-12T11:03:21","date_gmt":"2017-07-12T09:03:21","guid":{"rendered":"http:\/\/cosmeticalixone.com\/kontaktua-eta-kokapena\/"},"modified":"2017-07-19T19:19:48","modified_gmt":"2017-07-19T17:19:48","slug":"kontaktua-eta-kokapena","status":"publish","type":"page","link":"https:\/\/cosmeticalixone.com\/eu\/kontaktua-eta-kokapena\/","title":{"rendered":"Kontaktua eta kokapena"},"content":{"rendered":"<div class=\"wpb-content-wrapper\"><p>[vc_row css=&#8221;.vc_custom_1458198557645{margin-bottom: 0px !important;}&#8221;][vc_column]<div class=\"clearboth\"><\/div><style>#thegem-divider-69da256ac936a {margin-top: 80px !important;}<\/style><div id=\"thegem-divider-69da256ac936a\" class=\"gem-divider  \" style=\"\" ><\/div><div class=\"centered-box gem-image-centered-box\" ><div class=\"gem-image gem-wrapbox gem-wrapbox-style-default gem-wrapbox-position-centered  thegem-custom-69da256ac93d26392\"  style=\"\" ><div class=\"gem-wrapbox-inner \" ><img class=\"gem-wrapbox-element img-responsive\" src=\"\" alt=\"\"\/><\/div><style type=\"text\/css\">.thegem-custom-69da256ac93d26392.gem-image a:hover img {filter: brightness( 100% ) contrast( 100% ) saturate( 100% ) blur( 0px ) hue-rotate( 0deg );}<\/style><\/div><\/div><div class=\"clearboth\"><\/div><style>#thegem-divider-69da256ac9689 {margin-top: 75px !important;}<\/style><div id=\"thegem-divider-69da256ac9689\" class=\"gem-divider  \" style=\"\" ><\/div>[vc_column_text]<\/p>\n<div class=\"title-h1\" style=\"text-align: center; color: #0086cb;\"><span class=\"light\">Lagun<\/span> zaitzakegu?<\/div>\n<p>[\/vc_column_text]<div class=\"clearboth\"><\/div><style>#thegem-divider-69da256ac96cc {margin-top: 45px !important;}<\/style><div id=\"thegem-divider-69da256ac96cc\" class=\"gem-divider  \" style=\"\" ><\/div>[vc_column_text]<\/p>\n<div class=\"styled-subtitle\" style=\"text-align: center;\">Izan dezakezun edozein kontsulta plazer handiz erantzungo dugu. Inolako konpromisorik gabe harremanetan jartzera gonbidatzen zaitugu, lehenbailehen erantzungo dizugu.<\/div>\n<p>[\/vc_column_text]<div class=\"clearboth\"><\/div><style>#thegem-divider-69da256ac9709 {margin-top: 75px !important;}<\/style><div id=\"thegem-divider-69da256ac9709\" class=\"gem-divider  \" style=\"\" ><\/div>[\/vc_column][\/vc_row][vc_row][vc_column width=&#8221;1\/2&#8243; offset=&#8221;vc_col-lg-4 vc_col-md-4&#8243;]<div class=\"gem-team row inline-row gem-team-style-4\" > <div class=\"col-xs-12 inline-column\"> <div id=\"post-23834\" class=\"team-person bordered-box post-23834 thegem_team_person type-thegem_team_person status-publish\" style=\" \"> <div class=\"team-person-info clearfix\"> <div class=\"team-person-name styled-subtitle\" >Laboratorios LIXON\u00c9<\/div> <div class=\"team-person-position date-color\" >Ibaiondo Industrigunea 11, 20150 Aduna (Gipuzkoa) ESPA\u00d1A<\/div> <div class=\"gem-styled-color-1\"><div class=\"team-person-phone title-h5\"><a href=\"tel:+34%20943%20691%20280\">+34 943 691 280<\/a><\/div><\/div> <div class=\"socials team-person-socials socials-colored-hover\"><a title=\"Facebook\" target=\"_blank\" href=\"https:\/\/www.facebook.com\/cosmeticalixone\" class=\"socials-item\"><i class=\"socials-item-icon social-item-rounded facebook\"><\/i><\/a><a title=\"Twitter (X)\" target=\"_blank\" href=\"https:\/\/twitter.com\/cosmeticalixone\" class=\"socials-item\"><i class=\"socials-item-icon social-item-rounded twitter\"><\/i><\/a><a title=\"Instagram\" target=\"_blank\" href=\"https:\/\/www.instagram.com\/cosmeticalixone\/\" class=\"socials-item\"><i class=\"socials-item-icon social-item-rounded instagram\"><\/i><\/a><\/div> <div class=\"team-person-email date-color\"><a class=\"date-color\" href=\"mailto:info@cosmeticalixone.com\" aria-label=\"Email\"><\/a><\/div> <\/div> <a class=\"team-person-link\" href=\"http:\/\/cosmeticalixone.com\/es\/\" target=\"_blank\" aria-label=\"Laboratorios LIXON\u00c9\"><\/a>\t<\/div> <\/div> <\/div>[\/vc_column][vc_column width=&#8221;1\/2&#8243; el_class=&#8221;contact-form-style-4&#8243; offset=&#8221;vc_col-lg-8 vc_col-md-8&#8243;]\n<div class=\"wpcf7 no-js\" id=\"wpcf7-f29007-o1\" lang=\"es-ES\" dir=\"ltr\" data-wpcf7-id=\"29007\">\n<div class=\"screen-reader-response\"><p role=\"status\" aria-live=\"polite\" aria-atomic=\"true\"><\/p> <ul><\/ul><\/div>\n<form action=\"\/eu\/wp-json\/wp\/v2\/pages\/28859#wpcf7-f29007-o1\" method=\"post\" class=\"wpcf7-form init wpcf7-acceptance-as-validation\" aria-label=\"Contact form\" novalidate=\"novalidate\" data-status=\"init\">\n<fieldset class=\"hidden-fields-container\"><legend class=\"screen-reader-text\">Hidden fields<\/legend><input type=\"hidden\" name=\"_wpcf7\" value=\"29007\" \/><input type=\"hidden\" name=\"_wpcf7_version\" value=\"6.1.5\" \/><input type=\"hidden\" name=\"_wpcf7_locale\" value=\"es_ES\" \/><input type=\"hidden\" name=\"_wpcf7_unit_tag\" value=\"wpcf7-f29007-o1\" \/><input type=\"hidden\" name=\"_wpcf7_container_post\" value=\"0\" \/><input type=\"hidden\" name=\"_wpcf7_posted_data_hash\" value=\"\" \/><input type=\"hidden\" name=\"_wpcf7_recaptcha_response\" value=\"\" \/>\n<\/fieldset>\n<div class='form-sidebar'>\n<p><span class=\"wpcf7-form-control-wrap\" data-name=\"nombre\"><input size=\"40\" maxlength=\"400\" class=\"wpcf7-form-control wpcf7-text wpcf7-validates-as-required\" aria-required=\"true\" aria-invalid=\"false\" placeholder=\"Izena*\" value=\"\" type=\"text\" name=\"nombre\" \/><\/span><\/p>\n\n<p><span class=\"wpcf7-form-control-wrap\" data-name=\"correo\"><input size=\"40\" maxlength=\"400\" class=\"wpcf7-form-control wpcf7-email wpcf7-validates-as-required wpcf7-text wpcf7-validates-as-email\" aria-required=\"true\" aria-invalid=\"false\" placeholder=\"Emaila*\" value=\"\" type=\"email\" name=\"correo\" \/><\/span> <\/p>\n\n<p><span class=\"wpcf7-form-control-wrap\" data-name=\"mensaje\"><textarea cols=\"40\" rows=\"6\" maxlength=\"2000\" class=\"wpcf7-form-control wpcf7-textarea wpcf7-validates-as-required\" aria-required=\"true\" aria-invalid=\"false\" placeholder=\"Mezua*\" name=\"mensaje\"><\/textarea><\/span> <\/p>\n\n<p><span class=\"wpcf7-form-control-wrap\" data-name=\"txapa-lopd\"><span class=\"wpcf7-form-control wpcf7-acceptance\"><span class=\"wpcf7-list-item\"><input type=\"checkbox\" name=\"txapa-lopd\" value=\"1\" aria-invalid=\"false\" \/><\/span><\/span><\/span> Onesten ditut <a href=\"http:\/\/cosmeticalixone.com\/eu\/lege-oharra\/\" target=\"_blank\" rel=\"nofollow\" rel=\"noindex\" title=\"Lege-oharra irakurri\">LIXON\u00c9ren lege-baldintzak<\/a>.<br\/>* Nahitaez onetsi behar dira lege-baldintzak formularioa bidaltzeko.<\/p>\n\n<p> <\/p>\n\n<input class=\"wpcf7-form-control wpcf7-submit has-spinner\" type=\"submit\" value=\"Bidali\" \/>\n<\/div><div class=\"wpcf7-response-output\" aria-hidden=\"true\"><\/div>\n<\/form>\n<\/div>\n[\/vc_column][\/vc_row][vc_row full_width=&#8221;stretch_row_content_no_spaces&#8221; css=&#8221;.vc_custom_1458141711301{margin-bottom: 0px !important;}&#8221;][vc_column css=&#8221;.vc_custom_1494612599492{margin-bottom: -40px !important;}&#8221;]<div class=\"gem-map-with-text\"><div class=\"gem-map-with-text-content\" style=\"\"><\/div><div class=\"gem-map-with-text-map\">[vc_gmaps link=\"#E-8_JTNDaWZyYW1lJTIwc3JjJTNEJTIyaHR0cHMlM0ElMkYlMkZ3d3cuZ29vZ2xlLmNvbSUyRm1hcHMlMkZlbWJlZCUzRnBiJTNEJTIxMW0xOCUyMTFtMTIlMjExbTMlMjExZDI5MDguNjA5NDM1MDgwMzEzMiUyMTJkLTIuMDU2OTM2OTg0NTE2OTg5NiUyMTNkNDMuMTk2NzA1Mjc5MTM5NiUyMTJtMyUyMTFmMCUyMTJmMCUyMTNmMCUyMTNtMiUyMTFpMTAyNCUyMTJpNzY4JTIxNGYxMy4xJTIxM20zJTIxMW0yJTIxMXMweGQ1MWIzOWQwZTUzZTY2OSUyNTNBMHhlZDlhMDY4ZGM4ZmVlOGEyJTIxMnNMaXhvbiUyNUMzJTI1QTklMkJDb3NtZXRpY3MlMjE1ZTAlMjEzbTIlMjExc2VzJTIxMnN1cyUyMTR2MTQ5NDYxMjIyNzM5MiUyMiUyMHdpZHRoJTNEJTIyMTAwJTI1JTIyJTIwaGVpZ2h0JTNEJTIyNjAwJTIyJTIwZnJhbWVib3JkZXIlM0QlMjIwJTIyJTIwc3R5bGUlM0QlMjJib3JkZXIlM0EwJTIyJTIwYWxsb3dmdWxsc2NyZWVuJTNFJTNDJTJGaWZyYW1lJTNF\" size=\"660\" disable_scroll=\"1\" hide_title=\"1\"]<\/div><\/div>[\/vc_column][\/vc_row]<\/p>\n<\/div>","protected":false},"excerpt":{"rendered":"<p>[vc_row css=&#8221;.vc_custom_1458198557645{margin-bottom: 0px !important;}&#8221;][vc_column][vc_column_text] Lagun zaitzakegu? [\/vc_column_text][vc_column_text] Izan dezakezun edozein kontsulta plazer handiz erantzungo dugu. Inolako konpromisorik gabe harremanetan jartzera&#8230;<\/p>\n","protected":false},"author":1,"featured_media":0,"parent":0,"menu_order":5,"comment_status":"closed","ping_status":"closed","template":"","meta":{"footnotes":""},"class_list":["post-28859","page","type-page","status-publish"],"yoast_head":"<!-- This site is optimized with the Yoast SEO plugin v27.3 - https:\/\/yoast.com\/product\/yoast-seo-wordpress\/ -->\n<title>Kontaktua eta kokapena - Lixon\u00e9<\/title>\n<meta name=\"robots\" content=\"noindex, follow\" \/>\n<meta property=\"og:locale\" content=\"eu_ES\" \/>\n<meta property=\"og:type\" content=\"article\" \/>\n<meta property=\"og:title\" content=\"Kontaktua eta kokapena - Lixon\u00e9\" \/>\n<meta property=\"og:description\" content=\"[vc_row css=&#8221;.vc_custom_1458198557645{margin-bottom: 0px !important;}&#8221;][vc_column][vc_column_text] Lagun zaitzakegu? [\/vc_column_text][vc_column_text] Izan dezakezun edozein kontsulta plazer handiz erantzungo dugu. Inolako konpromisorik gabe harremanetan jartzera...\" \/>\n<meta property=\"og:url\" content=\"https:\/\/cosmeticalixone.com\/eu\/kontaktua-eta-kokapena\/\" \/>\n<meta property=\"og:site_name\" content=\"Lixon\u00e9\" \/>\n<meta property=\"article:publisher\" content=\"https:\/\/www.facebook.com\/cosmeticalixone\" \/>\n<meta property=\"article:modified_time\" content=\"2017-07-19T17:19:48+00:00\" \/>\n<meta name=\"twitter:card\" content=\"summary_large_image\" \/>\n<meta name=\"twitter:label1\" content=\"Est. reading time\" \/>\n\t<meta name=\"twitter:data1\" content=\"1 minute\" \/>\n<script type=\"application\/ld+json\" class=\"yoast-schema-graph\">{\"@context\":\"https:\\\/\\\/schema.org\",\"@graph\":[{\"@type\":\"WebPage\",\"@id\":\"https:\\\/\\\/cosmeticalixone.com\\\/eu\\\/kontaktua-eta-kokapena\\\/\",\"url\":\"https:\\\/\\\/cosmeticalixone.com\\\/eu\\\/kontaktua-eta-kokapena\\\/\",\"name\":\"Kontaktua eta kokapena - Lixon\u00e9\",\"isPartOf\":{\"@id\":\"https:\\\/\\\/cosmeticalixone.com\\\/en\\\/#website\"},\"datePublished\":\"2017-07-12T09:03:21+00:00\",\"dateModified\":\"2017-07-19T17:19:48+00:00\",\"breadcrumb\":{\"@id\":\"https:\\\/\\\/cosmeticalixone.com\\\/eu\\\/kontaktua-eta-kokapena\\\/#breadcrumb\"},\"inLanguage\":\"eu-ES\",\"potentialAction\":[{\"@type\":\"ReadAction\",\"target\":[\"https:\\\/\\\/cosmeticalixone.com\\\/eu\\\/kontaktua-eta-kokapena\\\/\"]}]},{\"@type\":\"BreadcrumbList\",\"@id\":\"https:\\\/\\\/cosmeticalixone.com\\\/eu\\\/kontaktua-eta-kokapena\\\/#breadcrumb\",\"itemListElement\":[{\"@type\":\"ListItem\",\"position\":1,\"name\":\"Home\",\"item\":\"https:\\\/\\\/cosmeticalixone.com\\\/eu\\\/\"},{\"@type\":\"ListItem\",\"position\":2,\"name\":\"Kontaktua eta kokapena\"}]},{\"@type\":\"WebSite\",\"@id\":\"https:\\\/\\\/cosmeticalixone.com\\\/en\\\/#website\",\"url\":\"https:\\\/\\\/cosmeticalixone.com\\\/en\\\/\",\"name\":\"Lixon\u00e9\",\"description\":\"Laboratorios LIXON\u00c9, nace en 1986 para dar respuesta a las necesidades Dermatol\u00f3gicas, de Cosm\u00e9tica e Higiene Personal, a trav\u00e9s de la fabricaci\u00f3n de productos naturales con extractos vegetales.\",\"publisher\":{\"@id\":\"https:\\\/\\\/cosmeticalixone.com\\\/en\\\/#organization\"},\"potentialAction\":[{\"@type\":\"SearchAction\",\"target\":{\"@type\":\"EntryPoint\",\"urlTemplate\":\"https:\\\/\\\/cosmeticalixone.com\\\/en\\\/?s={search_term_string}\"},\"query-input\":{\"@type\":\"PropertyValueSpecification\",\"valueRequired\":true,\"valueName\":\"search_term_string\"}}],\"inLanguage\":\"eu-ES\"},{\"@type\":\"Organization\",\"@id\":\"https:\\\/\\\/cosmeticalixone.com\\\/en\\\/#organization\",\"name\":\"LIXON\u00c9 - Cosm\u00e9tca Natural\",\"url\":\"https:\\\/\\\/cosmeticalixone.com\\\/en\\\/\",\"logo\":{\"@type\":\"ImageObject\",\"inLanguage\":\"eu-ES\",\"@id\":\"https:\\\/\\\/cosmeticalixone.com\\\/en\\\/#\\\/schema\\\/logo\\\/image\\\/\",\"url\":\"https:\\\/\\\/cosmeticalixone.com\\\/wp-content\\\/uploads\\\/lixone-logo-peque\u00f1o.png\",\"contentUrl\":\"https:\\\/\\\/cosmeticalixone.com\\\/wp-content\\\/uploads\\\/lixone-logo-peque\u00f1o.png\",\"width\":160,\"height\":71,\"caption\":\"LIXON\u00c9 - Cosm\u00e9tca Natural\"},\"image\":{\"@id\":\"https:\\\/\\\/cosmeticalixone.com\\\/en\\\/#\\\/schema\\\/logo\\\/image\\\/\"},\"sameAs\":[\"https:\\\/\\\/www.facebook.com\\\/cosmeticalixone\",\"https:\\\/\\\/www.instagram.com\\\/cosmeticalixone\\\/\"]}]}<\/script>\n<!-- \/ Yoast SEO plugin. -->","yoast_head_json":{"title":"Kontaktua eta kokapena - Lixon\u00e9","robots":{"index":"noindex","follow":"follow"},"og_locale":"eu_ES","og_type":"article","og_title":"Kontaktua eta kokapena - Lixon\u00e9","og_description":"[vc_row css=&#8221;.vc_custom_1458198557645{margin-bottom: 0px !important;}&#8221;][vc_column][vc_column_text] Lagun zaitzakegu? [\/vc_column_text][vc_column_text] Izan dezakezun edozein kontsulta plazer handiz erantzungo dugu. Inolako konpromisorik gabe harremanetan jartzera...","og_url":"https:\/\/cosmeticalixone.com\/eu\/kontaktua-eta-kokapena\/","og_site_name":"Lixon\u00e9","article_publisher":"https:\/\/www.facebook.com\/cosmeticalixone","article_modified_time":"2017-07-19T17:19:48+00:00","twitter_card":"summary_large_image","twitter_misc":{"Est. reading time":"1 minute"},"schema":{"@context":"https:\/\/schema.org","@graph":[{"@type":"WebPage","@id":"https:\/\/cosmeticalixone.com\/eu\/kontaktua-eta-kokapena\/","url":"https:\/\/cosmeticalixone.com\/eu\/kontaktua-eta-kokapena\/","name":"Kontaktua eta kokapena - Lixon\u00e9","isPartOf":{"@id":"https:\/\/cosmeticalixone.com\/en\/#website"},"datePublished":"2017-07-12T09:03:21+00:00","dateModified":"2017-07-19T17:19:48+00:00","breadcrumb":{"@id":"https:\/\/cosmeticalixone.com\/eu\/kontaktua-eta-kokapena\/#breadcrumb"},"inLanguage":"eu-ES","potentialAction":[{"@type":"ReadAction","target":["https:\/\/cosmeticalixone.com\/eu\/kontaktua-eta-kokapena\/"]}]},{"@type":"BreadcrumbList","@id":"https:\/\/cosmeticalixone.com\/eu\/kontaktua-eta-kokapena\/#breadcrumb","itemListElement":[{"@type":"ListItem","position":1,"name":"Home","item":"https:\/\/cosmeticalixone.com\/eu\/"},{"@type":"ListItem","position":2,"name":"Kontaktua eta kokapena"}]},{"@type":"WebSite","@id":"https:\/\/cosmeticalixone.com\/en\/#website","url":"https:\/\/cosmeticalixone.com\/en\/","name":"Lixon\u00e9","description":"Laboratorios LIXON\u00c9, nace en 1986 para dar respuesta a las necesidades Dermatol\u00f3gicas, de Cosm\u00e9tica e Higiene Personal, a trav\u00e9s de la fabricaci\u00f3n de productos naturales con extractos vegetales.","publisher":{"@id":"https:\/\/cosmeticalixone.com\/en\/#organization"},"potentialAction":[{"@type":"SearchAction","target":{"@type":"EntryPoint","urlTemplate":"https:\/\/cosmeticalixone.com\/en\/?s={search_term_string}"},"query-input":{"@type":"PropertyValueSpecification","valueRequired":true,"valueName":"search_term_string"}}],"inLanguage":"eu-ES"},{"@type":"Organization","@id":"https:\/\/cosmeticalixone.com\/en\/#organization","name":"LIXON\u00c9 - Cosm\u00e9tca Natural","url":"https:\/\/cosmeticalixone.com\/en\/","logo":{"@type":"ImageObject","inLanguage":"eu-ES","@id":"https:\/\/cosmeticalixone.com\/en\/#\/schema\/logo\/image\/","url":"https:\/\/cosmeticalixone.com\/wp-content\/uploads\/lixone-logo-peque\u00f1o.png","contentUrl":"https:\/\/cosmeticalixone.com\/wp-content\/uploads\/lixone-logo-peque\u00f1o.png","width":160,"height":71,"caption":"LIXON\u00c9 - Cosm\u00e9tca Natural"},"image":{"@id":"https:\/\/cosmeticalixone.com\/en\/#\/schema\/logo\/image\/"},"sameAs":["https:\/\/www.facebook.com\/cosmeticalixone","https:\/\/www.instagram.com\/cosmeticalixone\/"]}]}},"_links":{"self":[{"href":"https:\/\/cosmeticalixone.com\/eu\/wp-json\/wp\/v2\/pages\/28859","targetHints":{"allow":["GET"]}}],"collection":[{"href":"https:\/\/cosmeticalixone.com\/eu\/wp-json\/wp\/v2\/pages"}],"about":[{"href":"https:\/\/cosmeticalixone.com\/eu\/wp-json\/wp\/v2\/types\/page"}],"author":[{"embeddable":true,"href":"https:\/\/cosmeticalixone.com\/eu\/wp-json\/wp\/v2\/users\/1"}],"replies":[{"embeddable":true,"href":"https:\/\/cosmeticalixone.com\/eu\/wp-json\/wp\/v2\/comments?post=28859"}],"version-history":[{"count":0,"href":"https:\/\/cosmeticalixone.com\/eu\/wp-json\/wp\/v2\/pages\/28859\/revisions"}],"wp:attachment":[{"href":"https:\/\/cosmeticalixone.com\/eu\/wp-json\/wp\/v2\/media?parent=28859"}],"curies":[{"name":"wp","href":"https:\/\/api.w.org\/{rel}","templated":true}]}}