{"id":28157,"date":"2017-06-04T21:07:39","date_gmt":"2017-06-04T19:07:39","guid":{"rendered":"http:\/\/cosmeticalixone.com\/ordainketa-erak\/"},"modified":"2017-07-12T20:40:09","modified_gmt":"2017-07-12T18:40:09","slug":"ordainketa-erak","status":"publish","type":"page","link":"https:\/\/cosmeticalixone.com\/eu\/ordainketa-erak\/","title":{"rendered":"Ordainketa erak"},"content":{"rendered":"<div class=\"wpb-content-wrapper\"><p>[vc_row][vc_column][vc_custom_heading text=&#8221;Erosketak nola ordain ditzaket?&#8221; font_container=&#8221;tag:h3|font_size:32|text_align:left|color:%230086cb&#8221; use_theme_fonts=&#8221;yes&#8221;][vc_column_text]Ordaintzeko bi modu daude: Transferentzia eta Visa edo Mastercard Txartelen bitartez.<\/p>\n<h4>Transferentzia<\/h4>\n<p>Transferentzia edo banku diru-sarrera, zure erosketa amaitzerakoan adieraziko zaizun kontu korronteko zenbakian eskariaren zenbateko osoa ordainduz.<\/p>\n<p>Oso garrantzitsua da igorle edo agindu-emaile eremuan zure erosketa amaitzerakoan zehazten dizugun eskariaren erreferentzia adieraztea ere.<\/p>\n<p>Zure eskaria burutu ondoren transferentzia agintzeko 4 egun balioduneko epea duzu. Gure banketxetik diru-sarreraren baieztapena jaso bezain laster zure eskaria aktibatuko dugu. Transferentzia agintzen denetik guk baieztapena jaso artean 24 eta 48 ordu artean igarotzea ohikoa da, hau kontutan izan behar duzularik zure paketea noiz jasoko duzun kalkulatzerako garaian.<\/p>\n<p>Hala nahi baduzu, transferentziaren ordainagiria e-mailez bidal diezagukezu info@cosmeticalixone.com-era. Baina, dena den, gure administrazio departamentuak banketxearen baieztapena izan artean, eskaria ez da efektibotzat joko.<\/p>\n<h4>Kreditu-txartela<\/h4>\n<p>Eskaria formalizatzeko eta dagokion zenbatekoa ordaintzeko, gure aldetik kontrataturiko finantza-erakundearen pasarelara (Banco SABADELL) guztiz ziurra den berhelbideraketa egiten da. Banku-datuak beti zuzenki banketxera transferitzen dira (Lixon\u00e9k ez du prozesu honetan parte hartzen) pasarela eta zerbitzari ziurren bitartez. Erosketa finantza-erakundean amaitu ondoren cosmeticalixone.com orrira itzuliko zara.<\/p>\n<p>Bezeroak erosketetarako erabilitako txartelan izandako edozein okerreko edo iruzurrezko zordunketa Lixon\u00e9ko taldeari jakinarazi beharko dio, emailez edo telefonoz, ahalik eta eperik laburrenean, Lixon\u00e9ko taldeak burutu behar dituen beharrezko kudeaketak egin ahal izateko.[\/vc_column_text][\/vc_column][\/vc_row]<\/p>\n<\/div>","protected":false},"excerpt":{"rendered":"<p>[vc_row][vc_column][vc_custom_heading text=&#8221;Erosketak nola ordain ditzaket?&#8221; font_container=&#8221;tag:h3|font_size:32|text_align:left|color:%230086cb&#8221; use_theme_fonts=&#8221;yes&#8221;][vc_column_text]Ordaintzeko bi modu daude: Transferentzia eta Visa edo Mastercard Txartelen bitartez. Transferentzia Transferentzia edo&#8230;<\/p>\n","protected":false},"author":1,"featured_media":0,"parent":0,"menu_order":12,"comment_status":"closed","ping_status":"closed","template":"","meta":{"footnotes":""},"class_list":["post-28157","page","type-page","status-publish"],"yoast_head":"<!-- This site is optimized with the Yoast SEO plugin v27.4 - https:\/\/yoast.com\/product\/yoast-seo-wordpress\/ -->\n<title>Ordainketa erak - Lixon\u00e9<\/title>\n<meta name=\"robots\" content=\"noindex, follow\" \/>\n<meta property=\"og:locale\" content=\"eu_ES\" \/>\n<meta property=\"og:type\" content=\"article\" \/>\n<meta property=\"og:title\" content=\"Ordainketa erak - Lixon\u00e9\" \/>\n<meta property=\"og:description\" content=\"[vc_row][vc_column][vc_custom_heading text=&#8221;Erosketak nola ordain ditzaket?&#8221; font_container=&#8221;tag:h3|font_size:32|text_align:left|color:%230086cb&#8221; use_theme_fonts=&#8221;yes&#8221;][vc_column_text]Ordaintzeko bi modu daude: Transferentzia eta Visa edo Mastercard Txartelen bitartez. Transferentzia Transferentzia edo...\" \/>\n<meta property=\"og:url\" content=\"https:\/\/cosmeticalixone.com\/eu\/ordainketa-erak\/\" \/>\n<meta property=\"og:site_name\" content=\"Lixon\u00e9\" \/>\n<meta property=\"article:publisher\" content=\"https:\/\/www.facebook.com\/cosmeticalixone\" \/>\n<meta property=\"article:modified_time\" content=\"2017-07-12T18:40:09+00:00\" \/>\n<meta name=\"twitter:card\" content=\"summary_large_image\" \/>\n<meta name=\"twitter:label1\" content=\"Est. reading time\" \/>\n\t<meta name=\"twitter:data1\" content=\"1 minute\" \/>\n<script type=\"application\/ld+json\" class=\"yoast-schema-graph\">{\"@context\":\"https:\\\/\\\/schema.org\",\"@graph\":[{\"@type\":\"WebPage\",\"@id\":\"https:\\\/\\\/cosmeticalixone.com\\\/eu\\\/ordainketa-erak\\\/\",\"url\":\"https:\\\/\\\/cosmeticalixone.com\\\/eu\\\/ordainketa-erak\\\/\",\"name\":\"Ordainketa erak - Lixon\u00e9\",\"isPartOf\":{\"@id\":\"https:\\\/\\\/cosmeticalixone.com\\\/en\\\/#website\"},\"datePublished\":\"2017-06-04T19:07:39+00:00\",\"dateModified\":\"2017-07-12T18:40:09+00:00\",\"breadcrumb\":{\"@id\":\"https:\\\/\\\/cosmeticalixone.com\\\/eu\\\/ordainketa-erak\\\/#breadcrumb\"},\"inLanguage\":\"eu-ES\",\"potentialAction\":[{\"@type\":\"ReadAction\",\"target\":[\"https:\\\/\\\/cosmeticalixone.com\\\/eu\\\/ordainketa-erak\\\/\"]}]},{\"@type\":\"BreadcrumbList\",\"@id\":\"https:\\\/\\\/cosmeticalixone.com\\\/eu\\\/ordainketa-erak\\\/#breadcrumb\",\"itemListElement\":[{\"@type\":\"ListItem\",\"position\":1,\"name\":\"Home\",\"item\":\"https:\\\/\\\/cosmeticalixone.com\\\/eu\\\/\"},{\"@type\":\"ListItem\",\"position\":2,\"name\":\"Ordainketa erak\"}]},{\"@type\":\"WebSite\",\"@id\":\"https:\\\/\\\/cosmeticalixone.com\\\/en\\\/#website\",\"url\":\"https:\\\/\\\/cosmeticalixone.com\\\/en\\\/\",\"name\":\"Lixon\u00e9\",\"description\":\"Laboratorios LIXON\u00c9, nace en 1986 para dar respuesta a las necesidades Dermatol\u00f3gicas, de Cosm\u00e9tica e Higiene Personal, a trav\u00e9s de la fabricaci\u00f3n de productos naturales con extractos vegetales.\",\"publisher\":{\"@id\":\"https:\\\/\\\/cosmeticalixone.com\\\/en\\\/#organization\"},\"potentialAction\":[{\"@type\":\"SearchAction\",\"target\":{\"@type\":\"EntryPoint\",\"urlTemplate\":\"https:\\\/\\\/cosmeticalixone.com\\\/en\\\/?s={search_term_string}\"},\"query-input\":{\"@type\":\"PropertyValueSpecification\",\"valueRequired\":true,\"valueName\":\"search_term_string\"}}],\"inLanguage\":\"eu-ES\"},{\"@type\":\"Organization\",\"@id\":\"https:\\\/\\\/cosmeticalixone.com\\\/en\\\/#organization\",\"name\":\"LIXON\u00c9 - Cosm\u00e9tca Natural\",\"url\":\"https:\\\/\\\/cosmeticalixone.com\\\/en\\\/\",\"logo\":{\"@type\":\"ImageObject\",\"inLanguage\":\"eu-ES\",\"@id\":\"https:\\\/\\\/cosmeticalixone.com\\\/en\\\/#\\\/schema\\\/logo\\\/image\\\/\",\"url\":\"https:\\\/\\\/cosmeticalixone.com\\\/wp-content\\\/uploads\\\/lixone-logo-peque\u00f1o.png\",\"contentUrl\":\"https:\\\/\\\/cosmeticalixone.com\\\/wp-content\\\/uploads\\\/lixone-logo-peque\u00f1o.png\",\"width\":160,\"height\":71,\"caption\":\"LIXON\u00c9 - Cosm\u00e9tca Natural\"},\"image\":{\"@id\":\"https:\\\/\\\/cosmeticalixone.com\\\/en\\\/#\\\/schema\\\/logo\\\/image\\\/\"},\"sameAs\":[\"https:\\\/\\\/www.facebook.com\\\/cosmeticalixone\",\"https:\\\/\\\/www.instagram.com\\\/cosmeticalixone\\\/\"]}]}<\/script>\n<!-- \/ Yoast SEO plugin. -->","yoast_head_json":{"title":"Ordainketa erak - Lixon\u00e9","robots":{"index":"noindex","follow":"follow"},"og_locale":"eu_ES","og_type":"article","og_title":"Ordainketa erak - Lixon\u00e9","og_description":"[vc_row][vc_column][vc_custom_heading text=&#8221;Erosketak nola ordain ditzaket?&#8221; font_container=&#8221;tag:h3|font_size:32|text_align:left|color:%230086cb&#8221; use_theme_fonts=&#8221;yes&#8221;][vc_column_text]Ordaintzeko bi modu daude: Transferentzia eta Visa edo Mastercard Txartelen bitartez. Transferentzia Transferentzia edo...","og_url":"https:\/\/cosmeticalixone.com\/eu\/ordainketa-erak\/","og_site_name":"Lixon\u00e9","article_publisher":"https:\/\/www.facebook.com\/cosmeticalixone","article_modified_time":"2017-07-12T18:40:09+00:00","twitter_card":"summary_large_image","twitter_misc":{"Est. reading time":"1 minute"},"schema":{"@context":"https:\/\/schema.org","@graph":[{"@type":"WebPage","@id":"https:\/\/cosmeticalixone.com\/eu\/ordainketa-erak\/","url":"https:\/\/cosmeticalixone.com\/eu\/ordainketa-erak\/","name":"Ordainketa erak - Lixon\u00e9","isPartOf":{"@id":"https:\/\/cosmeticalixone.com\/en\/#website"},"datePublished":"2017-06-04T19:07:39+00:00","dateModified":"2017-07-12T18:40:09+00:00","breadcrumb":{"@id":"https:\/\/cosmeticalixone.com\/eu\/ordainketa-erak\/#breadcrumb"},"inLanguage":"eu-ES","potentialAction":[{"@type":"ReadAction","target":["https:\/\/cosmeticalixone.com\/eu\/ordainketa-erak\/"]}]},{"@type":"BreadcrumbList","@id":"https:\/\/cosmeticalixone.com\/eu\/ordainketa-erak\/#breadcrumb","itemListElement":[{"@type":"ListItem","position":1,"name":"Home","item":"https:\/\/cosmeticalixone.com\/eu\/"},{"@type":"ListItem","position":2,"name":"Ordainketa erak"}]},{"@type":"WebSite","@id":"https:\/\/cosmeticalixone.com\/en\/#website","url":"https:\/\/cosmeticalixone.com\/en\/","name":"Lixon\u00e9","description":"Laboratorios LIXON\u00c9, nace en 1986 para dar respuesta a las necesidades Dermatol\u00f3gicas, de Cosm\u00e9tica e Higiene Personal, a trav\u00e9s de la fabricaci\u00f3n de productos naturales con extractos vegetales.","publisher":{"@id":"https:\/\/cosmeticalixone.com\/en\/#organization"},"potentialAction":[{"@type":"SearchAction","target":{"@type":"EntryPoint","urlTemplate":"https:\/\/cosmeticalixone.com\/en\/?s={search_term_string}"},"query-input":{"@type":"PropertyValueSpecification","valueRequired":true,"valueName":"search_term_string"}}],"inLanguage":"eu-ES"},{"@type":"Organization","@id":"https:\/\/cosmeticalixone.com\/en\/#organization","name":"LIXON\u00c9 - Cosm\u00e9tca Natural","url":"https:\/\/cosmeticalixone.com\/en\/","logo":{"@type":"ImageObject","inLanguage":"eu-ES","@id":"https:\/\/cosmeticalixone.com\/en\/#\/schema\/logo\/image\/","url":"https:\/\/cosmeticalixone.com\/wp-content\/uploads\/lixone-logo-peque\u00f1o.png","contentUrl":"https:\/\/cosmeticalixone.com\/wp-content\/uploads\/lixone-logo-peque\u00f1o.png","width":160,"height":71,"caption":"LIXON\u00c9 - Cosm\u00e9tca Natural"},"image":{"@id":"https:\/\/cosmeticalixone.com\/en\/#\/schema\/logo\/image\/"},"sameAs":["https:\/\/www.facebook.com\/cosmeticalixone","https:\/\/www.instagram.com\/cosmeticalixone\/"]}]}},"_links":{"self":[{"href":"https:\/\/cosmeticalixone.com\/eu\/wp-json\/wp\/v2\/pages\/28157","targetHints":{"allow":["GET"]}}],"collection":[{"href":"https:\/\/cosmeticalixone.com\/eu\/wp-json\/wp\/v2\/pages"}],"about":[{"href":"https:\/\/cosmeticalixone.com\/eu\/wp-json\/wp\/v2\/types\/page"}],"author":[{"embeddable":true,"href":"https:\/\/cosmeticalixone.com\/eu\/wp-json\/wp\/v2\/users\/1"}],"replies":[{"embeddable":true,"href":"https:\/\/cosmeticalixone.com\/eu\/wp-json\/wp\/v2\/comments?post=28157"}],"version-history":[{"count":0,"href":"https:\/\/cosmeticalixone.com\/eu\/wp-json\/wp\/v2\/pages\/28157\/revisions"}],"wp:attachment":[{"href":"https:\/\/cosmeticalixone.com\/eu\/wp-json\/wp\/v2\/media?parent=28157"}],"curies":[{"name":"wp","href":"https:\/\/api.w.org\/{rel}","templated":true}]}}