{"id":28103,"date":"2017-06-04T19:44:19","date_gmt":"2017-06-04T17:44:19","guid":{"rendered":"http:\/\/cosmeticalixone.com\/bidalketak\/"},"modified":"2017-07-12T20:40:00","modified_gmt":"2017-07-12T18:40:00","slug":"bidalketak","status":"publish","type":"page","link":"https:\/\/cosmeticalixone.com\/eu\/bidalketak\/","title":{"rendered":"Bidalketak"},"content":{"rendered":"<div class=\"wpb-content-wrapper\"><p>[vc_row][vc_column][vc_custom_heading text=&#8221;Bidalketak nora egiten dira?&#8221; font_container=&#8221;tag:h3|font_size:32|text_align:left|color:%230086cb&#8221; use_theme_fonts=&#8221;yes&#8221;][vc_column_text]Momentuz, online dendaren bitartez Penintsulan saltzen dugu. Gainontzeko Espainia eta beste herrialdeetarako info@cosmeticalixone.com-ekin harremanetan jar zaitez.[\/vc_column_text][vc_custom_heading text=&#8221;Zein da bidalketa-gastuen zenbatekoa?&#8221; font_container=&#8221;tag:h3|font_size:32|text_align:left|color:%230086cb&#8221; use_theme_fonts=&#8221;yes&#8221;][vc_column_text]Bidalketa-gastuak doakoak dira baldin eta eskariaren zenbatekoa 35 \u20ac baino gehiagokoa bada. Zure Erosketa-Orgatxoan automatikoki kalkulatzen da eta uneoro jakingo duzu hau ordaindu behar duzun.<\/p>\n<h5>* Penintsulara bidalketa:<\/h5>\n<p>Bidalketa gastuak 5 \u20ac-takoa izango da, zure eskaria ez bada doako bidalketaren baldintzetara lotzen.<\/p>\n<h5>* Penintsulatik kanpoko bidalketa-gastuak:<\/h5>\n<p>Bidalketa-gastuak zenbait faktoreren menpe daude: pisua, bolumena, bidalketarako tokia eta produktu(ar)en zenbatekoa. Beraz, eskaria zuzenki info@cosmeticalixone.com helbidean bideratu behar da.[\/vc_column_text][vc_custom_heading text=&#8221;Erosketa noiz iritsiko zait?&#8221; font_container=&#8221;tag:h3|font_size:32|text_align:left|color:%230086cb&#8221; use_theme_fonts=&#8221;yes&#8221;][vc_column_text]48-72 ordutako epe batetan (2016ko abenduaren 20tik 2017ko urtarrilaren 9ra bitarte izan ezin, non epea 5-7 lanegun bitartera luzatzen den). Eskarien izapidea astelehenetik ostirala bitarteko 12:00ak arte da (jaiegunetan ez). 12:00etatik aurrerako eskariak hurrengo egunean izango dira tramitatuak. Kontutan izan behar da epeak, festa lokal edo nazionalengatik, aldatuak izan daitezkela. Eta gogora ezazu, ordaintzeko modua bezala banku-transferentzia aukeratu baduzu, bidalketaren izapidea ez da egingo banketxearen aldetik transferentziaren baieztapena eduki arte.[\/vc_column_text][vc_custom_heading text=&#8221;Eskari bat nire bezero-datuekiko ezberdina den helbide batetara bidali behar dut, posible al da?&#8221; font_container=&#8221;tag:h3|font_size:32|text_align:left|color:%230086cb&#8221; use_theme_fonts=&#8221;yes&#8221;][vc_column_text]Bai. Erosketa-prozesuan zehar bidalketa-datuak eskatuko zaizkizu. Besterik adierazi ezean, zure bezero-fitxan adierazi zenuena azalduko da, baina hauek eskari bakoitzean alda ditzakezu, hala nahi baduzu.[\/vc_column_text][vc_custom_heading text=&#8221;Eskari bat egin dezaket eta enpresa baten datuekin fakturatu?&#8221; font_container=&#8221;tag:h3|font_size:32|text_align:left|color:%230086cb&#8221; use_theme_fonts=&#8221;yes&#8221;][vc_column_text]Ez dago inongo arazorik, baina kasu honetan enpresa bezero berria bezala izen eman behar duzula kontutan izan, oraindik alta hartuta ez badago, eta eskaria enpresa honetako kontuarekin egin beharko duzu. Modu honetan, automatikoki enpresako datuekin fakturatuko da.[\/vc_column_text][vc_custom_heading text=&#8221;Eskaria egiten dudanean, faktura jasoko dut?&#8221; font_container=&#8221;tag:h3|font_size:32|text_align:left|color:%230086cb&#8221; use_theme_fonts=&#8221;yes&#8221;][vc_column_text]Eskariarekin batera faktura eransten da, hala nahi baduzu, faktura posta-elektronikoz bidal diezazukegu PDF formatoan zure bezero-fitxan adierazitako helbidera.[\/vc_column_text][vc_custom_heading text=&#8221;Entrega-ordu jakin bat zehaztu dezaket?&#8221; font_container=&#8221;tag:h3|font_size:32|text_align:left|color:%230086cb&#8221; use_theme_fonts=&#8221;yes&#8221;][vc_column_text]Erosketa-prozesuan zehar, nahiago duzun ordutegia zehaztu dezakezu \u201cgarraio-agentziarentzako oharrak\u201d dagokion laukian. Dena den, ezin dugu bermatu ordutegi zehatzetan egingo denik entrega, mezularitza-enpresek aurrez zehaztutako eta aldatzerik ez dituzten ibilbideak bait dituzte, adibiez, zona batetatik goizetan pasatzen badira, arratsaldeko ordutegian entrega egitea oso zaila izango da. Kasu hauetan hoberena entrega egiteko helbide ezberdin bat zehaztea da, ordutegiarekin arazorik ez duzun tokia.[\/vc_column_text][\/vc_column][\/vc_row]<\/p>\n<\/div>","protected":false},"excerpt":{"rendered":"<p>[vc_row][vc_column][vc_custom_heading text=&#8221;Bidalketak nora egiten dira?&#8221; font_container=&#8221;tag:h3|font_size:32|text_align:left|color:%230086cb&#8221; use_theme_fonts=&#8221;yes&#8221;][vc_column_text]Momentuz, online dendaren bitartez Penintsulan saltzen dugu. Gainontzeko Espainia eta beste herrialdeetarako info@cosmeticalixone.com-ekin harremanetan&#8230;<\/p>\n","protected":false},"author":1,"featured_media":0,"parent":0,"menu_order":11,"comment_status":"closed","ping_status":"closed","template":"","meta":{"footnotes":""},"class_list":["post-28103","page","type-page","status-publish"],"yoast_head":"<!-- This site is optimized with the Yoast SEO plugin v27.5 - https:\/\/yoast.com\/product\/yoast-seo-wordpress\/ -->\n<title>Bidalketak - Lixon\u00e9<\/title>\n<meta name=\"robots\" content=\"noindex, follow\" \/>\n<meta property=\"og:locale\" content=\"eu_ES\" \/>\n<meta property=\"og:type\" content=\"article\" \/>\n<meta property=\"og:title\" content=\"Bidalketak - Lixon\u00e9\" \/>\n<meta property=\"og:description\" content=\"[vc_row][vc_column][vc_custom_heading text=&#8221;Bidalketak nora egiten dira?&#8221; font_container=&#8221;tag:h3|font_size:32|text_align:left|color:%230086cb&#8221; use_theme_fonts=&#8221;yes&#8221;][vc_column_text]Momentuz, online dendaren bitartez Penintsulan saltzen dugu. Gainontzeko Espainia eta beste herrialdeetarako info@cosmeticalixone.com-ekin harremanetan...\" \/>\n<meta property=\"og:url\" content=\"https:\/\/cosmeticalixone.com\/eu\/bidalketak\/\" \/>\n<meta property=\"og:site_name\" content=\"Lixon\u00e9\" \/>\n<meta property=\"article:publisher\" content=\"https:\/\/www.facebook.com\/cosmeticalixone\" \/>\n<meta property=\"article:modified_time\" content=\"2017-07-12T18:40:00+00:00\" \/>\n<meta name=\"twitter:card\" content=\"summary_large_image\" \/>\n<meta name=\"twitter:label1\" content=\"Est. reading time\" \/>\n\t<meta name=\"twitter:data1\" content=\"3 minutes\" \/>\n<script type=\"application\/ld+json\" class=\"yoast-schema-graph\">{\"@context\":\"https:\\\/\\\/schema.org\",\"@graph\":[{\"@type\":\"WebPage\",\"@id\":\"https:\\\/\\\/cosmeticalixone.com\\\/eu\\\/bidalketak\\\/\",\"url\":\"https:\\\/\\\/cosmeticalixone.com\\\/eu\\\/bidalketak\\\/\",\"name\":\"Bidalketak - Lixon\u00e9\",\"isPartOf\":{\"@id\":\"https:\\\/\\\/cosmeticalixone.com\\\/en\\\/#website\"},\"datePublished\":\"2017-06-04T17:44:19+00:00\",\"dateModified\":\"2017-07-12T18:40:00+00:00\",\"breadcrumb\":{\"@id\":\"https:\\\/\\\/cosmeticalixone.com\\\/eu\\\/bidalketak\\\/#breadcrumb\"},\"inLanguage\":\"eu-ES\",\"potentialAction\":[{\"@type\":\"ReadAction\",\"target\":[\"https:\\\/\\\/cosmeticalixone.com\\\/eu\\\/bidalketak\\\/\"]}]},{\"@type\":\"BreadcrumbList\",\"@id\":\"https:\\\/\\\/cosmeticalixone.com\\\/eu\\\/bidalketak\\\/#breadcrumb\",\"itemListElement\":[{\"@type\":\"ListItem\",\"position\":1,\"name\":\"Home\",\"item\":\"https:\\\/\\\/cosmeticalixone.com\\\/eu\\\/\"},{\"@type\":\"ListItem\",\"position\":2,\"name\":\"Bidalketak\"}]},{\"@type\":\"WebSite\",\"@id\":\"https:\\\/\\\/cosmeticalixone.com\\\/en\\\/#website\",\"url\":\"https:\\\/\\\/cosmeticalixone.com\\\/en\\\/\",\"name\":\"Lixon\u00e9\",\"description\":\"Laboratorios LIXON\u00c9, nace en 1986 para dar respuesta a las necesidades Dermatol\u00f3gicas, de Cosm\u00e9tica e Higiene Personal, a trav\u00e9s de la fabricaci\u00f3n de productos naturales con extractos vegetales.\",\"publisher\":{\"@id\":\"https:\\\/\\\/cosmeticalixone.com\\\/en\\\/#organization\"},\"potentialAction\":[{\"@type\":\"SearchAction\",\"target\":{\"@type\":\"EntryPoint\",\"urlTemplate\":\"https:\\\/\\\/cosmeticalixone.com\\\/en\\\/?s={search_term_string}\"},\"query-input\":{\"@type\":\"PropertyValueSpecification\",\"valueRequired\":true,\"valueName\":\"search_term_string\"}}],\"inLanguage\":\"eu-ES\"},{\"@type\":\"Organization\",\"@id\":\"https:\\\/\\\/cosmeticalixone.com\\\/en\\\/#organization\",\"name\":\"LIXON\u00c9 - Cosm\u00e9tca Natural\",\"url\":\"https:\\\/\\\/cosmeticalixone.com\\\/en\\\/\",\"logo\":{\"@type\":\"ImageObject\",\"inLanguage\":\"eu-ES\",\"@id\":\"https:\\\/\\\/cosmeticalixone.com\\\/en\\\/#\\\/schema\\\/logo\\\/image\\\/\",\"url\":\"https:\\\/\\\/cosmeticalixone.com\\\/wp-content\\\/uploads\\\/lixone-logo-peque\u00f1o.png\",\"contentUrl\":\"https:\\\/\\\/cosmeticalixone.com\\\/wp-content\\\/uploads\\\/lixone-logo-peque\u00f1o.png\",\"width\":160,\"height\":71,\"caption\":\"LIXON\u00c9 - Cosm\u00e9tca Natural\"},\"image\":{\"@id\":\"https:\\\/\\\/cosmeticalixone.com\\\/en\\\/#\\\/schema\\\/logo\\\/image\\\/\"},\"sameAs\":[\"https:\\\/\\\/www.facebook.com\\\/cosmeticalixone\",\"https:\\\/\\\/www.instagram.com\\\/cosmeticalixone\\\/\"]}]}<\/script>\n<!-- \/ Yoast SEO plugin. -->","yoast_head_json":{"title":"Bidalketak - Lixon\u00e9","robots":{"index":"noindex","follow":"follow"},"og_locale":"eu_ES","og_type":"article","og_title":"Bidalketak - Lixon\u00e9","og_description":"[vc_row][vc_column][vc_custom_heading text=&#8221;Bidalketak nora egiten dira?&#8221; font_container=&#8221;tag:h3|font_size:32|text_align:left|color:%230086cb&#8221; use_theme_fonts=&#8221;yes&#8221;][vc_column_text]Momentuz, online dendaren bitartez Penintsulan saltzen dugu. Gainontzeko Espainia eta beste herrialdeetarako info@cosmeticalixone.com-ekin harremanetan...","og_url":"https:\/\/cosmeticalixone.com\/eu\/bidalketak\/","og_site_name":"Lixon\u00e9","article_publisher":"https:\/\/www.facebook.com\/cosmeticalixone","article_modified_time":"2017-07-12T18:40:00+00:00","twitter_card":"summary_large_image","twitter_misc":{"Est. reading time":"3 minutes"},"schema":{"@context":"https:\/\/schema.org","@graph":[{"@type":"WebPage","@id":"https:\/\/cosmeticalixone.com\/eu\/bidalketak\/","url":"https:\/\/cosmeticalixone.com\/eu\/bidalketak\/","name":"Bidalketak - Lixon\u00e9","isPartOf":{"@id":"https:\/\/cosmeticalixone.com\/en\/#website"},"datePublished":"2017-06-04T17:44:19+00:00","dateModified":"2017-07-12T18:40:00+00:00","breadcrumb":{"@id":"https:\/\/cosmeticalixone.com\/eu\/bidalketak\/#breadcrumb"},"inLanguage":"eu-ES","potentialAction":[{"@type":"ReadAction","target":["https:\/\/cosmeticalixone.com\/eu\/bidalketak\/"]}]},{"@type":"BreadcrumbList","@id":"https:\/\/cosmeticalixone.com\/eu\/bidalketak\/#breadcrumb","itemListElement":[{"@type":"ListItem","position":1,"name":"Home","item":"https:\/\/cosmeticalixone.com\/eu\/"},{"@type":"ListItem","position":2,"name":"Bidalketak"}]},{"@type":"WebSite","@id":"https:\/\/cosmeticalixone.com\/en\/#website","url":"https:\/\/cosmeticalixone.com\/en\/","name":"Lixon\u00e9","description":"Laboratorios LIXON\u00c9, nace en 1986 para dar respuesta a las necesidades Dermatol\u00f3gicas, de Cosm\u00e9tica e Higiene Personal, a trav\u00e9s de la fabricaci\u00f3n de productos naturales con extractos vegetales.","publisher":{"@id":"https:\/\/cosmeticalixone.com\/en\/#organization"},"potentialAction":[{"@type":"SearchAction","target":{"@type":"EntryPoint","urlTemplate":"https:\/\/cosmeticalixone.com\/en\/?s={search_term_string}"},"query-input":{"@type":"PropertyValueSpecification","valueRequired":true,"valueName":"search_term_string"}}],"inLanguage":"eu-ES"},{"@type":"Organization","@id":"https:\/\/cosmeticalixone.com\/en\/#organization","name":"LIXON\u00c9 - Cosm\u00e9tca Natural","url":"https:\/\/cosmeticalixone.com\/en\/","logo":{"@type":"ImageObject","inLanguage":"eu-ES","@id":"https:\/\/cosmeticalixone.com\/en\/#\/schema\/logo\/image\/","url":"https:\/\/cosmeticalixone.com\/wp-content\/uploads\/lixone-logo-peque\u00f1o.png","contentUrl":"https:\/\/cosmeticalixone.com\/wp-content\/uploads\/lixone-logo-peque\u00f1o.png","width":160,"height":71,"caption":"LIXON\u00c9 - Cosm\u00e9tca Natural"},"image":{"@id":"https:\/\/cosmeticalixone.com\/en\/#\/schema\/logo\/image\/"},"sameAs":["https:\/\/www.facebook.com\/cosmeticalixone","https:\/\/www.instagram.com\/cosmeticalixone\/"]}]}},"_links":{"self":[{"href":"https:\/\/cosmeticalixone.com\/eu\/wp-json\/wp\/v2\/pages\/28103","targetHints":{"allow":["GET"]}}],"collection":[{"href":"https:\/\/cosmeticalixone.com\/eu\/wp-json\/wp\/v2\/pages"}],"about":[{"href":"https:\/\/cosmeticalixone.com\/eu\/wp-json\/wp\/v2\/types\/page"}],"author":[{"embeddable":true,"href":"https:\/\/cosmeticalixone.com\/eu\/wp-json\/wp\/v2\/users\/1"}],"replies":[{"embeddable":true,"href":"https:\/\/cosmeticalixone.com\/eu\/wp-json\/wp\/v2\/comments?post=28103"}],"version-history":[{"count":0,"href":"https:\/\/cosmeticalixone.com\/eu\/wp-json\/wp\/v2\/pages\/28103\/revisions"}],"wp:attachment":[{"href":"https:\/\/cosmeticalixone.com\/eu\/wp-json\/wp\/v2\/media?parent=28103"}],"curies":[{"name":"wp","href":"https:\/\/api.w.org\/{rel}","templated":true}]}}