{"id":28039,"date":"2017-06-04T18:14:53","date_gmt":"2017-06-04T16:14:53","guid":{"rendered":"http:\/\/cosmeticalixone.com\/lege-oharra\/"},"modified":"2017-07-12T20:40:40","modified_gmt":"2017-07-12T18:40:40","slug":"lege-oharra","status":"publish","type":"page","link":"https:\/\/cosmeticalixone.com\/eu\/lege-oharra\/","title":{"rendered":"Lege oharra"},"content":{"rendered":"<div class=\"wpb-content-wrapper\"><p>[vc_row][vc_column][vc_column_text]LIXON\u00c9 S.L. (aurrerantzean, LIXON\u00c9) kosmetikoen fabrikazioan dihardun enpresa bat da. Gipuzkoako Merkataritza-Erregistroan inskribaturik dago, 1368 Liburukia, 100 Folioa, SS-7.407 orria, 1.go inskripzioa.<\/p>\n<p>LIXON\u00c9, B-20455986 IFK-rekin, informazio honen xedeetarako 20150 Adunako (Gipuzkoa, Espainia) Ibaiondo Industrigunea 11ean helbideratuta dagoen elkarte bat da. Gaur egun www.lixone.com eta www.cosmeticalixone.com webguneen ustiapena, kudeaketa eta funtzionamenduaren arduraduna da. Zure eskuetara jartzen dugun bestelako harremanetarako datuak: info@cosmeticalixone.com.[\/vc_column_text][vc_custom_heading text=&#8221;Atariaren erabilera&#8221; font_container=&#8221;tag:h3|font_size:32|text_align:left|color:%230086cb&#8221; use_theme_fonts=&#8221;yes&#8221;][vc_column_text]www.lixone.com eta www.cosmeticalixone.com-ek Internetez LIXON\u00c9 buruzkoak diren hainbat produktu, informazio, edo datuetara (aurrerantzean, \u201cedukiak\u201d) sarrera hornitzen digute, edo ERABILTZAILEek sarrera eduki dezaketen hirugarrengoen ingurukoak. ERABILTZAILEak atariko erabileraren erantzukizuna berea egiten du. Erregistro horretan ERABILTZAILEa egiazko eta legezko informazioa ematearen erantzulea izango da. Erregistro horren ondorioz, ERABILTZAILEari arduradun izango den pasahitz bat eman diezaioke, honen erabilera arduratsu eta konfidentziala egiteko konpromisoa hartuz. ERABILTZAILEak LIXON\u00c9k bere atarian zehar eskaintzen dituen eduki eta zerbitzuen erabilera egoki bat egiteko konpromisoa hartzen du.[\/vc_column_text][vc_custom_heading text=&#8221;Jabetza intelektual eta industriala&#8221; font_container=&#8221;tag:h3|font_size:32|text_align:left|color:%230086cb&#8221; use_theme_fonts=&#8221;yes&#8221;][vc_column_text]Webgune honetan agertzen diren zeinu bereizgarri, marka, izen komertzial, eduki, egitura, diseinu eta elementuen aurkezteko modua eta bestelako edozein informazio guztiak LIXON\u00c9ren jabetza dira berez edo lagapen-hartzaile moduan eta jabetza industrial eta intelektualeko eskubideengatik babesturik daude.<\/p>\n<p>Erabiltzaileak instalaturik dauden edozein babeserako dispositibo edo segurtasun-sistema ezabatu, aldatu, saihestu edo maneiatu dezaketen eta webgunea eta\/edo bere edukiak erabilezin bihurtu edo arrisku edo kaltea ekar dezaketen baliabideak erabiltzeari uko egingo dio.<\/p>\n<p>LIXON\u00c9k ez ditu beregain hartuko hirugarrengoek webgune honetan egiten duten erabilera ezegokiak, ezta honen ondorioz hirugarrengoei helerazten dien informazioaz ere. Erabiltzaileak egin dezaken edukien erabilera eta hauetatik ondorioztatu daitezken behin-behineko ondorio, min edo kalteak, erabiltzailearen erantzukizun esklusiboa izango da. LIXON\u00c9 esteka (link-a), direktorio eta bilaketa-erremintak erabiltzeagatik erabiltzaileei eragindako izaera guztietako min eta kalteetatik alde batera geratuko da, hauek erabiltzaileei hirugarrengoen jabetzakoak diren eta\/edo hirugarrengoengatik kudeatutako webguneetara sartzea ahalbideratzen bait dute, sistema informatiko, dokumentu elektroniko edo erabiltzaileen fitxategietan edozein motatako kalteak sor ditzaketen birusen presentzia edo bestelako kode maleziatsuak agertuaz. LIXON\u00c9k berea egiten du bere web orriaren edukien edozein legez kontrako erabileren aurka ekintza legalak martxan jartzeko eskubidea.[\/vc_column_text][vc_custom_heading text=&#8221;Berme eta erantzukizunen baztertzea&#8221; font_container=&#8221;tag:h3|font_size:32|text_align:left|color:%230086cb&#8221; use_theme_fonts=&#8221;yes&#8221;][vc_column_text]LIXON\u00c9, inondik inora, ez da erantzule egiten, sor ditzaketen edozein izaerako min eta kalteetaz, enuntziazio gisa: edukietan akats edo ez-egiteak, atariaren erabilgarritasun eza edo birusen edo edukietan programa maleziatsu edo kaltegarrien bidalketa, nahiz eta hauek saihesteko beharrezkoak diren neurri teknologiko guztiak hartu diren.[\/vc_column_text][vc_custom_heading text=&#8221;Aldaketak&#8221; font_container=&#8221;tag:h3|font_size:32|text_align:left|color:%230086cb&#8221; use_theme_fonts=&#8221;yes&#8221;][vc_column_text]LIXON\u00c9k beretzat gordetzen du, aldez aurretik jakinarazi gabe, bere atarian aintzakotzat hartzen dituen aldaketak egiteko eskubidea, bertan ematen diren eduki zein zerbitzuak kendu edo erantsi ditzakelarik, baita atarian aurkeztuak edo lokalizatuak azaltzen diren itxura ere.[\/vc_column_text][vc_custom_heading text=&#8221;Estekak&#8221; font_container=&#8221;tag:h3|font_size:32|text_align:left|color:%230086cb&#8221; use_theme_fonts=&#8221;yes&#8221;][vc_column_text]Domeinuaren izenean Interneteko beste lekuetaruntz estekak edo hiperestekak erabiltzen diren kasuan, LIXON\u00c9k ez du inongo motako kontrolik burutuko leku edo eduki horiengain. LIXON\u00c9k ez du berea egingo berea ez den webgune bati dagokion estekaren baten edukiengatiko erantzukizuna. Modu berean ez ditu bermatuko aipaturiko hiperesteka edo beste Interneteko lekuetako edozein material edo informazioren erabilgarritasun teknikoa, kalitatea, fidagarritasuna, zehaztasuna, zabaltasuna, egiazkotasuna, baliozkotasuna eta konstituzionaltasuna. Kanpo konexio hauen sartzeak ere ez du konektaturiko entitateekin inongo motako elkartze, bategite edo parte hartzea inplikatuko.[\/vc_column_text][vc_custom_heading text=&#8221;Baztertze-eskubidea&#8221; font_container=&#8221;tag:h3|font_size:32|text_align:left|color:%230086cb&#8221; use_theme_fonts=&#8221;yes&#8221;][vc_column_text]LIXON\u00c9k berea egiten du Erabilerako Baldintza Orokorrak betetzen ez dituzten erabiltzaile haiei atalerako sarrera edo eskainitako zerbitzuak ukatu edo kentzeko eskubidea, aurretik ohartarazi behar gabe, norberak edo hirugarrengo batek eskatuta.[\/vc_column_text][vc_custom_heading text=&#8221;Izaera pertsonaleko datuen babesa&#8221; font_container=&#8221;tag:h3|font_size:32|text_align:left|color:%230086cb&#8221; use_theme_fonts=&#8221;yes&#8221;][vc_column_text]LIXON\u00c9, S.L.-ek eskuratutako izaera pertsonaleko datuen pribatutasuna bermatzen du, LOPD-ren arabera.<\/p>\n<p>WEBSITE honetara bisitak ez du suposatzen erabiltzailea inongo informaziorik erraztera behartzen duenik, dena den bisitan zehar litekeena da formularioen bitartez izaera pertsonaleko datuak eskatzea.<\/p>\n<p>Datu hauek bere aldetik eginiko eskaerari erantzuna emateko eta honen bidalketarako erabiliak izango dira. Edozein komunikabideren bitartez gure enpresako informazioa eta zerbitzuak bidaltzeko ere erabiliak izango dira. Aipaturiko formularioa bidaltzen diguzunean, zu hauen harrera esplizituki onartzen ari zara. Gure informazioa jaso nahi ez baduzu, info@cosmeticalixone.com-era posta-elektroniko bat idatzi behar duzu gure zerbitzu informatibotik baja eskatzen. Zure datu pertsonalak bezeroen fitxategiaren barnean geratuko dira, fitxategiaren eta honen tratamenduaren erantzule eta hartzailea ondorengoa delarik: LIXON\u00c9, S.L., helbide soziala IBAIONDO INDUSTRIGUNEA, 11ean duena, ADUNAn (GIPUZKOA). Bertan sarbide, zuzenketa, baliogabetze eta aurkaritza eskubidea erabil ahal izango duzu, lehen aipaturiko helbidera idatzi bat bidaliz, NAN edo agiri identifikagarri baliokidearen kopia sartuz.<\/p>\n<p>Datuak emateari uko egiteak eskatutako zerbitzuetara sarbidea izateko ezintasuna ekarriko du. Formulario honetatik eratorrita sortzen zaizun edozein galdera, kontsulta edo argibideren erantzuna jasotzeko eskubidea duzu. Posta-elektronikoko mezu baten bitartez zure datuak ematen badituzu, berau eskariaren edo egiten diguzun komentarioaren kudeaketa helburu duen fitxategiaren partaide izatera pasako da, aurreko parrafoan adierazitako gainontzeko gaiak aplikagarriak izanik. Zure datu guztiak gure datu-basetik ezabatuak izango dira ondorengo arrazoiengatik: 1\u00ba-zuk horrela eskatuta. 2\u00ba-hauek jasotzea eragindako helburua beharrezkoa izateari uzten dionean,<\/p>\n<p>Bi aldeak, euren hautaketaren arabera, gatazken ebazpenera ezartzen dira, webguneko jabearen helbidearen beste edozein foru, epaitegi eta auzitegiak baztertuz.[\/vc_column_text][vc_custom_heading text=&#8221;Oraingo baldintzen eta iraupenaren aldaketa&#8221; font_container=&#8221;tag:h3|font_size:32|text_align:left|color:%230086cb&#8221; use_theme_fonts=&#8221;yes&#8221;][vc_column_text]LIXON\u00c9k, edozein momentutan, hemen ezarritako baldintzak aldatu ahal izango ditu, behar den bezala argitaratuak izanik, hemen agertzen den bezala.[\/vc_column_text][\/vc_column][\/vc_row]<\/p>\n<\/div>","protected":false},"excerpt":{"rendered":"<p>[vc_row][vc_column][vc_column_text]LIXON\u00c9 S.L. (aurrerantzean, LIXON\u00c9) kosmetikoen fabrikazioan dihardun enpresa bat da. Gipuzkoako Merkataritza-Erregistroan inskribaturik dago, 1368 Liburukia, 100 Folioa, SS-7.407 orria,&#8230;<\/p>\n","protected":false},"author":1,"featured_media":0,"parent":0,"menu_order":100,"comment_status":"closed","ping_status":"closed","template":"","meta":{"footnotes":""},"class_list":["post-28039","page","type-page","status-publish"],"yoast_head":"<!-- This site is optimized with the Yoast SEO plugin v27.4 - https:\/\/yoast.com\/product\/yoast-seo-wordpress\/ -->\n<title>Lege oharra - Lixon\u00e9<\/title>\n<meta name=\"robots\" content=\"noindex, follow\" \/>\n<meta property=\"og:locale\" content=\"eu_ES\" \/>\n<meta property=\"og:type\" content=\"article\" \/>\n<meta property=\"og:title\" content=\"Lege oharra - Lixon\u00e9\" \/>\n<meta property=\"og:description\" content=\"[vc_row][vc_column][vc_column_text]LIXON\u00c9 S.L. (aurrerantzean, LIXON\u00c9) kosmetikoen fabrikazioan dihardun enpresa bat da. Gipuzkoako Merkataritza-Erregistroan inskribaturik dago, 1368 Liburukia, 100 Folioa, SS-7.407 orria,...\" \/>\n<meta property=\"og:url\" content=\"https:\/\/cosmeticalixone.com\/eu\/lege-oharra\/\" \/>\n<meta property=\"og:site_name\" content=\"Lixon\u00e9\" \/>\n<meta property=\"article:publisher\" content=\"https:\/\/www.facebook.com\/cosmeticalixone\" \/>\n<meta property=\"article:modified_time\" content=\"2017-07-12T18:40:40+00:00\" \/>\n<meta name=\"twitter:card\" content=\"summary_large_image\" \/>\n<meta name=\"twitter:label1\" content=\"Est. reading time\" \/>\n\t<meta name=\"twitter:data1\" content=\"5 minutes\" \/>\n<script type=\"application\/ld+json\" class=\"yoast-schema-graph\">{\"@context\":\"https:\\\/\\\/schema.org\",\"@graph\":[{\"@type\":\"WebPage\",\"@id\":\"https:\\\/\\\/cosmeticalixone.com\\\/eu\\\/lege-oharra\\\/\",\"url\":\"https:\\\/\\\/cosmeticalixone.com\\\/eu\\\/lege-oharra\\\/\",\"name\":\"Lege oharra - Lixon\u00e9\",\"isPartOf\":{\"@id\":\"https:\\\/\\\/cosmeticalixone.com\\\/en\\\/#website\"},\"datePublished\":\"2017-06-04T16:14:53+00:00\",\"dateModified\":\"2017-07-12T18:40:40+00:00\",\"breadcrumb\":{\"@id\":\"https:\\\/\\\/cosmeticalixone.com\\\/eu\\\/lege-oharra\\\/#breadcrumb\"},\"inLanguage\":\"eu-ES\",\"potentialAction\":[{\"@type\":\"ReadAction\",\"target\":[\"https:\\\/\\\/cosmeticalixone.com\\\/eu\\\/lege-oharra\\\/\"]}]},{\"@type\":\"BreadcrumbList\",\"@id\":\"https:\\\/\\\/cosmeticalixone.com\\\/eu\\\/lege-oharra\\\/#breadcrumb\",\"itemListElement\":[{\"@type\":\"ListItem\",\"position\":1,\"name\":\"Home\",\"item\":\"https:\\\/\\\/cosmeticalixone.com\\\/eu\\\/\"},{\"@type\":\"ListItem\",\"position\":2,\"name\":\"Lege oharra\"}]},{\"@type\":\"WebSite\",\"@id\":\"https:\\\/\\\/cosmeticalixone.com\\\/en\\\/#website\",\"url\":\"https:\\\/\\\/cosmeticalixone.com\\\/en\\\/\",\"name\":\"Lixon\u00e9\",\"description\":\"Laboratorios LIXON\u00c9, nace en 1986 para dar respuesta a las necesidades Dermatol\u00f3gicas, de Cosm\u00e9tica e Higiene Personal, a trav\u00e9s de la fabricaci\u00f3n de productos naturales con extractos vegetales.\",\"publisher\":{\"@id\":\"https:\\\/\\\/cosmeticalixone.com\\\/en\\\/#organization\"},\"potentialAction\":[{\"@type\":\"SearchAction\",\"target\":{\"@type\":\"EntryPoint\",\"urlTemplate\":\"https:\\\/\\\/cosmeticalixone.com\\\/en\\\/?s={search_term_string}\"},\"query-input\":{\"@type\":\"PropertyValueSpecification\",\"valueRequired\":true,\"valueName\":\"search_term_string\"}}],\"inLanguage\":\"eu-ES\"},{\"@type\":\"Organization\",\"@id\":\"https:\\\/\\\/cosmeticalixone.com\\\/en\\\/#organization\",\"name\":\"LIXON\u00c9 - Cosm\u00e9tca Natural\",\"url\":\"https:\\\/\\\/cosmeticalixone.com\\\/en\\\/\",\"logo\":{\"@type\":\"ImageObject\",\"inLanguage\":\"eu-ES\",\"@id\":\"https:\\\/\\\/cosmeticalixone.com\\\/en\\\/#\\\/schema\\\/logo\\\/image\\\/\",\"url\":\"https:\\\/\\\/cosmeticalixone.com\\\/wp-content\\\/uploads\\\/lixone-logo-peque\u00f1o.png\",\"contentUrl\":\"https:\\\/\\\/cosmeticalixone.com\\\/wp-content\\\/uploads\\\/lixone-logo-peque\u00f1o.png\",\"width\":160,\"height\":71,\"caption\":\"LIXON\u00c9 - Cosm\u00e9tca Natural\"},\"image\":{\"@id\":\"https:\\\/\\\/cosmeticalixone.com\\\/en\\\/#\\\/schema\\\/logo\\\/image\\\/\"},\"sameAs\":[\"https:\\\/\\\/www.facebook.com\\\/cosmeticalixone\",\"https:\\\/\\\/www.instagram.com\\\/cosmeticalixone\\\/\"]}]}<\/script>\n<!-- \/ Yoast SEO plugin. -->","yoast_head_json":{"title":"Lege oharra - Lixon\u00e9","robots":{"index":"noindex","follow":"follow"},"og_locale":"eu_ES","og_type":"article","og_title":"Lege oharra - Lixon\u00e9","og_description":"[vc_row][vc_column][vc_column_text]LIXON\u00c9 S.L. (aurrerantzean, LIXON\u00c9) kosmetikoen fabrikazioan dihardun enpresa bat da. Gipuzkoako Merkataritza-Erregistroan inskribaturik dago, 1368 Liburukia, 100 Folioa, SS-7.407 orria,...","og_url":"https:\/\/cosmeticalixone.com\/eu\/lege-oharra\/","og_site_name":"Lixon\u00e9","article_publisher":"https:\/\/www.facebook.com\/cosmeticalixone","article_modified_time":"2017-07-12T18:40:40+00:00","twitter_card":"summary_large_image","twitter_misc":{"Est. reading time":"5 minutes"},"schema":{"@context":"https:\/\/schema.org","@graph":[{"@type":"WebPage","@id":"https:\/\/cosmeticalixone.com\/eu\/lege-oharra\/","url":"https:\/\/cosmeticalixone.com\/eu\/lege-oharra\/","name":"Lege oharra - Lixon\u00e9","isPartOf":{"@id":"https:\/\/cosmeticalixone.com\/en\/#website"},"datePublished":"2017-06-04T16:14:53+00:00","dateModified":"2017-07-12T18:40:40+00:00","breadcrumb":{"@id":"https:\/\/cosmeticalixone.com\/eu\/lege-oharra\/#breadcrumb"},"inLanguage":"eu-ES","potentialAction":[{"@type":"ReadAction","target":["https:\/\/cosmeticalixone.com\/eu\/lege-oharra\/"]}]},{"@type":"BreadcrumbList","@id":"https:\/\/cosmeticalixone.com\/eu\/lege-oharra\/#breadcrumb","itemListElement":[{"@type":"ListItem","position":1,"name":"Home","item":"https:\/\/cosmeticalixone.com\/eu\/"},{"@type":"ListItem","position":2,"name":"Lege oharra"}]},{"@type":"WebSite","@id":"https:\/\/cosmeticalixone.com\/en\/#website","url":"https:\/\/cosmeticalixone.com\/en\/","name":"Lixon\u00e9","description":"Laboratorios LIXON\u00c9, nace en 1986 para dar respuesta a las necesidades Dermatol\u00f3gicas, de Cosm\u00e9tica e Higiene Personal, a trav\u00e9s de la fabricaci\u00f3n de productos naturales con extractos vegetales.","publisher":{"@id":"https:\/\/cosmeticalixone.com\/en\/#organization"},"potentialAction":[{"@type":"SearchAction","target":{"@type":"EntryPoint","urlTemplate":"https:\/\/cosmeticalixone.com\/en\/?s={search_term_string}"},"query-input":{"@type":"PropertyValueSpecification","valueRequired":true,"valueName":"search_term_string"}}],"inLanguage":"eu-ES"},{"@type":"Organization","@id":"https:\/\/cosmeticalixone.com\/en\/#organization","name":"LIXON\u00c9 - Cosm\u00e9tca Natural","url":"https:\/\/cosmeticalixone.com\/en\/","logo":{"@type":"ImageObject","inLanguage":"eu-ES","@id":"https:\/\/cosmeticalixone.com\/en\/#\/schema\/logo\/image\/","url":"https:\/\/cosmeticalixone.com\/wp-content\/uploads\/lixone-logo-peque\u00f1o.png","contentUrl":"https:\/\/cosmeticalixone.com\/wp-content\/uploads\/lixone-logo-peque\u00f1o.png","width":160,"height":71,"caption":"LIXON\u00c9 - Cosm\u00e9tca Natural"},"image":{"@id":"https:\/\/cosmeticalixone.com\/en\/#\/schema\/logo\/image\/"},"sameAs":["https:\/\/www.facebook.com\/cosmeticalixone","https:\/\/www.instagram.com\/cosmeticalixone\/"]}]}},"_links":{"self":[{"href":"https:\/\/cosmeticalixone.com\/eu\/wp-json\/wp\/v2\/pages\/28039","targetHints":{"allow":["GET"]}}],"collection":[{"href":"https:\/\/cosmeticalixone.com\/eu\/wp-json\/wp\/v2\/pages"}],"about":[{"href":"https:\/\/cosmeticalixone.com\/eu\/wp-json\/wp\/v2\/types\/page"}],"author":[{"embeddable":true,"href":"https:\/\/cosmeticalixone.com\/eu\/wp-json\/wp\/v2\/users\/1"}],"replies":[{"embeddable":true,"href":"https:\/\/cosmeticalixone.com\/eu\/wp-json\/wp\/v2\/comments?post=28039"}],"version-history":[{"count":0,"href":"https:\/\/cosmeticalixone.com\/eu\/wp-json\/wp\/v2\/pages\/28039\/revisions"}],"wp:attachment":[{"href":"https:\/\/cosmeticalixone.com\/eu\/wp-json\/wp\/v2\/media?parent=28039"}],"curies":[{"name":"wp","href":"https:\/\/api.w.org\/{rel}","templated":true}]}}