{"id":27939,"date":"2017-06-02T14:40:14","date_gmt":"2017-06-02T12:40:14","guid":{"rendered":"http:\/\/cosmeticalixone.com\/online-denda\/mi-cuenta\/"},"modified":"2017-06-06T17:36:22","modified_gmt":"2017-06-06T15:36:22","slug":"mi-cuenta","status":"publish","type":"page","link":"https:\/\/cosmeticalixone.com\/eu\/online-denda\/mi-cuenta\/","title":{"rendered":"Nire Kontua"},"content":{"rendered":"<div class=\"woocommerce\"><\/div>\n","protected":false},"excerpt":{"rendered":"","protected":false},"author":1,"featured_media":0,"parent":30626,"menu_order":1,"comment_status":"closed","ping_status":"closed","template":"","meta":{"footnotes":""},"class_list":["post-27939","page","type-page","status-publish"],"yoast_head":"<!-- This site is optimized with the Yoast SEO plugin v27.3 - https:\/\/yoast.com\/product\/yoast-seo-wordpress\/ -->\n<title>Nire Kontua - Lixon\u00e9<\/title>\n<meta name=\"robots\" content=\"index, follow, max-snippet:-1, max-image-preview:large, max-video-preview:-1\" \/>\n<link rel=\"canonical\" href=\"https:\/\/cosmeticalixone.com\/eu\/online-denda\/mi-cuenta\/\" \/>\n<meta property=\"og:locale\" content=\"eu_ES\" \/>\n<meta property=\"og:type\" content=\"article\" \/>\n<meta property=\"og:title\" content=\"Nire Kontua - Lixon\u00e9\" \/>\n<meta property=\"og:url\" content=\"https:\/\/cosmeticalixone.com\/eu\/online-denda\/mi-cuenta\/\" \/>\n<meta property=\"og:site_name\" content=\"Lixon\u00e9\" \/>\n<meta property=\"article:publisher\" content=\"https:\/\/www.facebook.com\/cosmeticalixone\" \/>\n<meta property=\"article:modified_time\" content=\"2017-06-06T15:36:22+00:00\" \/>\n<meta name=\"twitter:card\" content=\"summary_large_image\" \/>\n<script type=\"application\/ld+json\" class=\"yoast-schema-graph\">{\"@context\":\"https:\\\/\\\/schema.org\",\"@graph\":[{\"@type\":\"WebPage\",\"@id\":\"https:\\\/\\\/cosmeticalixone.com\\\/eu\\\/online-denda\\\/mi-cuenta\\\/\",\"url\":\"https:\\\/\\\/cosmeticalixone.com\\\/eu\\\/online-denda\\\/mi-cuenta\\\/\",\"name\":\"Nire Kontua - Lixon\u00e9\",\"isPartOf\":{\"@id\":\"https:\\\/\\\/cosmeticalixone.com\\\/en\\\/#website\"},\"datePublished\":\"2017-06-02T12:40:14+00:00\",\"dateModified\":\"2017-06-06T15:36:22+00:00\",\"breadcrumb\":{\"@id\":\"https:\\\/\\\/cosmeticalixone.com\\\/eu\\\/online-denda\\\/mi-cuenta\\\/#breadcrumb\"},\"inLanguage\":\"eu-ES\",\"potentialAction\":[{\"@type\":\"ReadAction\",\"target\":[\"https:\\\/\\\/cosmeticalixone.com\\\/eu\\\/online-denda\\\/mi-cuenta\\\/\"]}]},{\"@type\":\"BreadcrumbList\",\"@id\":\"https:\\\/\\\/cosmeticalixone.com\\\/eu\\\/online-denda\\\/mi-cuenta\\\/#breadcrumb\",\"itemListElement\":[{\"@type\":\"ListItem\",\"position\":1,\"name\":\"Home\",\"item\":\"https:\\\/\\\/cosmeticalixone.com\\\/eu\\\/\"},{\"@type\":\"ListItem\",\"position\":2,\"name\":\"Denda\",\"item\":\"https:\\\/\\\/cosmeticalixone.com\\\/eu\\\/online-denda\\\/\"},{\"@type\":\"ListItem\",\"position\":3,\"name\":\"Nire Kontua\"}]},{\"@type\":\"WebSite\",\"@id\":\"https:\\\/\\\/cosmeticalixone.com\\\/en\\\/#website\",\"url\":\"https:\\\/\\\/cosmeticalixone.com\\\/en\\\/\",\"name\":\"Lixon\u00e9\",\"description\":\"Laboratorios LIXON\u00c9, nace en 1986 para dar respuesta a las necesidades Dermatol\u00f3gicas, de Cosm\u00e9tica e Higiene Personal, a trav\u00e9s de la fabricaci\u00f3n de productos naturales con extractos vegetales.\",\"publisher\":{\"@id\":\"https:\\\/\\\/cosmeticalixone.com\\\/en\\\/#organization\"},\"potentialAction\":[{\"@type\":\"SearchAction\",\"target\":{\"@type\":\"EntryPoint\",\"urlTemplate\":\"https:\\\/\\\/cosmeticalixone.com\\\/en\\\/?s={search_term_string}\"},\"query-input\":{\"@type\":\"PropertyValueSpecification\",\"valueRequired\":true,\"valueName\":\"search_term_string\"}}],\"inLanguage\":\"eu-ES\"},{\"@type\":\"Organization\",\"@id\":\"https:\\\/\\\/cosmeticalixone.com\\\/en\\\/#organization\",\"name\":\"LIXON\u00c9 - Cosm\u00e9tca Natural\",\"url\":\"https:\\\/\\\/cosmeticalixone.com\\\/en\\\/\",\"logo\":{\"@type\":\"ImageObject\",\"inLanguage\":\"eu-ES\",\"@id\":\"https:\\\/\\\/cosmeticalixone.com\\\/en\\\/#\\\/schema\\\/logo\\\/image\\\/\",\"url\":\"https:\\\/\\\/cosmeticalixone.com\\\/wp-content\\\/uploads\\\/lixone-logo-peque\u00f1o.png\",\"contentUrl\":\"https:\\\/\\\/cosmeticalixone.com\\\/wp-content\\\/uploads\\\/lixone-logo-peque\u00f1o.png\",\"width\":160,\"height\":71,\"caption\":\"LIXON\u00c9 - Cosm\u00e9tca Natural\"},\"image\":{\"@id\":\"https:\\\/\\\/cosmeticalixone.com\\\/en\\\/#\\\/schema\\\/logo\\\/image\\\/\"},\"sameAs\":[\"https:\\\/\\\/www.facebook.com\\\/cosmeticalixone\",\"https:\\\/\\\/www.instagram.com\\\/cosmeticalixone\\\/\"]}]}<\/script>\n<!-- \/ Yoast SEO plugin. -->","yoast_head_json":{"title":"Nire Kontua - Lixon\u00e9","robots":{"index":"index","follow":"follow","max-snippet":"max-snippet:-1","max-image-preview":"max-image-preview:large","max-video-preview":"max-video-preview:-1"},"canonical":"https:\/\/cosmeticalixone.com\/eu\/online-denda\/mi-cuenta\/","og_locale":"eu_ES","og_type":"article","og_title":"Nire Kontua - Lixon\u00e9","og_url":"https:\/\/cosmeticalixone.com\/eu\/online-denda\/mi-cuenta\/","og_site_name":"Lixon\u00e9","article_publisher":"https:\/\/www.facebook.com\/cosmeticalixone","article_modified_time":"2017-06-06T15:36:22+00:00","twitter_card":"summary_large_image","schema":{"@context":"https:\/\/schema.org","@graph":[{"@type":"WebPage","@id":"https:\/\/cosmeticalixone.com\/eu\/online-denda\/mi-cuenta\/","url":"https:\/\/cosmeticalixone.com\/eu\/online-denda\/mi-cuenta\/","name":"Nire Kontua - Lixon\u00e9","isPartOf":{"@id":"https:\/\/cosmeticalixone.com\/en\/#website"},"datePublished":"2017-06-02T12:40:14+00:00","dateModified":"2017-06-06T15:36:22+00:00","breadcrumb":{"@id":"https:\/\/cosmeticalixone.com\/eu\/online-denda\/mi-cuenta\/#breadcrumb"},"inLanguage":"eu-ES","potentialAction":[{"@type":"ReadAction","target":["https:\/\/cosmeticalixone.com\/eu\/online-denda\/mi-cuenta\/"]}]},{"@type":"BreadcrumbList","@id":"https:\/\/cosmeticalixone.com\/eu\/online-denda\/mi-cuenta\/#breadcrumb","itemListElement":[{"@type":"ListItem","position":1,"name":"Home","item":"https:\/\/cosmeticalixone.com\/eu\/"},{"@type":"ListItem","position":2,"name":"Denda","item":"https:\/\/cosmeticalixone.com\/eu\/online-denda\/"},{"@type":"ListItem","position":3,"name":"Nire Kontua"}]},{"@type":"WebSite","@id":"https:\/\/cosmeticalixone.com\/en\/#website","url":"https:\/\/cosmeticalixone.com\/en\/","name":"Lixon\u00e9","description":"Laboratorios LIXON\u00c9, nace en 1986 para dar respuesta a las necesidades Dermatol\u00f3gicas, de Cosm\u00e9tica e Higiene Personal, a trav\u00e9s de la fabricaci\u00f3n de productos naturales con extractos vegetales.","publisher":{"@id":"https:\/\/cosmeticalixone.com\/en\/#organization"},"potentialAction":[{"@type":"SearchAction","target":{"@type":"EntryPoint","urlTemplate":"https:\/\/cosmeticalixone.com\/en\/?s={search_term_string}"},"query-input":{"@type":"PropertyValueSpecification","valueRequired":true,"valueName":"search_term_string"}}],"inLanguage":"eu-ES"},{"@type":"Organization","@id":"https:\/\/cosmeticalixone.com\/en\/#organization","name":"LIXON\u00c9 - Cosm\u00e9tca Natural","url":"https:\/\/cosmeticalixone.com\/en\/","logo":{"@type":"ImageObject","inLanguage":"eu-ES","@id":"https:\/\/cosmeticalixone.com\/en\/#\/schema\/logo\/image\/","url":"https:\/\/cosmeticalixone.com\/wp-content\/uploads\/lixone-logo-peque\u00f1o.png","contentUrl":"https:\/\/cosmeticalixone.com\/wp-content\/uploads\/lixone-logo-peque\u00f1o.png","width":160,"height":71,"caption":"LIXON\u00c9 - Cosm\u00e9tca Natural"},"image":{"@id":"https:\/\/cosmeticalixone.com\/en\/#\/schema\/logo\/image\/"},"sameAs":["https:\/\/www.facebook.com\/cosmeticalixone","https:\/\/www.instagram.com\/cosmeticalixone\/"]}]}},"_links":{"self":[{"href":"https:\/\/cosmeticalixone.com\/eu\/wp-json\/wp\/v2\/pages\/27939","targetHints":{"allow":["GET"]}}],"collection":[{"href":"https:\/\/cosmeticalixone.com\/eu\/wp-json\/wp\/v2\/pages"}],"about":[{"href":"https:\/\/cosmeticalixone.com\/eu\/wp-json\/wp\/v2\/types\/page"}],"author":[{"embeddable":true,"href":"https:\/\/cosmeticalixone.com\/eu\/wp-json\/wp\/v2\/users\/1"}],"replies":[{"embeddable":true,"href":"https:\/\/cosmeticalixone.com\/eu\/wp-json\/wp\/v2\/comments?post=27939"}],"version-history":[{"count":0,"href":"https:\/\/cosmeticalixone.com\/eu\/wp-json\/wp\/v2\/pages\/27939\/revisions"}],"up":[{"embeddable":true,"href":"https:\/\/cosmeticalixone.com\/eu\/wp-json\/wp\/v2\/pages\/30626"}],"wp:attachment":[{"href":"https:\/\/cosmeticalixone.com\/eu\/wp-json\/wp\/v2\/media?parent=27939"}],"curies":[{"name":"wp","href":"https:\/\/api.w.org\/{rel}","templated":true}]}}