{"id":30045,"date":"2018-09-11T18:26:19","date_gmt":"2018-09-11T16:26:19","guid":{"rendered":"http:\/\/cosmeticalixone.com\/?post_type=product&#038;p=30045"},"modified":"2026-02-02T09:41:30","modified_gmt":"2026-02-02T08:41:30","slug":"glycerin-hand-liquid-soap","status":"publish","type":"product","link":"https:\/\/cosmeticalixone.com\/en\/buy\/soaps\/glycerin-hand-liquid-soap\/","title":{"rendered":"Glycerin hand LIQUID SOAP"},"content":{"rendered":"","protected":false},"excerpt":{"rendered":"<p>Neutral pH for skin<\/p>\n<p>Free from PARABENS<\/p>\n<p>Free from ARTIFICIAL COLOURS<\/p>\n","protected":false},"featured_media":36479,"comment_status":"open","ping_status":"closed","template":"","meta":[],"product_brand":[],"product_cat":[315,321],"product_tag":[600,601,602],"class_list":{"0":"post-30045","1":"product","2":"type-product","3":"status-publish","4":"has-post-thumbnail","6":"product_cat-hygiene","7":"product_cat-soaps","8":"product_tag-glicerina-en","9":"product_tag-jabon-de-manos-en","10":"product_tag-jabon-liquido-en","12":"first","13":"instock","14":"taxable","15":"shipping-taxable","16":"purchasable","17":"product-type-simple"},"yoast_head":"<!-- This site is optimized with the Yoast SEO plugin v27.4 - https:\/\/yoast.com\/product\/yoast-seo-wordpress\/ -->\n<title>Glycerin hand liquid SOAP free from Parabens and artificial colours<\/title>\n<meta name=\"description\" content=\"LIXON\u00c9 le ofrece un jab\u00f3n liquido de manos hecho de Glicerina Natural sin parabenos ni colorantes artificiales. La glicerina natural mantiene la hidrataci\u00f3n de la piel evitando que se reseque. Este jab\u00f3n l\u00edquido libre de agentes alcalinos resulta muy suave adecuado para uso diario.\" \/>\n<meta name=\"robots\" content=\"index, follow, max-snippet:-1, max-image-preview:large, max-video-preview:-1\" \/>\n<link rel=\"canonical\" href=\"https:\/\/cosmeticalixone.com\/en\/buy\/soaps\/glycerin-hand-liquid-soap\/\" \/>\n<meta property=\"og:locale\" content=\"en_US\" \/>\n<meta property=\"og:type\" content=\"article\" \/>\n<meta property=\"og:title\" content=\"Glycerin hand liquid SOAP free from Parabens and artificial colours\" \/>\n<meta property=\"og:description\" content=\"LIXON\u00c9 le ofrece un jab\u00f3n liquido de manos hecho de Glicerina Natural sin parabenos ni colorantes artificiales. La glicerina natural mantiene la hidrataci\u00f3n de la piel evitando que se reseque. Este jab\u00f3n l\u00edquido libre de agentes alcalinos resulta muy suave adecuado para uso diario.\" \/>\n<meta property=\"og:url\" content=\"https:\/\/cosmeticalixone.com\/en\/buy\/soaps\/glycerin-hand-liquid-soap\/\" \/>\n<meta property=\"og:site_name\" content=\"Lixon\u00e9\" \/>\n<meta property=\"article:publisher\" content=\"https:\/\/www.facebook.com\/cosmeticalixone\" \/>\n<meta property=\"article:modified_time\" content=\"2026-02-02T08:41:30+00:00\" \/>\n<meta property=\"og:image\" content=\"https:\/\/cosmeticalixone.com\/wp-content\/uploads\/jabon-liquido-glicerina-1.jpg\" \/>\n\t<meta property=\"og:image:width\" content=\"450\" \/>\n\t<meta property=\"og:image:height\" content=\"450\" \/>\n\t<meta property=\"og:image:type\" content=\"image\/jpeg\" \/>\n<meta name=\"twitter:card\" content=\"summary_large_image\" \/>\n<meta name=\"twitter:label1\" content=\"Est. reading time\" \/>\n\t<meta name=\"twitter:data1\" content=\"1 minute\" \/>\n<script type=\"application\/ld+json\" class=\"yoast-schema-graph\">{\"@context\":\"https:\\\/\\\/schema.org\",\"@graph\":[{\"@type\":\"WebPage\",\"@id\":\"https:\\\/\\\/cosmeticalixone.com\\\/en\\\/buy\\\/soaps\\\/glycerin-hand-liquid-soap\\\/\",\"url\":\"https:\\\/\\\/cosmeticalixone.com\\\/en\\\/buy\\\/soaps\\\/glycerin-hand-liquid-soap\\\/\",\"name\":\"Glycerin hand liquid SOAP free from Parabens and artificial colours\",\"isPartOf\":{\"@id\":\"https:\\\/\\\/cosmeticalixone.com\\\/en\\\/#website\"},\"primaryImageOfPage\":{\"@id\":\"https:\\\/\\\/cosmeticalixone.com\\\/en\\\/buy\\\/soaps\\\/glycerin-hand-liquid-soap\\\/#primaryimage\"},\"image\":{\"@id\":\"https:\\\/\\\/cosmeticalixone.com\\\/en\\\/buy\\\/soaps\\\/glycerin-hand-liquid-soap\\\/#primaryimage\"},\"thumbnailUrl\":\"https:\\\/\\\/cosmeticalixone.com\\\/wp-content\\\/uploads\\\/jabon-liquido-glicerina-1.jpg\",\"datePublished\":\"2018-09-11T16:26:19+00:00\",\"dateModified\":\"2026-02-02T08:41:30+00:00\",\"description\":\"LIXON\u00c9 le ofrece un jab\u00f3n liquido de manos hecho de Glicerina Natural sin parabenos ni colorantes artificiales. La glicerina natural mantiene la hidrataci\u00f3n de la piel evitando que se reseque. Este jab\u00f3n l\u00edquido libre de agentes alcalinos resulta muy suave adecuado para uso diario.\",\"breadcrumb\":{\"@id\":\"https:\\\/\\\/cosmeticalixone.com\\\/en\\\/buy\\\/soaps\\\/glycerin-hand-liquid-soap\\\/#breadcrumb\"},\"inLanguage\":\"en-US\",\"potentialAction\":[{\"@type\":\"ReadAction\",\"target\":[\"https:\\\/\\\/cosmeticalixone.com\\\/en\\\/buy\\\/soaps\\\/glycerin-hand-liquid-soap\\\/\"]}]},{\"@type\":\"ImageObject\",\"inLanguage\":\"en-US\",\"@id\":\"https:\\\/\\\/cosmeticalixone.com\\\/en\\\/buy\\\/soaps\\\/glycerin-hand-liquid-soap\\\/#primaryimage\",\"url\":\"https:\\\/\\\/cosmeticalixone.com\\\/wp-content\\\/uploads\\\/jabon-liquido-glicerina-1.jpg\",\"contentUrl\":\"https:\\\/\\\/cosmeticalixone.com\\\/wp-content\\\/uploads\\\/jabon-liquido-glicerina-1.jpg\",\"width\":450,\"height\":450},{\"@type\":\"BreadcrumbList\",\"@id\":\"https:\\\/\\\/cosmeticalixone.com\\\/en\\\/buy\\\/soaps\\\/glycerin-hand-liquid-soap\\\/#breadcrumb\",\"itemListElement\":[{\"@type\":\"ListItem\",\"position\":1,\"name\":\"Home\",\"item\":\"https:\\\/\\\/cosmeticalixone.com\\\/en\\\/\"},{\"@type\":\"ListItem\",\"position\":2,\"name\":\"Store\",\"item\":\"https:\\\/\\\/cosmeticalixone.com\\\/en\\\/online-store\\\/\"},{\"@type\":\"ListItem\",\"position\":3,\"name\":\"Glycerin hand LIQUID SOAP\"}]},{\"@type\":\"WebSite\",\"@id\":\"https:\\\/\\\/cosmeticalixone.com\\\/en\\\/#website\",\"url\":\"https:\\\/\\\/cosmeticalixone.com\\\/en\\\/\",\"name\":\"Lixon\u00e9\",\"description\":\"Laboratorios LIXON\u00c9, nace en 1986 para dar respuesta a las necesidades Dermatol\u00f3gicas, de Cosm\u00e9tica e Higiene Personal, a trav\u00e9s de la fabricaci\u00f3n de productos naturales con extractos vegetales.\",\"publisher\":{\"@id\":\"https:\\\/\\\/cosmeticalixone.com\\\/en\\\/#organization\"},\"potentialAction\":[{\"@type\":\"SearchAction\",\"target\":{\"@type\":\"EntryPoint\",\"urlTemplate\":\"https:\\\/\\\/cosmeticalixone.com\\\/en\\\/?s={search_term_string}\"},\"query-input\":{\"@type\":\"PropertyValueSpecification\",\"valueRequired\":true,\"valueName\":\"search_term_string\"}}],\"inLanguage\":\"en-US\"},{\"@type\":\"Organization\",\"@id\":\"https:\\\/\\\/cosmeticalixone.com\\\/en\\\/#organization\",\"name\":\"LIXON\u00c9 - Cosm\u00e9tca Natural\",\"url\":\"https:\\\/\\\/cosmeticalixone.com\\\/en\\\/\",\"logo\":{\"@type\":\"ImageObject\",\"inLanguage\":\"en-US\",\"@id\":\"https:\\\/\\\/cosmeticalixone.com\\\/en\\\/#\\\/schema\\\/logo\\\/image\\\/\",\"url\":\"https:\\\/\\\/cosmeticalixone.com\\\/wp-content\\\/uploads\\\/lixone-logo-peque\u00f1o.png\",\"contentUrl\":\"https:\\\/\\\/cosmeticalixone.com\\\/wp-content\\\/uploads\\\/lixone-logo-peque\u00f1o.png\",\"width\":160,\"height\":71,\"caption\":\"LIXON\u00c9 - Cosm\u00e9tca Natural\"},\"image\":{\"@id\":\"https:\\\/\\\/cosmeticalixone.com\\\/en\\\/#\\\/schema\\\/logo\\\/image\\\/\"},\"sameAs\":[\"https:\\\/\\\/www.facebook.com\\\/cosmeticalixone\",\"https:\\\/\\\/www.instagram.com\\\/cosmeticalixone\\\/\"]}]}<\/script>\n<!-- \/ Yoast SEO plugin. -->","yoast_head_json":{"title":"Glycerin hand liquid SOAP free from Parabens and artificial colours","description":"LIXON\u00c9 le ofrece un jab\u00f3n liquido de manos hecho de Glicerina Natural sin parabenos ni colorantes artificiales. La glicerina natural mantiene la hidrataci\u00f3n de la piel evitando que se reseque. Este jab\u00f3n l\u00edquido libre de agentes alcalinos resulta muy suave adecuado para uso diario.","robots":{"index":"index","follow":"follow","max-snippet":"max-snippet:-1","max-image-preview":"max-image-preview:large","max-video-preview":"max-video-preview:-1"},"canonical":"https:\/\/cosmeticalixone.com\/en\/buy\/soaps\/glycerin-hand-liquid-soap\/","og_locale":"en_US","og_type":"article","og_title":"Glycerin hand liquid SOAP free from Parabens and artificial colours","og_description":"LIXON\u00c9 le ofrece un jab\u00f3n liquido de manos hecho de Glicerina Natural sin parabenos ni colorantes artificiales. La glicerina natural mantiene la hidrataci\u00f3n de la piel evitando que se reseque. Este jab\u00f3n l\u00edquido libre de agentes alcalinos resulta muy suave adecuado para uso diario.","og_url":"https:\/\/cosmeticalixone.com\/en\/buy\/soaps\/glycerin-hand-liquid-soap\/","og_site_name":"Lixon\u00e9","article_publisher":"https:\/\/www.facebook.com\/cosmeticalixone","article_modified_time":"2026-02-02T08:41:30+00:00","og_image":[{"width":450,"height":450,"url":"https:\/\/cosmeticalixone.com\/wp-content\/uploads\/jabon-liquido-glicerina-1.jpg","type":"image\/jpeg"}],"twitter_card":"summary_large_image","twitter_misc":{"Est. reading time":"1 minute"},"schema":{"@context":"https:\/\/schema.org","@graph":[{"@type":"WebPage","@id":"https:\/\/cosmeticalixone.com\/en\/buy\/soaps\/glycerin-hand-liquid-soap\/","url":"https:\/\/cosmeticalixone.com\/en\/buy\/soaps\/glycerin-hand-liquid-soap\/","name":"Glycerin hand liquid SOAP free from Parabens and artificial colours","isPartOf":{"@id":"https:\/\/cosmeticalixone.com\/en\/#website"},"primaryImageOfPage":{"@id":"https:\/\/cosmeticalixone.com\/en\/buy\/soaps\/glycerin-hand-liquid-soap\/#primaryimage"},"image":{"@id":"https:\/\/cosmeticalixone.com\/en\/buy\/soaps\/glycerin-hand-liquid-soap\/#primaryimage"},"thumbnailUrl":"https:\/\/cosmeticalixone.com\/wp-content\/uploads\/jabon-liquido-glicerina-1.jpg","datePublished":"2018-09-11T16:26:19+00:00","dateModified":"2026-02-02T08:41:30+00:00","description":"LIXON\u00c9 le ofrece un jab\u00f3n liquido de manos hecho de Glicerina Natural sin parabenos ni colorantes artificiales. La glicerina natural mantiene la hidrataci\u00f3n de la piel evitando que se reseque. Este jab\u00f3n l\u00edquido libre de agentes alcalinos resulta muy suave adecuado para uso diario.","breadcrumb":{"@id":"https:\/\/cosmeticalixone.com\/en\/buy\/soaps\/glycerin-hand-liquid-soap\/#breadcrumb"},"inLanguage":"en-US","potentialAction":[{"@type":"ReadAction","target":["https:\/\/cosmeticalixone.com\/en\/buy\/soaps\/glycerin-hand-liquid-soap\/"]}]},{"@type":"ImageObject","inLanguage":"en-US","@id":"https:\/\/cosmeticalixone.com\/en\/buy\/soaps\/glycerin-hand-liquid-soap\/#primaryimage","url":"https:\/\/cosmeticalixone.com\/wp-content\/uploads\/jabon-liquido-glicerina-1.jpg","contentUrl":"https:\/\/cosmeticalixone.com\/wp-content\/uploads\/jabon-liquido-glicerina-1.jpg","width":450,"height":450},{"@type":"BreadcrumbList","@id":"https:\/\/cosmeticalixone.com\/en\/buy\/soaps\/glycerin-hand-liquid-soap\/#breadcrumb","itemListElement":[{"@type":"ListItem","position":1,"name":"Home","item":"https:\/\/cosmeticalixone.com\/en\/"},{"@type":"ListItem","position":2,"name":"Store","item":"https:\/\/cosmeticalixone.com\/en\/online-store\/"},{"@type":"ListItem","position":3,"name":"Glycerin hand LIQUID SOAP"}]},{"@type":"WebSite","@id":"https:\/\/cosmeticalixone.com\/en\/#website","url":"https:\/\/cosmeticalixone.com\/en\/","name":"Lixon\u00e9","description":"Laboratorios LIXON\u00c9, nace en 1986 para dar respuesta a las necesidades Dermatol\u00f3gicas, de Cosm\u00e9tica e Higiene Personal, a trav\u00e9s de la fabricaci\u00f3n de productos naturales con extractos vegetales.","publisher":{"@id":"https:\/\/cosmeticalixone.com\/en\/#organization"},"potentialAction":[{"@type":"SearchAction","target":{"@type":"EntryPoint","urlTemplate":"https:\/\/cosmeticalixone.com\/en\/?s={search_term_string}"},"query-input":{"@type":"PropertyValueSpecification","valueRequired":true,"valueName":"search_term_string"}}],"inLanguage":"en-US"},{"@type":"Organization","@id":"https:\/\/cosmeticalixone.com\/en\/#organization","name":"LIXON\u00c9 - Cosm\u00e9tca Natural","url":"https:\/\/cosmeticalixone.com\/en\/","logo":{"@type":"ImageObject","inLanguage":"en-US","@id":"https:\/\/cosmeticalixone.com\/en\/#\/schema\/logo\/image\/","url":"https:\/\/cosmeticalixone.com\/wp-content\/uploads\/lixone-logo-peque\u00f1o.png","contentUrl":"https:\/\/cosmeticalixone.com\/wp-content\/uploads\/lixone-logo-peque\u00f1o.png","width":160,"height":71,"caption":"LIXON\u00c9 - Cosm\u00e9tca Natural"},"image":{"@id":"https:\/\/cosmeticalixone.com\/en\/#\/schema\/logo\/image\/"},"sameAs":["https:\/\/www.facebook.com\/cosmeticalixone","https:\/\/www.instagram.com\/cosmeticalixone\/"]}]}},"_links":{"self":[{"href":"https:\/\/cosmeticalixone.com\/en\/wp-json\/wp\/v2\/product\/30045","targetHints":{"allow":["GET"]}}],"collection":[{"href":"https:\/\/cosmeticalixone.com\/en\/wp-json\/wp\/v2\/product"}],"about":[{"href":"https:\/\/cosmeticalixone.com\/en\/wp-json\/wp\/v2\/types\/product"}],"replies":[{"embeddable":true,"href":"https:\/\/cosmeticalixone.com\/en\/wp-json\/wp\/v2\/comments?post=30045"}],"wp:featuredmedia":[{"embeddable":true,"href":"https:\/\/cosmeticalixone.com\/en\/wp-json\/wp\/v2\/media\/36479"}],"wp:attachment":[{"href":"https:\/\/cosmeticalixone.com\/en\/wp-json\/wp\/v2\/media?parent=30045"}],"wp:term":[{"taxonomy":"product_brand","embeddable":true,"href":"https:\/\/cosmeticalixone.com\/en\/wp-json\/wp\/v2\/product_brand?post=30045"},{"taxonomy":"product_cat","embeddable":true,"href":"https:\/\/cosmeticalixone.com\/en\/wp-json\/wp\/v2\/product_cat?post=30045"},{"taxonomy":"product_tag","embeddable":true,"href":"https:\/\/cosmeticalixone.com\/en\/wp-json\/wp\/v2\/product_tag?post=30045"}],"curies":[{"name":"wp","href":"https:\/\/api.w.org\/{rel}","templated":true}]}}