{"id":25521,"date":"2015-07-05T11:21:44","date_gmt":"2015-07-05T09:21:44","guid":{"rendered":"http:\/\/aplicaciones.debamatika.com\/lixone\/?post_type=product&#038;p=25521"},"modified":"2024-11-01T09:49:16","modified_gmt":"2024-11-01T08:49:16","slug":"day-and-night-cream-argan-oil-organic","status":"publish","type":"product","link":"https:\/\/cosmeticalixone.com\/en\/buy\/creams\/day-and-night-cream-argan-oil-organic\/","title":{"rendered":"DAY and NIGHT cream Argan Oil Organic"},"content":{"rendered":"","protected":false},"excerpt":{"rendered":"<p>For all skin types<\/p>\n<p><strong>Apply on face and neck<\/strong><\/p>\n<p>Non-greasy and easily absorbed<\/p>\n<p>No paraben<\/p>\n<p>Perfume without allergens<\/p>\n","protected":false},"featured_media":35887,"comment_status":"open","ping_status":"closed","template":"","meta":[],"product_brand":[],"product_cat":[390,342,339],"product_tag":[554,456,556,503,504,525,555,505],"class_list":{"0":"post-25521","1":"product","2":"type-product","3":"status-publish","4":"has-post-thumbnail","6":"product_cat-argan-oil","7":"product_cat-creams","8":"product_cat-facial-care","9":"product_tag-anti-wrinkle","10":"product_tag-argan","11":"product_tag-argan-oil","12":"product_tag-cream","13":"product_tag-day","14":"product_tag-ecologic","15":"product_tag-moisturizing","16":"product_tag-night","18":"first","19":"instock","20":"taxable","21":"shipping-taxable","22":"purchasable","23":"product-type-simple"},"yoast_head":"<!-- This site is optimized with the Yoast SEO plugin v27.3 - https:\/\/yoast.com\/product\/yoast-seo-wordpress\/ -->\n<title>Crema de DIA y NOCHE de Aceite de Argan Ecologico<\/title>\n<meta name=\"description\" content=\"Crema rica, nutritiva, de efectos inmediatos. El aceite de Arg\u00e1n, con vitamina E, A y F, ejerce una acci\u00f3n protectora, hidratante, nutritiva y antiarrugas\" \/>\n<meta name=\"robots\" content=\"index, follow, max-snippet:-1, max-image-preview:large, max-video-preview:-1\" \/>\n<link rel=\"canonical\" href=\"https:\/\/cosmeticalixone.com\/en\/buy\/argan-oil\/day-and-night-cream-argan-oil-organic\/\" \/>\n<meta property=\"og:locale\" content=\"en_US\" \/>\n<meta property=\"og:type\" content=\"article\" \/>\n<meta property=\"og:title\" content=\"Crema de DIA y NOCHE de Aceite de Argan Ecologico\" \/>\n<meta property=\"og:description\" content=\"Crema rica, nutritiva, de efectos inmediatos. El aceite de Arg\u00e1n, con vitamina E, A y F, ejerce una acci\u00f3n protectora, hidratante, nutritiva y antiarrugas\" \/>\n<meta property=\"og:url\" content=\"https:\/\/cosmeticalixone.com\/en\/buy\/argan-oil\/day-and-night-cream-argan-oil-organic\/\" \/>\n<meta property=\"og:site_name\" content=\"Lixon\u00e9\" \/>\n<meta property=\"article:publisher\" content=\"https:\/\/www.facebook.com\/cosmeticalixone\" \/>\n<meta property=\"article:modified_time\" content=\"2024-11-01T08:49:16+00:00\" \/>\n<meta property=\"og:image\" content=\"https:\/\/cosmeticalixone.com\/wp-content\/uploads\/crema-dia-noche-argan-2x1-1.jpg\" \/>\n\t<meta property=\"og:image:width\" content=\"450\" \/>\n\t<meta property=\"og:image:height\" content=\"450\" \/>\n\t<meta property=\"og:image:type\" content=\"image\/jpeg\" \/>\n<meta name=\"twitter:card\" content=\"summary_large_image\" \/>\n<meta name=\"twitter:label1\" content=\"Est. reading time\" \/>\n\t<meta name=\"twitter:data1\" content=\"1 minute\" \/>\n<script type=\"application\/ld+json\" class=\"yoast-schema-graph\">{\"@context\":\"https:\\\/\\\/schema.org\",\"@graph\":[{\"@type\":\"WebPage\",\"@id\":\"https:\\\/\\\/cosmeticalixone.com\\\/en\\\/buy\\\/argan-oil\\\/day-and-night-cream-argan-oil-organic\\\/\",\"url\":\"https:\\\/\\\/cosmeticalixone.com\\\/en\\\/buy\\\/argan-oil\\\/day-and-night-cream-argan-oil-organic\\\/\",\"name\":\"Crema de DIA y NOCHE de Aceite de Argan Ecologico\",\"isPartOf\":{\"@id\":\"https:\\\/\\\/cosmeticalixone.com\\\/en\\\/#website\"},\"primaryImageOfPage\":{\"@id\":\"https:\\\/\\\/cosmeticalixone.com\\\/en\\\/buy\\\/argan-oil\\\/day-and-night-cream-argan-oil-organic\\\/#primaryimage\"},\"image\":{\"@id\":\"https:\\\/\\\/cosmeticalixone.com\\\/en\\\/buy\\\/argan-oil\\\/day-and-night-cream-argan-oil-organic\\\/#primaryimage\"},\"thumbnailUrl\":\"https:\\\/\\\/cosmeticalixone.com\\\/wp-content\\\/uploads\\\/crema-dia-noche-argan.jpg\",\"datePublished\":\"2015-07-05T09:21:44+00:00\",\"dateModified\":\"2024-11-01T08:49:16+00:00\",\"description\":\"Crema rica, nutritiva, de efectos inmediatos. El aceite de Arg\u00e1n, con vitamina E, A y F, ejerce una acci\u00f3n protectora, hidratante, nutritiva y antiarrugas\",\"breadcrumb\":{\"@id\":\"https:\\\/\\\/cosmeticalixone.com\\\/en\\\/buy\\\/argan-oil\\\/day-and-night-cream-argan-oil-organic\\\/#breadcrumb\"},\"inLanguage\":\"en-US\",\"potentialAction\":[{\"@type\":\"ReadAction\",\"target\":[\"https:\\\/\\\/cosmeticalixone.com\\\/en\\\/buy\\\/argan-oil\\\/day-and-night-cream-argan-oil-organic\\\/\"]}]},{\"@type\":\"ImageObject\",\"inLanguage\":\"en-US\",\"@id\":\"https:\\\/\\\/cosmeticalixone.com\\\/en\\\/buy\\\/argan-oil\\\/day-and-night-cream-argan-oil-organic\\\/#primaryimage\",\"url\":\"https:\\\/\\\/cosmeticalixone.com\\\/wp-content\\\/uploads\\\/crema-dia-noche-argan.jpg\",\"contentUrl\":\"https:\\\/\\\/cosmeticalixone.com\\\/wp-content\\\/uploads\\\/crema-dia-noche-argan.jpg\",\"width\":450,\"height\":450},{\"@type\":\"BreadcrumbList\",\"@id\":\"https:\\\/\\\/cosmeticalixone.com\\\/en\\\/buy\\\/argan-oil\\\/day-and-night-cream-argan-oil-organic\\\/#breadcrumb\",\"itemListElement\":[{\"@type\":\"ListItem\",\"position\":1,\"name\":\"Home\",\"item\":\"https:\\\/\\\/cosmeticalixone.com\\\/en\\\/\"},{\"@type\":\"ListItem\",\"position\":2,\"name\":\"Store\",\"item\":\"https:\\\/\\\/cosmeticalixone.com\\\/en\\\/online-store\\\/\"},{\"@type\":\"ListItem\",\"position\":3,\"name\":\"DAY and NIGHT cream Argan Oil Organic\"}]},{\"@type\":\"WebSite\",\"@id\":\"https:\\\/\\\/cosmeticalixone.com\\\/en\\\/#website\",\"url\":\"https:\\\/\\\/cosmeticalixone.com\\\/en\\\/\",\"name\":\"Lixon\u00e9\",\"description\":\"Laboratorios LIXON\u00c9, nace en 1986 para dar respuesta a las necesidades Dermatol\u00f3gicas, de Cosm\u00e9tica e Higiene Personal, a trav\u00e9s de la fabricaci\u00f3n de productos naturales con extractos vegetales.\",\"publisher\":{\"@id\":\"https:\\\/\\\/cosmeticalixone.com\\\/en\\\/#organization\"},\"potentialAction\":[{\"@type\":\"SearchAction\",\"target\":{\"@type\":\"EntryPoint\",\"urlTemplate\":\"https:\\\/\\\/cosmeticalixone.com\\\/en\\\/?s={search_term_string}\"},\"query-input\":{\"@type\":\"PropertyValueSpecification\",\"valueRequired\":true,\"valueName\":\"search_term_string\"}}],\"inLanguage\":\"en-US\"},{\"@type\":\"Organization\",\"@id\":\"https:\\\/\\\/cosmeticalixone.com\\\/en\\\/#organization\",\"name\":\"LIXON\u00c9 - Cosm\u00e9tca Natural\",\"url\":\"https:\\\/\\\/cosmeticalixone.com\\\/en\\\/\",\"logo\":{\"@type\":\"ImageObject\",\"inLanguage\":\"en-US\",\"@id\":\"https:\\\/\\\/cosmeticalixone.com\\\/en\\\/#\\\/schema\\\/logo\\\/image\\\/\",\"url\":\"https:\\\/\\\/cosmeticalixone.com\\\/wp-content\\\/uploads\\\/lixone-logo-peque\u00f1o.png\",\"contentUrl\":\"https:\\\/\\\/cosmeticalixone.com\\\/wp-content\\\/uploads\\\/lixone-logo-peque\u00f1o.png\",\"width\":160,\"height\":71,\"caption\":\"LIXON\u00c9 - Cosm\u00e9tca Natural\"},\"image\":{\"@id\":\"https:\\\/\\\/cosmeticalixone.com\\\/en\\\/#\\\/schema\\\/logo\\\/image\\\/\"},\"sameAs\":[\"https:\\\/\\\/www.facebook.com\\\/cosmeticalixone\",\"https:\\\/\\\/www.instagram.com\\\/cosmeticalixone\\\/\"]}]}<\/script>\n<!-- \/ Yoast SEO plugin. -->","yoast_head_json":{"title":"Crema de DIA y NOCHE de Aceite de Argan Ecologico","description":"Crema rica, nutritiva, de efectos inmediatos. El aceite de Arg\u00e1n, con vitamina E, A y F, ejerce una acci\u00f3n protectora, hidratante, nutritiva y antiarrugas","robots":{"index":"index","follow":"follow","max-snippet":"max-snippet:-1","max-image-preview":"max-image-preview:large","max-video-preview":"max-video-preview:-1"},"canonical":"https:\/\/cosmeticalixone.com\/en\/buy\/argan-oil\/day-and-night-cream-argan-oil-organic\/","og_locale":"en_US","og_type":"article","og_title":"Crema de DIA y NOCHE de Aceite de Argan Ecologico","og_description":"Crema rica, nutritiva, de efectos inmediatos. El aceite de Arg\u00e1n, con vitamina E, A y F, ejerce una acci\u00f3n protectora, hidratante, nutritiva y antiarrugas","og_url":"https:\/\/cosmeticalixone.com\/en\/buy\/argan-oil\/day-and-night-cream-argan-oil-organic\/","og_site_name":"Lixon\u00e9","article_publisher":"https:\/\/www.facebook.com\/cosmeticalixone","article_modified_time":"2024-11-01T08:49:16+00:00","og_image":[{"width":450,"height":450,"url":"https:\/\/cosmeticalixone.com\/wp-content\/uploads\/crema-dia-noche-argan-2x1-1.jpg","type":"image\/jpeg"}],"twitter_card":"summary_large_image","twitter_misc":{"Est. reading time":"1 minute"},"schema":{"@context":"https:\/\/schema.org","@graph":[{"@type":"WebPage","@id":"https:\/\/cosmeticalixone.com\/en\/buy\/argan-oil\/day-and-night-cream-argan-oil-organic\/","url":"https:\/\/cosmeticalixone.com\/en\/buy\/argan-oil\/day-and-night-cream-argan-oil-organic\/","name":"Crema de DIA y NOCHE de Aceite de Argan Ecologico","isPartOf":{"@id":"https:\/\/cosmeticalixone.com\/en\/#website"},"primaryImageOfPage":{"@id":"https:\/\/cosmeticalixone.com\/en\/buy\/argan-oil\/day-and-night-cream-argan-oil-organic\/#primaryimage"},"image":{"@id":"https:\/\/cosmeticalixone.com\/en\/buy\/argan-oil\/day-and-night-cream-argan-oil-organic\/#primaryimage"},"thumbnailUrl":"https:\/\/cosmeticalixone.com\/wp-content\/uploads\/crema-dia-noche-argan.jpg","datePublished":"2015-07-05T09:21:44+00:00","dateModified":"2024-11-01T08:49:16+00:00","description":"Crema rica, nutritiva, de efectos inmediatos. El aceite de Arg\u00e1n, con vitamina E, A y F, ejerce una acci\u00f3n protectora, hidratante, nutritiva y antiarrugas","breadcrumb":{"@id":"https:\/\/cosmeticalixone.com\/en\/buy\/argan-oil\/day-and-night-cream-argan-oil-organic\/#breadcrumb"},"inLanguage":"en-US","potentialAction":[{"@type":"ReadAction","target":["https:\/\/cosmeticalixone.com\/en\/buy\/argan-oil\/day-and-night-cream-argan-oil-organic\/"]}]},{"@type":"ImageObject","inLanguage":"en-US","@id":"https:\/\/cosmeticalixone.com\/en\/buy\/argan-oil\/day-and-night-cream-argan-oil-organic\/#primaryimage","url":"https:\/\/cosmeticalixone.com\/wp-content\/uploads\/crema-dia-noche-argan.jpg","contentUrl":"https:\/\/cosmeticalixone.com\/wp-content\/uploads\/crema-dia-noche-argan.jpg","width":450,"height":450},{"@type":"BreadcrumbList","@id":"https:\/\/cosmeticalixone.com\/en\/buy\/argan-oil\/day-and-night-cream-argan-oil-organic\/#breadcrumb","itemListElement":[{"@type":"ListItem","position":1,"name":"Home","item":"https:\/\/cosmeticalixone.com\/en\/"},{"@type":"ListItem","position":2,"name":"Store","item":"https:\/\/cosmeticalixone.com\/en\/online-store\/"},{"@type":"ListItem","position":3,"name":"DAY and NIGHT cream Argan Oil Organic"}]},{"@type":"WebSite","@id":"https:\/\/cosmeticalixone.com\/en\/#website","url":"https:\/\/cosmeticalixone.com\/en\/","name":"Lixon\u00e9","description":"Laboratorios LIXON\u00c9, nace en 1986 para dar respuesta a las necesidades Dermatol\u00f3gicas, de Cosm\u00e9tica e Higiene Personal, a trav\u00e9s de la fabricaci\u00f3n de productos naturales con extractos vegetales.","publisher":{"@id":"https:\/\/cosmeticalixone.com\/en\/#organization"},"potentialAction":[{"@type":"SearchAction","target":{"@type":"EntryPoint","urlTemplate":"https:\/\/cosmeticalixone.com\/en\/?s={search_term_string}"},"query-input":{"@type":"PropertyValueSpecification","valueRequired":true,"valueName":"search_term_string"}}],"inLanguage":"en-US"},{"@type":"Organization","@id":"https:\/\/cosmeticalixone.com\/en\/#organization","name":"LIXON\u00c9 - Cosm\u00e9tca Natural","url":"https:\/\/cosmeticalixone.com\/en\/","logo":{"@type":"ImageObject","inLanguage":"en-US","@id":"https:\/\/cosmeticalixone.com\/en\/#\/schema\/logo\/image\/","url":"https:\/\/cosmeticalixone.com\/wp-content\/uploads\/lixone-logo-peque\u00f1o.png","contentUrl":"https:\/\/cosmeticalixone.com\/wp-content\/uploads\/lixone-logo-peque\u00f1o.png","width":160,"height":71,"caption":"LIXON\u00c9 - Cosm\u00e9tca Natural"},"image":{"@id":"https:\/\/cosmeticalixone.com\/en\/#\/schema\/logo\/image\/"},"sameAs":["https:\/\/www.facebook.com\/cosmeticalixone","https:\/\/www.instagram.com\/cosmeticalixone\/"]}]}},"_links":{"self":[{"href":"https:\/\/cosmeticalixone.com\/en\/wp-json\/wp\/v2\/product\/25521","targetHints":{"allow":["GET"]}}],"collection":[{"href":"https:\/\/cosmeticalixone.com\/en\/wp-json\/wp\/v2\/product"}],"about":[{"href":"https:\/\/cosmeticalixone.com\/en\/wp-json\/wp\/v2\/types\/product"}],"replies":[{"embeddable":true,"href":"https:\/\/cosmeticalixone.com\/en\/wp-json\/wp\/v2\/comments?post=25521"}],"wp:featuredmedia":[{"embeddable":true,"href":"https:\/\/cosmeticalixone.com\/en\/wp-json\/wp\/v2\/media\/35887"}],"wp:attachment":[{"href":"https:\/\/cosmeticalixone.com\/en\/wp-json\/wp\/v2\/media?parent=25521"}],"wp:term":[{"taxonomy":"product_brand","embeddable":true,"href":"https:\/\/cosmeticalixone.com\/en\/wp-json\/wp\/v2\/product_brand?post=25521"},{"taxonomy":"product_cat","embeddable":true,"href":"https:\/\/cosmeticalixone.com\/en\/wp-json\/wp\/v2\/product_cat?post=25521"},{"taxonomy":"product_tag","embeddable":true,"href":"https:\/\/cosmeticalixone.com\/en\/wp-json\/wp\/v2\/product_tag?post=25521"}],"curies":[{"name":"wp","href":"https:\/\/api.w.org\/{rel}","templated":true}]}}