{"id":25515,"date":"2015-05-29T11:42:53","date_gmt":"2015-05-29T09:42:53","guid":{"rendered":"http:\/\/aplicaciones.debamatika.com\/lixone\/?post_type=product&#038;p=25515"},"modified":"2021-12-02T22:38:16","modified_gmt":"2021-12-02T21:38:16","slug":"normal-hair-shampoo-aloe-vera-100-ml","status":"publish","type":"product","link":"https:\/\/cosmeticalixone.com\/en\/buy\/shampoo\/normal-hair-shampoo-aloe-vera-100-ml\/","title":{"rendered":"NORMAL HAIR SHAMPOO Aloe Vera 100 ml"},"content":{"rendered":"","protected":false},"excerpt":{"rendered":"<p class=\"tw-data-text vk_txt tw-ta tw-text-small\" id=\"tw-target-text\" dir=\"ltr\"><span lang=\"en\" xml:lang=\"en\">For brittle hair<\/span><\/p>\n<p class=\"tw-data-text vk_txt tw-ta tw-text-small\" dir=\"ltr\"><span lang=\"en\" xml:lang=\"en\">Strengthens and revitalizes<\/span><\/p>\n<p class=\"tw-data-text vk_txt tw-ta tw-text-small\" dir=\"ltr\"><span lang=\"en\" xml:lang=\"en\">Travel size<\/span><\/p>\n<p class=\"tw-data-text vk_txt tw-ta tw-text-small\" dir=\"ltr\"><span lang=\"en\" xml:lang=\"en\">No colorings <\/span><\/p>\n<p class=\"tw-data-text vk_txt tw-ta tw-text-small\" dir=\"ltr\"><span lang=\"en\" xml:lang=\"en\">Aloe Vera Gel active ( ACTIValoe &#x2122; )<\/span><\/p>\n<p><img src=\"http:\/\/cosmeticalixone.com\/img\/cms\/activaloe.png\" alt=\"Lixone Cosmetics - Active vegetable Gel (ACTIValoe&#x2122;)\" width=\"100\" height=\"30\" \/><\/p>\n","protected":false},"featured_media":33986,"comment_status":"open","ping_status":"closed","template":"","meta":[],"product_brand":[],"product_cat":[396,327,330],"product_tag":[428,487,552],"class_list":{"0":"post-25515","1":"product","2":"type-product","3":"status-publish","4":"has-post-thumbnail","6":"product_cat-aloe-vera-family","7":"product_cat-hair-care","8":"product_cat-shampoo","9":"product_tag-aloe-vera","10":"product_tag-shampoo","11":"product_tag-travel","13":"first","14":"instock","15":"taxable","16":"shipping-taxable","17":"purchasable","18":"product-type-simple"},"yoast_head":"<!-- This site is optimized with the Yoast SEO plugin v27.3 - https:\/\/yoast.com\/product\/yoast-seo-wordpress\/ -->\n<title>CHAMPU CABELLOS NORMALES de Aloe Vera 100 ml<\/title>\n<meta name=\"description\" content=\"Nuestro champ\u00fa de Aloe Vera indicado para cabellos normales, en un c\u00f3modo formato para ir de viaje, vacaciones o al gimnasio. Certificado por ACTIValoe\" \/>\n<meta name=\"robots\" content=\"index, follow, max-snippet:-1, max-image-preview:large, max-video-preview:-1\" \/>\n<link rel=\"canonical\" href=\"https:\/\/cosmeticalixone.com\/en\/normal-hair-shampoo-aloe-vera-100-ml\/\" \/>\n<meta property=\"og:locale\" content=\"en_US\" \/>\n<meta property=\"og:type\" content=\"article\" \/>\n<meta property=\"og:title\" content=\"CHAMPU CABELLOS NORMALES de Aloe Vera 100 ml\" \/>\n<meta property=\"og:description\" content=\"Nuestro champ\u00fa de Aloe Vera indicado para cabellos normales, en un c\u00f3modo formato para ir de viaje, vacaciones o al gimnasio. Certificado por ACTIValoe\" \/>\n<meta property=\"og:url\" content=\"https:\/\/cosmeticalixone.com\/en\/normal-hair-shampoo-aloe-vera-100-ml\/\" \/>\n<meta property=\"og:site_name\" content=\"Lixon\u00e9\" \/>\n<meta property=\"article:publisher\" content=\"https:\/\/www.facebook.com\/cosmeticalixone\" \/>\n<meta property=\"article:modified_time\" content=\"2021-12-02T21:38:16+00:00\" \/>\n<meta property=\"og:image\" content=\"https:\/\/cosmeticalixone.com\/wp-content\/uploads\/champu-aloe-vera-normales-100ml.jpg\" \/>\n\t<meta property=\"og:image:width\" content=\"450\" \/>\n\t<meta property=\"og:image:height\" content=\"450\" \/>\n\t<meta property=\"og:image:type\" content=\"image\/jpeg\" \/>\n<meta name=\"twitter:card\" content=\"summary_large_image\" \/>\n<script type=\"application\/ld+json\" class=\"yoast-schema-graph\">{\"@context\":\"https:\\\/\\\/schema.org\",\"@graph\":[{\"@type\":\"WebPage\",\"@id\":\"https:\\\/\\\/cosmeticalixone.com\\\/en\\\/normal-hair-shampoo-aloe-vera-100-ml\\\/\",\"url\":\"https:\\\/\\\/cosmeticalixone.com\\\/en\\\/normal-hair-shampoo-aloe-vera-100-ml\\\/\",\"name\":\"CHAMPU CABELLOS NORMALES de Aloe Vera 100 ml\",\"isPartOf\":{\"@id\":\"https:\\\/\\\/cosmeticalixone.com\\\/en\\\/#website\"},\"primaryImageOfPage\":{\"@id\":\"https:\\\/\\\/cosmeticalixone.com\\\/en\\\/normal-hair-shampoo-aloe-vera-100-ml\\\/#primaryimage\"},\"image\":{\"@id\":\"https:\\\/\\\/cosmeticalixone.com\\\/en\\\/normal-hair-shampoo-aloe-vera-100-ml\\\/#primaryimage\"},\"thumbnailUrl\":\"https:\\\/\\\/cosmeticalixone.com\\\/wp-content\\\/uploads\\\/champu-aloe-vera-normales-100ml.jpg\",\"datePublished\":\"2015-05-29T09:42:53+00:00\",\"dateModified\":\"2021-12-02T21:38:16+00:00\",\"description\":\"Nuestro champ\u00fa de Aloe Vera indicado para cabellos normales, en un c\u00f3modo formato para ir de viaje, vacaciones o al gimnasio. Certificado por ACTIValoe\",\"breadcrumb\":{\"@id\":\"https:\\\/\\\/cosmeticalixone.com\\\/en\\\/normal-hair-shampoo-aloe-vera-100-ml\\\/#breadcrumb\"},\"inLanguage\":\"en-US\",\"potentialAction\":[{\"@type\":\"ReadAction\",\"target\":[\"https:\\\/\\\/cosmeticalixone.com\\\/en\\\/normal-hair-shampoo-aloe-vera-100-ml\\\/\"]}]},{\"@type\":\"ImageObject\",\"inLanguage\":\"en-US\",\"@id\":\"https:\\\/\\\/cosmeticalixone.com\\\/en\\\/normal-hair-shampoo-aloe-vera-100-ml\\\/#primaryimage\",\"url\":\"https:\\\/\\\/cosmeticalixone.com\\\/wp-content\\\/uploads\\\/champu-aloe-vera-normales-100ml.jpg\",\"contentUrl\":\"https:\\\/\\\/cosmeticalixone.com\\\/wp-content\\\/uploads\\\/champu-aloe-vera-normales-100ml.jpg\",\"width\":450,\"height\":450},{\"@type\":\"BreadcrumbList\",\"@id\":\"https:\\\/\\\/cosmeticalixone.com\\\/en\\\/normal-hair-shampoo-aloe-vera-100-ml\\\/#breadcrumb\",\"itemListElement\":[{\"@type\":\"ListItem\",\"position\":1,\"name\":\"Home\",\"item\":\"https:\\\/\\\/cosmeticalixone.com\\\/en\\\/\"},{\"@type\":\"ListItem\",\"position\":2,\"name\":\"Store\",\"item\":\"https:\\\/\\\/cosmeticalixone.com\\\/en\\\/online-store\\\/\"},{\"@type\":\"ListItem\",\"position\":3,\"name\":\"NORMAL HAIR SHAMPOO Aloe Vera 100 ml\"}]},{\"@type\":\"WebSite\",\"@id\":\"https:\\\/\\\/cosmeticalixone.com\\\/en\\\/#website\",\"url\":\"https:\\\/\\\/cosmeticalixone.com\\\/en\\\/\",\"name\":\"Lixon\u00e9\",\"description\":\"Laboratorios LIXON\u00c9, nace en 1986 para dar respuesta a las necesidades Dermatol\u00f3gicas, de Cosm\u00e9tica e Higiene Personal, a trav\u00e9s de la fabricaci\u00f3n de productos naturales con extractos vegetales.\",\"publisher\":{\"@id\":\"https:\\\/\\\/cosmeticalixone.com\\\/en\\\/#organization\"},\"potentialAction\":[{\"@type\":\"SearchAction\",\"target\":{\"@type\":\"EntryPoint\",\"urlTemplate\":\"https:\\\/\\\/cosmeticalixone.com\\\/en\\\/?s={search_term_string}\"},\"query-input\":{\"@type\":\"PropertyValueSpecification\",\"valueRequired\":true,\"valueName\":\"search_term_string\"}}],\"inLanguage\":\"en-US\"},{\"@type\":\"Organization\",\"@id\":\"https:\\\/\\\/cosmeticalixone.com\\\/en\\\/#organization\",\"name\":\"LIXON\u00c9 - Cosm\u00e9tca Natural\",\"url\":\"https:\\\/\\\/cosmeticalixone.com\\\/en\\\/\",\"logo\":{\"@type\":\"ImageObject\",\"inLanguage\":\"en-US\",\"@id\":\"https:\\\/\\\/cosmeticalixone.com\\\/en\\\/#\\\/schema\\\/logo\\\/image\\\/\",\"url\":\"https:\\\/\\\/cosmeticalixone.com\\\/wp-content\\\/uploads\\\/lixone-logo-peque\u00f1o.png\",\"contentUrl\":\"https:\\\/\\\/cosmeticalixone.com\\\/wp-content\\\/uploads\\\/lixone-logo-peque\u00f1o.png\",\"width\":160,\"height\":71,\"caption\":\"LIXON\u00c9 - Cosm\u00e9tca Natural\"},\"image\":{\"@id\":\"https:\\\/\\\/cosmeticalixone.com\\\/en\\\/#\\\/schema\\\/logo\\\/image\\\/\"},\"sameAs\":[\"https:\\\/\\\/www.facebook.com\\\/cosmeticalixone\",\"https:\\\/\\\/www.instagram.com\\\/cosmeticalixone\\\/\"]}]}<\/script>\n<!-- \/ Yoast SEO plugin. -->","yoast_head_json":{"title":"CHAMPU CABELLOS NORMALES de Aloe Vera 100 ml","description":"Nuestro champ\u00fa de Aloe Vera indicado para cabellos normales, en un c\u00f3modo formato para ir de viaje, vacaciones o al gimnasio. Certificado por ACTIValoe","robots":{"index":"index","follow":"follow","max-snippet":"max-snippet:-1","max-image-preview":"max-image-preview:large","max-video-preview":"max-video-preview:-1"},"canonical":"https:\/\/cosmeticalixone.com\/en\/normal-hair-shampoo-aloe-vera-100-ml\/","og_locale":"en_US","og_type":"article","og_title":"CHAMPU CABELLOS NORMALES de Aloe Vera 100 ml","og_description":"Nuestro champ\u00fa de Aloe Vera indicado para cabellos normales, en un c\u00f3modo formato para ir de viaje, vacaciones o al gimnasio. Certificado por ACTIValoe","og_url":"https:\/\/cosmeticalixone.com\/en\/normal-hair-shampoo-aloe-vera-100-ml\/","og_site_name":"Lixon\u00e9","article_publisher":"https:\/\/www.facebook.com\/cosmeticalixone","article_modified_time":"2021-12-02T21:38:16+00:00","og_image":[{"width":450,"height":450,"url":"https:\/\/cosmeticalixone.com\/wp-content\/uploads\/champu-aloe-vera-normales-100ml.jpg","type":"image\/jpeg"}],"twitter_card":"summary_large_image","schema":{"@context":"https:\/\/schema.org","@graph":[{"@type":"WebPage","@id":"https:\/\/cosmeticalixone.com\/en\/normal-hair-shampoo-aloe-vera-100-ml\/","url":"https:\/\/cosmeticalixone.com\/en\/normal-hair-shampoo-aloe-vera-100-ml\/","name":"CHAMPU CABELLOS NORMALES de Aloe Vera 100 ml","isPartOf":{"@id":"https:\/\/cosmeticalixone.com\/en\/#website"},"primaryImageOfPage":{"@id":"https:\/\/cosmeticalixone.com\/en\/normal-hair-shampoo-aloe-vera-100-ml\/#primaryimage"},"image":{"@id":"https:\/\/cosmeticalixone.com\/en\/normal-hair-shampoo-aloe-vera-100-ml\/#primaryimage"},"thumbnailUrl":"https:\/\/cosmeticalixone.com\/wp-content\/uploads\/champu-aloe-vera-normales-100ml.jpg","datePublished":"2015-05-29T09:42:53+00:00","dateModified":"2021-12-02T21:38:16+00:00","description":"Nuestro champ\u00fa de Aloe Vera indicado para cabellos normales, en un c\u00f3modo formato para ir de viaje, vacaciones o al gimnasio. Certificado por ACTIValoe","breadcrumb":{"@id":"https:\/\/cosmeticalixone.com\/en\/normal-hair-shampoo-aloe-vera-100-ml\/#breadcrumb"},"inLanguage":"en-US","potentialAction":[{"@type":"ReadAction","target":["https:\/\/cosmeticalixone.com\/en\/normal-hair-shampoo-aloe-vera-100-ml\/"]}]},{"@type":"ImageObject","inLanguage":"en-US","@id":"https:\/\/cosmeticalixone.com\/en\/normal-hair-shampoo-aloe-vera-100-ml\/#primaryimage","url":"https:\/\/cosmeticalixone.com\/wp-content\/uploads\/champu-aloe-vera-normales-100ml.jpg","contentUrl":"https:\/\/cosmeticalixone.com\/wp-content\/uploads\/champu-aloe-vera-normales-100ml.jpg","width":450,"height":450},{"@type":"BreadcrumbList","@id":"https:\/\/cosmeticalixone.com\/en\/normal-hair-shampoo-aloe-vera-100-ml\/#breadcrumb","itemListElement":[{"@type":"ListItem","position":1,"name":"Home","item":"https:\/\/cosmeticalixone.com\/en\/"},{"@type":"ListItem","position":2,"name":"Store","item":"https:\/\/cosmeticalixone.com\/en\/online-store\/"},{"@type":"ListItem","position":3,"name":"NORMAL HAIR SHAMPOO Aloe Vera 100 ml"}]},{"@type":"WebSite","@id":"https:\/\/cosmeticalixone.com\/en\/#website","url":"https:\/\/cosmeticalixone.com\/en\/","name":"Lixon\u00e9","description":"Laboratorios LIXON\u00c9, nace en 1986 para dar respuesta a las necesidades Dermatol\u00f3gicas, de Cosm\u00e9tica e Higiene Personal, a trav\u00e9s de la fabricaci\u00f3n de productos naturales con extractos vegetales.","publisher":{"@id":"https:\/\/cosmeticalixone.com\/en\/#organization"},"potentialAction":[{"@type":"SearchAction","target":{"@type":"EntryPoint","urlTemplate":"https:\/\/cosmeticalixone.com\/en\/?s={search_term_string}"},"query-input":{"@type":"PropertyValueSpecification","valueRequired":true,"valueName":"search_term_string"}}],"inLanguage":"en-US"},{"@type":"Organization","@id":"https:\/\/cosmeticalixone.com\/en\/#organization","name":"LIXON\u00c9 - Cosm\u00e9tca Natural","url":"https:\/\/cosmeticalixone.com\/en\/","logo":{"@type":"ImageObject","inLanguage":"en-US","@id":"https:\/\/cosmeticalixone.com\/en\/#\/schema\/logo\/image\/","url":"https:\/\/cosmeticalixone.com\/wp-content\/uploads\/lixone-logo-peque\u00f1o.png","contentUrl":"https:\/\/cosmeticalixone.com\/wp-content\/uploads\/lixone-logo-peque\u00f1o.png","width":160,"height":71,"caption":"LIXON\u00c9 - Cosm\u00e9tca Natural"},"image":{"@id":"https:\/\/cosmeticalixone.com\/en\/#\/schema\/logo\/image\/"},"sameAs":["https:\/\/www.facebook.com\/cosmeticalixone","https:\/\/www.instagram.com\/cosmeticalixone\/"]}]}},"_links":{"self":[{"href":"https:\/\/cosmeticalixone.com\/en\/wp-json\/wp\/v2\/product\/25515","targetHints":{"allow":["GET"]}}],"collection":[{"href":"https:\/\/cosmeticalixone.com\/en\/wp-json\/wp\/v2\/product"}],"about":[{"href":"https:\/\/cosmeticalixone.com\/en\/wp-json\/wp\/v2\/types\/product"}],"replies":[{"embeddable":true,"href":"https:\/\/cosmeticalixone.com\/en\/wp-json\/wp\/v2\/comments?post=25515"}],"wp:featuredmedia":[{"embeddable":true,"href":"https:\/\/cosmeticalixone.com\/en\/wp-json\/wp\/v2\/media\/33986"}],"wp:attachment":[{"href":"https:\/\/cosmeticalixone.com\/en\/wp-json\/wp\/v2\/media?parent=25515"}],"wp:term":[{"taxonomy":"product_brand","embeddable":true,"href":"https:\/\/cosmeticalixone.com\/en\/wp-json\/wp\/v2\/product_brand?post=25515"},{"taxonomy":"product_cat","embeddable":true,"href":"https:\/\/cosmeticalixone.com\/en\/wp-json\/wp\/v2\/product_cat?post=25515"},{"taxonomy":"product_tag","embeddable":true,"href":"https:\/\/cosmeticalixone.com\/en\/wp-json\/wp\/v2\/product_tag?post=25515"}],"curies":[{"name":"wp","href":"https:\/\/api.w.org\/{rel}","templated":true}]}}