{"id":25501,"date":"2015-04-14T14:17:49","date_gmt":"2015-04-14T12:17:49","guid":{"rendered":"http:\/\/aplicaciones.debamatika.com\/lixone\/?post_type=product&#038;p=25501"},"modified":"2021-12-02T22:39:05","modified_gmt":"2021-12-02T21:39:05","slug":"pack-lixon-nature-with-organic-extra-virgin-olive-oil","status":"publish","type":"product","link":"https:\/\/cosmeticalixone.com\/en\/buy\/gifts\/pack-lixon-nature-with-organic-extra-virgin-olive-oil\/","title":{"rendered":"PACK LIXON\u00c9 NATURE with organic Extra Virgin olive oil"},"content":{"rendered":"","protected":false},"excerpt":{"rendered":"<h5 style=\"text-align:left;\"><span style=\"color:#2445a2;\"><strong>SHOWER GEL + BOD MILK + HAND CREAM organic Extra Virgin olive oil\u00a0<\/strong><\/span><\/h5>\n<p>Suitable for all skin types.<\/p>\n<p>With a high content of oil Extra Virgin olive, of organic farming and vegetable Glycerin<\/p>\n<p>They contain no allergens, or parabens.<\/p>\n<p>No silicone or paraffin.<\/p>\n<p>There is no mineral oils.<\/p>\n<p><img src=\"http:\/\/cosmeticalixone.com\/img\/cms\/caae.png\" alt=\"Lixone Cosmtics - Certified by CAAE\" width=\"100\" height=\"63\" \/><\/p>\n","protected":false},"featured_media":27705,"comment_status":"open","ping_status":"closed","template":"","meta":[],"product_brand":[],"product_cat":[402],"product_tag":[525,549,491],"class_list":{"0":"post-25501","1":"product","2":"type-product","3":"status-publish","4":"has-post-thumbnail","6":"product_cat-gifts","7":"product_tag-ecologic","8":"product_tag-present","9":"product_tag-virgin-extra","11":"first","12":"instock","13":"taxable","14":"shipping-taxable","15":"purchasable","16":"product-type-simple"},"yoast_head":"<!-- This site is optimized with the Yoast SEO plugin v27.3 - https:\/\/yoast.com\/product\/yoast-seo-wordpress\/ -->\n<title>PACK LIXONE NATURE<\/title>\n<meta name=\"description\" content=\"Envase compuesto de GEL de DUCHA + LECHE CORPORAL + CREMA de MANOS de Aceite de Oliva Virgen Extra Ecol\u00f3gico. Alto contenido en Aceite de Oliva ecol\u00f3gico.\" \/>\n<meta name=\"robots\" content=\"index, follow, max-snippet:-1, max-image-preview:large, max-video-preview:-1\" \/>\n<link rel=\"canonical\" href=\"https:\/\/cosmeticalixone.com\/en\/pack-lixon-nature-with-organic-extra-virgin-olive-oil\/\" \/>\n<meta property=\"og:locale\" content=\"en_US\" \/>\n<meta property=\"og:type\" content=\"article\" \/>\n<meta property=\"og:title\" content=\"PACK LIXONE NATURE\" \/>\n<meta property=\"og:description\" content=\"Envase compuesto de GEL de DUCHA + LECHE CORPORAL + CREMA de MANOS de Aceite de Oliva Virgen Extra Ecol\u00f3gico. Alto contenido en Aceite de Oliva ecol\u00f3gico.\" \/>\n<meta property=\"og:url\" content=\"https:\/\/cosmeticalixone.com\/en\/pack-lixon-nature-with-organic-extra-virgin-olive-oil\/\" \/>\n<meta property=\"og:site_name\" content=\"Lixon\u00e9\" \/>\n<meta property=\"article:publisher\" content=\"https:\/\/www.facebook.com\/cosmeticalixone\" \/>\n<meta property=\"article:modified_time\" content=\"2021-12-02T21:39:05+00:00\" \/>\n<meta property=\"og:image\" content=\"https:\/\/cosmeticalixone.com\/wp-content\/uploads\/pack-lixone-nature.jpg\" \/>\n\t<meta property=\"og:image:width\" content=\"450\" \/>\n\t<meta property=\"og:image:height\" content=\"450\" \/>\n\t<meta property=\"og:image:type\" content=\"image\/jpeg\" \/>\n<meta name=\"twitter:card\" content=\"summary_large_image\" \/>\n<script type=\"application\/ld+json\" class=\"yoast-schema-graph\">{\"@context\":\"https:\\\/\\\/schema.org\",\"@graph\":[{\"@type\":\"WebPage\",\"@id\":\"https:\\\/\\\/cosmeticalixone.com\\\/en\\\/pack-lixon-nature-with-organic-extra-virgin-olive-oil\\\/\",\"url\":\"https:\\\/\\\/cosmeticalixone.com\\\/en\\\/pack-lixon-nature-with-organic-extra-virgin-olive-oil\\\/\",\"name\":\"PACK LIXONE NATURE\",\"isPartOf\":{\"@id\":\"https:\\\/\\\/cosmeticalixone.com\\\/en\\\/#website\"},\"primaryImageOfPage\":{\"@id\":\"https:\\\/\\\/cosmeticalixone.com\\\/en\\\/pack-lixon-nature-with-organic-extra-virgin-olive-oil\\\/#primaryimage\"},\"image\":{\"@id\":\"https:\\\/\\\/cosmeticalixone.com\\\/en\\\/pack-lixon-nature-with-organic-extra-virgin-olive-oil\\\/#primaryimage\"},\"thumbnailUrl\":\"https:\\\/\\\/cosmeticalixone.com\\\/wp-content\\\/uploads\\\/pack-lixone-nature.jpg\",\"datePublished\":\"2015-04-14T12:17:49+00:00\",\"dateModified\":\"2021-12-02T21:39:05+00:00\",\"description\":\"Envase compuesto de GEL de DUCHA + LECHE CORPORAL + CREMA de MANOS de Aceite de Oliva Virgen Extra Ecol\u00f3gico. Alto contenido en Aceite de Oliva ecol\u00f3gico.\",\"breadcrumb\":{\"@id\":\"https:\\\/\\\/cosmeticalixone.com\\\/en\\\/pack-lixon-nature-with-organic-extra-virgin-olive-oil\\\/#breadcrumb\"},\"inLanguage\":\"en-US\",\"potentialAction\":[{\"@type\":\"ReadAction\",\"target\":[\"https:\\\/\\\/cosmeticalixone.com\\\/en\\\/pack-lixon-nature-with-organic-extra-virgin-olive-oil\\\/\"]}]},{\"@type\":\"ImageObject\",\"inLanguage\":\"en-US\",\"@id\":\"https:\\\/\\\/cosmeticalixone.com\\\/en\\\/pack-lixon-nature-with-organic-extra-virgin-olive-oil\\\/#primaryimage\",\"url\":\"https:\\\/\\\/cosmeticalixone.com\\\/wp-content\\\/uploads\\\/pack-lixone-nature.jpg\",\"contentUrl\":\"https:\\\/\\\/cosmeticalixone.com\\\/wp-content\\\/uploads\\\/pack-lixone-nature.jpg\",\"width\":450,\"height\":450},{\"@type\":\"BreadcrumbList\",\"@id\":\"https:\\\/\\\/cosmeticalixone.com\\\/en\\\/pack-lixon-nature-with-organic-extra-virgin-olive-oil\\\/#breadcrumb\",\"itemListElement\":[{\"@type\":\"ListItem\",\"position\":1,\"name\":\"Home\",\"item\":\"https:\\\/\\\/cosmeticalixone.com\\\/en\\\/\"},{\"@type\":\"ListItem\",\"position\":2,\"name\":\"Store\",\"item\":\"https:\\\/\\\/cosmeticalixone.com\\\/en\\\/online-store\\\/\"},{\"@type\":\"ListItem\",\"position\":3,\"name\":\"PACK LIXON\u00c9 NATURE with organic Extra Virgin olive oil\"}]},{\"@type\":\"WebSite\",\"@id\":\"https:\\\/\\\/cosmeticalixone.com\\\/en\\\/#website\",\"url\":\"https:\\\/\\\/cosmeticalixone.com\\\/en\\\/\",\"name\":\"Lixon\u00e9\",\"description\":\"Laboratorios LIXON\u00c9, nace en 1986 para dar respuesta a las necesidades Dermatol\u00f3gicas, de Cosm\u00e9tica e Higiene Personal, a trav\u00e9s de la fabricaci\u00f3n de productos naturales con extractos vegetales.\",\"publisher\":{\"@id\":\"https:\\\/\\\/cosmeticalixone.com\\\/en\\\/#organization\"},\"potentialAction\":[{\"@type\":\"SearchAction\",\"target\":{\"@type\":\"EntryPoint\",\"urlTemplate\":\"https:\\\/\\\/cosmeticalixone.com\\\/en\\\/?s={search_term_string}\"},\"query-input\":{\"@type\":\"PropertyValueSpecification\",\"valueRequired\":true,\"valueName\":\"search_term_string\"}}],\"inLanguage\":\"en-US\"},{\"@type\":\"Organization\",\"@id\":\"https:\\\/\\\/cosmeticalixone.com\\\/en\\\/#organization\",\"name\":\"LIXON\u00c9 - Cosm\u00e9tca Natural\",\"url\":\"https:\\\/\\\/cosmeticalixone.com\\\/en\\\/\",\"logo\":{\"@type\":\"ImageObject\",\"inLanguage\":\"en-US\",\"@id\":\"https:\\\/\\\/cosmeticalixone.com\\\/en\\\/#\\\/schema\\\/logo\\\/image\\\/\",\"url\":\"https:\\\/\\\/cosmeticalixone.com\\\/wp-content\\\/uploads\\\/lixone-logo-peque\u00f1o.png\",\"contentUrl\":\"https:\\\/\\\/cosmeticalixone.com\\\/wp-content\\\/uploads\\\/lixone-logo-peque\u00f1o.png\",\"width\":160,\"height\":71,\"caption\":\"LIXON\u00c9 - Cosm\u00e9tca Natural\"},\"image\":{\"@id\":\"https:\\\/\\\/cosmeticalixone.com\\\/en\\\/#\\\/schema\\\/logo\\\/image\\\/\"},\"sameAs\":[\"https:\\\/\\\/www.facebook.com\\\/cosmeticalixone\",\"https:\\\/\\\/www.instagram.com\\\/cosmeticalixone\\\/\"]}]}<\/script>\n<!-- \/ Yoast SEO plugin. -->","yoast_head_json":{"title":"PACK LIXONE NATURE","description":"Envase compuesto de GEL de DUCHA + LECHE CORPORAL + CREMA de MANOS de Aceite de Oliva Virgen Extra Ecol\u00f3gico. Alto contenido en Aceite de Oliva ecol\u00f3gico.","robots":{"index":"index","follow":"follow","max-snippet":"max-snippet:-1","max-image-preview":"max-image-preview:large","max-video-preview":"max-video-preview:-1"},"canonical":"https:\/\/cosmeticalixone.com\/en\/pack-lixon-nature-with-organic-extra-virgin-olive-oil\/","og_locale":"en_US","og_type":"article","og_title":"PACK LIXONE NATURE","og_description":"Envase compuesto de GEL de DUCHA + LECHE CORPORAL + CREMA de MANOS de Aceite de Oliva Virgen Extra Ecol\u00f3gico. Alto contenido en Aceite de Oliva ecol\u00f3gico.","og_url":"https:\/\/cosmeticalixone.com\/en\/pack-lixon-nature-with-organic-extra-virgin-olive-oil\/","og_site_name":"Lixon\u00e9","article_publisher":"https:\/\/www.facebook.com\/cosmeticalixone","article_modified_time":"2021-12-02T21:39:05+00:00","og_image":[{"width":450,"height":450,"url":"https:\/\/cosmeticalixone.com\/wp-content\/uploads\/pack-lixone-nature.jpg","type":"image\/jpeg"}],"twitter_card":"summary_large_image","schema":{"@context":"https:\/\/schema.org","@graph":[{"@type":"WebPage","@id":"https:\/\/cosmeticalixone.com\/en\/pack-lixon-nature-with-organic-extra-virgin-olive-oil\/","url":"https:\/\/cosmeticalixone.com\/en\/pack-lixon-nature-with-organic-extra-virgin-olive-oil\/","name":"PACK LIXONE NATURE","isPartOf":{"@id":"https:\/\/cosmeticalixone.com\/en\/#website"},"primaryImageOfPage":{"@id":"https:\/\/cosmeticalixone.com\/en\/pack-lixon-nature-with-organic-extra-virgin-olive-oil\/#primaryimage"},"image":{"@id":"https:\/\/cosmeticalixone.com\/en\/pack-lixon-nature-with-organic-extra-virgin-olive-oil\/#primaryimage"},"thumbnailUrl":"https:\/\/cosmeticalixone.com\/wp-content\/uploads\/pack-lixone-nature.jpg","datePublished":"2015-04-14T12:17:49+00:00","dateModified":"2021-12-02T21:39:05+00:00","description":"Envase compuesto de GEL de DUCHA + LECHE CORPORAL + CREMA de MANOS de Aceite de Oliva Virgen Extra Ecol\u00f3gico. Alto contenido en Aceite de Oliva ecol\u00f3gico.","breadcrumb":{"@id":"https:\/\/cosmeticalixone.com\/en\/pack-lixon-nature-with-organic-extra-virgin-olive-oil\/#breadcrumb"},"inLanguage":"en-US","potentialAction":[{"@type":"ReadAction","target":["https:\/\/cosmeticalixone.com\/en\/pack-lixon-nature-with-organic-extra-virgin-olive-oil\/"]}]},{"@type":"ImageObject","inLanguage":"en-US","@id":"https:\/\/cosmeticalixone.com\/en\/pack-lixon-nature-with-organic-extra-virgin-olive-oil\/#primaryimage","url":"https:\/\/cosmeticalixone.com\/wp-content\/uploads\/pack-lixone-nature.jpg","contentUrl":"https:\/\/cosmeticalixone.com\/wp-content\/uploads\/pack-lixone-nature.jpg","width":450,"height":450},{"@type":"BreadcrumbList","@id":"https:\/\/cosmeticalixone.com\/en\/pack-lixon-nature-with-organic-extra-virgin-olive-oil\/#breadcrumb","itemListElement":[{"@type":"ListItem","position":1,"name":"Home","item":"https:\/\/cosmeticalixone.com\/en\/"},{"@type":"ListItem","position":2,"name":"Store","item":"https:\/\/cosmeticalixone.com\/en\/online-store\/"},{"@type":"ListItem","position":3,"name":"PACK LIXON\u00c9 NATURE with organic Extra Virgin olive oil"}]},{"@type":"WebSite","@id":"https:\/\/cosmeticalixone.com\/en\/#website","url":"https:\/\/cosmeticalixone.com\/en\/","name":"Lixon\u00e9","description":"Laboratorios LIXON\u00c9, nace en 1986 para dar respuesta a las necesidades Dermatol\u00f3gicas, de Cosm\u00e9tica e Higiene Personal, a trav\u00e9s de la fabricaci\u00f3n de productos naturales con extractos vegetales.","publisher":{"@id":"https:\/\/cosmeticalixone.com\/en\/#organization"},"potentialAction":[{"@type":"SearchAction","target":{"@type":"EntryPoint","urlTemplate":"https:\/\/cosmeticalixone.com\/en\/?s={search_term_string}"},"query-input":{"@type":"PropertyValueSpecification","valueRequired":true,"valueName":"search_term_string"}}],"inLanguage":"en-US"},{"@type":"Organization","@id":"https:\/\/cosmeticalixone.com\/en\/#organization","name":"LIXON\u00c9 - Cosm\u00e9tca Natural","url":"https:\/\/cosmeticalixone.com\/en\/","logo":{"@type":"ImageObject","inLanguage":"en-US","@id":"https:\/\/cosmeticalixone.com\/en\/#\/schema\/logo\/image\/","url":"https:\/\/cosmeticalixone.com\/wp-content\/uploads\/lixone-logo-peque\u00f1o.png","contentUrl":"https:\/\/cosmeticalixone.com\/wp-content\/uploads\/lixone-logo-peque\u00f1o.png","width":160,"height":71,"caption":"LIXON\u00c9 - Cosm\u00e9tca Natural"},"image":{"@id":"https:\/\/cosmeticalixone.com\/en\/#\/schema\/logo\/image\/"},"sameAs":["https:\/\/www.facebook.com\/cosmeticalixone","https:\/\/www.instagram.com\/cosmeticalixone\/"]}]}},"_links":{"self":[{"href":"https:\/\/cosmeticalixone.com\/en\/wp-json\/wp\/v2\/product\/25501","targetHints":{"allow":["GET"]}}],"collection":[{"href":"https:\/\/cosmeticalixone.com\/en\/wp-json\/wp\/v2\/product"}],"about":[{"href":"https:\/\/cosmeticalixone.com\/en\/wp-json\/wp\/v2\/types\/product"}],"replies":[{"embeddable":true,"href":"https:\/\/cosmeticalixone.com\/en\/wp-json\/wp\/v2\/comments?post=25501"}],"wp:featuredmedia":[{"embeddable":true,"href":"https:\/\/cosmeticalixone.com\/en\/wp-json\/wp\/v2\/media\/27705"}],"wp:attachment":[{"href":"https:\/\/cosmeticalixone.com\/en\/wp-json\/wp\/v2\/media?parent=25501"}],"wp:term":[{"taxonomy":"product_brand","embeddable":true,"href":"https:\/\/cosmeticalixone.com\/en\/wp-json\/wp\/v2\/product_brand?post=25501"},{"taxonomy":"product_cat","embeddable":true,"href":"https:\/\/cosmeticalixone.com\/en\/wp-json\/wp\/v2\/product_cat?post=25501"},{"taxonomy":"product_tag","embeddable":true,"href":"https:\/\/cosmeticalixone.com\/en\/wp-json\/wp\/v2\/product_tag?post=25501"}],"curies":[{"name":"wp","href":"https:\/\/api.w.org\/{rel}","templated":true}]}}