{"id":25419,"date":"2014-12-09T14:16:52","date_gmt":"2014-12-09T13:16:52","guid":{"rendered":"http:\/\/aplicaciones.debamatika.com\/lixone\/?post_type=product&#038;p=25419"},"modified":"2021-12-02T22:37:42","modified_gmt":"2021-12-02T21:37:42","slug":"irrien-lagunak-aloe-vera-shampoo-500-ml","status":"publish","type":"product","link":"https:\/\/cosmeticalixone.com\/en\/buy\/irrien-lagunak-line-child\/irrien-lagunak-aloe-vera-shampoo-500-ml\/","title":{"rendered":"IRRIEN LAGUNAK Aloe Vera SHAMPOO 500 ml."},"content":{"rendered":"","protected":false},"excerpt":{"rendered":"<p>Very soft.<\/p>\n<p>Daily use.<\/p>\n<p>Without parabens.<\/p>\n<p>Ph neutral.<\/p>\n<p>Does not contain ingredients derived from animals.<\/p>\n<p>Active plant-based gel (ACTIValoe&#x2122;).<\/p>\n<p><img src=\"http:\/\/cosmeticalixone.com\/img\/cms\/activaloe.png\" alt=\"Lixone Cosmetics - Active vegetable Gel (ACTIValoe&#x2122;)\" width=\"100\" height=\"30\" \/><\/p>\n","protected":false},"featured_media":36448,"comment_status":"open","ping_status":"closed","template":"","meta":[],"product_brand":[],"product_cat":[396,384],"product_tag":[428,487],"class_list":{"0":"post-25419","1":"product","2":"type-product","3":"status-publish","4":"has-post-thumbnail","6":"product_cat-aloe-vera-family","7":"product_cat-irrien-lagunak-line-child","8":"product_tag-aloe-vera","9":"product_tag-shampoo","11":"first","12":"instock","13":"taxable","14":"shipping-taxable","15":"purchasable","16":"product-type-simple"},"yoast_head":"<!-- This site is optimized with the Yoast SEO plugin v27.3 - https:\/\/yoast.com\/product\/yoast-seo-wordpress\/ -->\n<title>CHAMPU de Aloe Vera 500 ml.<\/title>\n<meta name=\"description\" content=\"Champ\u00fa de Aloe Vera, con propiedades hidratantes y protectoras, cuida el pelo adem\u00e1s de nutrirlo y suavizarlo. Puede usarse todos los d\u00edas.\" \/>\n<meta name=\"robots\" content=\"index, follow, max-snippet:-1, max-image-preview:large, max-video-preview:-1\" \/>\n<link rel=\"canonical\" href=\"https:\/\/cosmeticalixone.com\/en\/irrien-lagunak-aloe-vera-shampoo-500-ml\/\" \/>\n<meta property=\"og:locale\" content=\"en_US\" \/>\n<meta property=\"og:type\" content=\"article\" \/>\n<meta property=\"og:title\" content=\"CHAMPU de Aloe Vera 500 ml.\" \/>\n<meta property=\"og:description\" content=\"Champ\u00fa de Aloe Vera, con propiedades hidratantes y protectoras, cuida el pelo adem\u00e1s de nutrirlo y suavizarlo. Puede usarse todos los d\u00edas.\" \/>\n<meta property=\"og:url\" content=\"https:\/\/cosmeticalixone.com\/en\/irrien-lagunak-aloe-vera-shampoo-500-ml\/\" \/>\n<meta property=\"og:site_name\" content=\"Lixon\u00e9\" \/>\n<meta property=\"article:publisher\" content=\"https:\/\/www.facebook.com\/cosmeticalixone\" \/>\n<meta property=\"article:modified_time\" content=\"2021-12-02T21:37:42+00:00\" \/>\n<meta property=\"og:image\" content=\"https:\/\/cosmeticalixone.com\/wp-content\/uploads\/champu-aloe-vera-irrien-lagunak.jpg\" \/>\n\t<meta property=\"og:image:width\" content=\"450\" \/>\n\t<meta property=\"og:image:height\" content=\"450\" \/>\n\t<meta property=\"og:image:type\" content=\"image\/jpeg\" \/>\n<meta name=\"twitter:card\" content=\"summary_large_image\" \/>\n<script type=\"application\/ld+json\" class=\"yoast-schema-graph\">{\"@context\":\"https:\\\/\\\/schema.org\",\"@graph\":[{\"@type\":\"WebPage\",\"@id\":\"https:\\\/\\\/cosmeticalixone.com\\\/en\\\/irrien-lagunak-aloe-vera-shampoo-500-ml\\\/\",\"url\":\"https:\\\/\\\/cosmeticalixone.com\\\/en\\\/irrien-lagunak-aloe-vera-shampoo-500-ml\\\/\",\"name\":\"CHAMPU de Aloe Vera 500 ml.\",\"isPartOf\":{\"@id\":\"https:\\\/\\\/cosmeticalixone.com\\\/en\\\/#website\"},\"primaryImageOfPage\":{\"@id\":\"https:\\\/\\\/cosmeticalixone.com\\\/en\\\/irrien-lagunak-aloe-vera-shampoo-500-ml\\\/#primaryimage\"},\"image\":{\"@id\":\"https:\\\/\\\/cosmeticalixone.com\\\/en\\\/irrien-lagunak-aloe-vera-shampoo-500-ml\\\/#primaryimage\"},\"thumbnailUrl\":\"https:\\\/\\\/cosmeticalixone.com\\\/wp-content\\\/uploads\\\/aloe-vera-xanpua-irrien-lagunak.jpg\",\"datePublished\":\"2014-12-09T13:16:52+00:00\",\"dateModified\":\"2021-12-02T21:37:42+00:00\",\"description\":\"Champ\u00fa de Aloe Vera, con propiedades hidratantes y protectoras, cuida el pelo adem\u00e1s de nutrirlo y suavizarlo. Puede usarse todos los d\u00edas.\",\"breadcrumb\":{\"@id\":\"https:\\\/\\\/cosmeticalixone.com\\\/en\\\/irrien-lagunak-aloe-vera-shampoo-500-ml\\\/#breadcrumb\"},\"inLanguage\":\"en-US\",\"potentialAction\":[{\"@type\":\"ReadAction\",\"target\":[\"https:\\\/\\\/cosmeticalixone.com\\\/en\\\/irrien-lagunak-aloe-vera-shampoo-500-ml\\\/\"]}]},{\"@type\":\"ImageObject\",\"inLanguage\":\"en-US\",\"@id\":\"https:\\\/\\\/cosmeticalixone.com\\\/en\\\/irrien-lagunak-aloe-vera-shampoo-500-ml\\\/#primaryimage\",\"url\":\"https:\\\/\\\/cosmeticalixone.com\\\/wp-content\\\/uploads\\\/aloe-vera-xanpua-irrien-lagunak.jpg\",\"contentUrl\":\"https:\\\/\\\/cosmeticalixone.com\\\/wp-content\\\/uploads\\\/aloe-vera-xanpua-irrien-lagunak.jpg\",\"width\":450,\"height\":450},{\"@type\":\"BreadcrumbList\",\"@id\":\"https:\\\/\\\/cosmeticalixone.com\\\/en\\\/irrien-lagunak-aloe-vera-shampoo-500-ml\\\/#breadcrumb\",\"itemListElement\":[{\"@type\":\"ListItem\",\"position\":1,\"name\":\"Home\",\"item\":\"https:\\\/\\\/cosmeticalixone.com\\\/en\\\/\"},{\"@type\":\"ListItem\",\"position\":2,\"name\":\"Store\",\"item\":\"https:\\\/\\\/cosmeticalixone.com\\\/en\\\/online-store\\\/\"},{\"@type\":\"ListItem\",\"position\":3,\"name\":\"IRRIEN LAGUNAK Aloe Vera SHAMPOO 500 ml.\"}]},{\"@type\":\"WebSite\",\"@id\":\"https:\\\/\\\/cosmeticalixone.com\\\/en\\\/#website\",\"url\":\"https:\\\/\\\/cosmeticalixone.com\\\/en\\\/\",\"name\":\"Lixon\u00e9\",\"description\":\"Laboratorios LIXON\u00c9, nace en 1986 para dar respuesta a las necesidades Dermatol\u00f3gicas, de Cosm\u00e9tica e Higiene Personal, a trav\u00e9s de la fabricaci\u00f3n de productos naturales con extractos vegetales.\",\"publisher\":{\"@id\":\"https:\\\/\\\/cosmeticalixone.com\\\/en\\\/#organization\"},\"potentialAction\":[{\"@type\":\"SearchAction\",\"target\":{\"@type\":\"EntryPoint\",\"urlTemplate\":\"https:\\\/\\\/cosmeticalixone.com\\\/en\\\/?s={search_term_string}\"},\"query-input\":{\"@type\":\"PropertyValueSpecification\",\"valueRequired\":true,\"valueName\":\"search_term_string\"}}],\"inLanguage\":\"en-US\"},{\"@type\":\"Organization\",\"@id\":\"https:\\\/\\\/cosmeticalixone.com\\\/en\\\/#organization\",\"name\":\"LIXON\u00c9 - Cosm\u00e9tca Natural\",\"url\":\"https:\\\/\\\/cosmeticalixone.com\\\/en\\\/\",\"logo\":{\"@type\":\"ImageObject\",\"inLanguage\":\"en-US\",\"@id\":\"https:\\\/\\\/cosmeticalixone.com\\\/en\\\/#\\\/schema\\\/logo\\\/image\\\/\",\"url\":\"https:\\\/\\\/cosmeticalixone.com\\\/wp-content\\\/uploads\\\/lixone-logo-peque\u00f1o.png\",\"contentUrl\":\"https:\\\/\\\/cosmeticalixone.com\\\/wp-content\\\/uploads\\\/lixone-logo-peque\u00f1o.png\",\"width\":160,\"height\":71,\"caption\":\"LIXON\u00c9 - Cosm\u00e9tca Natural\"},\"image\":{\"@id\":\"https:\\\/\\\/cosmeticalixone.com\\\/en\\\/#\\\/schema\\\/logo\\\/image\\\/\"},\"sameAs\":[\"https:\\\/\\\/www.facebook.com\\\/cosmeticalixone\",\"https:\\\/\\\/www.instagram.com\\\/cosmeticalixone\\\/\"]}]}<\/script>\n<!-- \/ Yoast SEO plugin. -->","yoast_head_json":{"title":"CHAMPU de Aloe Vera 500 ml.","description":"Champ\u00fa de Aloe Vera, con propiedades hidratantes y protectoras, cuida el pelo adem\u00e1s de nutrirlo y suavizarlo. Puede usarse todos los d\u00edas.","robots":{"index":"index","follow":"follow","max-snippet":"max-snippet:-1","max-image-preview":"max-image-preview:large","max-video-preview":"max-video-preview:-1"},"canonical":"https:\/\/cosmeticalixone.com\/en\/irrien-lagunak-aloe-vera-shampoo-500-ml\/","og_locale":"en_US","og_type":"article","og_title":"CHAMPU de Aloe Vera 500 ml.","og_description":"Champ\u00fa de Aloe Vera, con propiedades hidratantes y protectoras, cuida el pelo adem\u00e1s de nutrirlo y suavizarlo. Puede usarse todos los d\u00edas.","og_url":"https:\/\/cosmeticalixone.com\/en\/irrien-lagunak-aloe-vera-shampoo-500-ml\/","og_site_name":"Lixon\u00e9","article_publisher":"https:\/\/www.facebook.com\/cosmeticalixone","article_modified_time":"2021-12-02T21:37:42+00:00","og_image":[{"width":450,"height":450,"url":"https:\/\/cosmeticalixone.com\/wp-content\/uploads\/champu-aloe-vera-irrien-lagunak.jpg","type":"image\/jpeg"}],"twitter_card":"summary_large_image","schema":{"@context":"https:\/\/schema.org","@graph":[{"@type":"WebPage","@id":"https:\/\/cosmeticalixone.com\/en\/irrien-lagunak-aloe-vera-shampoo-500-ml\/","url":"https:\/\/cosmeticalixone.com\/en\/irrien-lagunak-aloe-vera-shampoo-500-ml\/","name":"CHAMPU de Aloe Vera 500 ml.","isPartOf":{"@id":"https:\/\/cosmeticalixone.com\/en\/#website"},"primaryImageOfPage":{"@id":"https:\/\/cosmeticalixone.com\/en\/irrien-lagunak-aloe-vera-shampoo-500-ml\/#primaryimage"},"image":{"@id":"https:\/\/cosmeticalixone.com\/en\/irrien-lagunak-aloe-vera-shampoo-500-ml\/#primaryimage"},"thumbnailUrl":"https:\/\/cosmeticalixone.com\/wp-content\/uploads\/aloe-vera-xanpua-irrien-lagunak.jpg","datePublished":"2014-12-09T13:16:52+00:00","dateModified":"2021-12-02T21:37:42+00:00","description":"Champ\u00fa de Aloe Vera, con propiedades hidratantes y protectoras, cuida el pelo adem\u00e1s de nutrirlo y suavizarlo. Puede usarse todos los d\u00edas.","breadcrumb":{"@id":"https:\/\/cosmeticalixone.com\/en\/irrien-lagunak-aloe-vera-shampoo-500-ml\/#breadcrumb"},"inLanguage":"en-US","potentialAction":[{"@type":"ReadAction","target":["https:\/\/cosmeticalixone.com\/en\/irrien-lagunak-aloe-vera-shampoo-500-ml\/"]}]},{"@type":"ImageObject","inLanguage":"en-US","@id":"https:\/\/cosmeticalixone.com\/en\/irrien-lagunak-aloe-vera-shampoo-500-ml\/#primaryimage","url":"https:\/\/cosmeticalixone.com\/wp-content\/uploads\/aloe-vera-xanpua-irrien-lagunak.jpg","contentUrl":"https:\/\/cosmeticalixone.com\/wp-content\/uploads\/aloe-vera-xanpua-irrien-lagunak.jpg","width":450,"height":450},{"@type":"BreadcrumbList","@id":"https:\/\/cosmeticalixone.com\/en\/irrien-lagunak-aloe-vera-shampoo-500-ml\/#breadcrumb","itemListElement":[{"@type":"ListItem","position":1,"name":"Home","item":"https:\/\/cosmeticalixone.com\/en\/"},{"@type":"ListItem","position":2,"name":"Store","item":"https:\/\/cosmeticalixone.com\/en\/online-store\/"},{"@type":"ListItem","position":3,"name":"IRRIEN LAGUNAK Aloe Vera SHAMPOO 500 ml."}]},{"@type":"WebSite","@id":"https:\/\/cosmeticalixone.com\/en\/#website","url":"https:\/\/cosmeticalixone.com\/en\/","name":"Lixon\u00e9","description":"Laboratorios LIXON\u00c9, nace en 1986 para dar respuesta a las necesidades Dermatol\u00f3gicas, de Cosm\u00e9tica e Higiene Personal, a trav\u00e9s de la fabricaci\u00f3n de productos naturales con extractos vegetales.","publisher":{"@id":"https:\/\/cosmeticalixone.com\/en\/#organization"},"potentialAction":[{"@type":"SearchAction","target":{"@type":"EntryPoint","urlTemplate":"https:\/\/cosmeticalixone.com\/en\/?s={search_term_string}"},"query-input":{"@type":"PropertyValueSpecification","valueRequired":true,"valueName":"search_term_string"}}],"inLanguage":"en-US"},{"@type":"Organization","@id":"https:\/\/cosmeticalixone.com\/en\/#organization","name":"LIXON\u00c9 - Cosm\u00e9tca Natural","url":"https:\/\/cosmeticalixone.com\/en\/","logo":{"@type":"ImageObject","inLanguage":"en-US","@id":"https:\/\/cosmeticalixone.com\/en\/#\/schema\/logo\/image\/","url":"https:\/\/cosmeticalixone.com\/wp-content\/uploads\/lixone-logo-peque\u00f1o.png","contentUrl":"https:\/\/cosmeticalixone.com\/wp-content\/uploads\/lixone-logo-peque\u00f1o.png","width":160,"height":71,"caption":"LIXON\u00c9 - Cosm\u00e9tca Natural"},"image":{"@id":"https:\/\/cosmeticalixone.com\/en\/#\/schema\/logo\/image\/"},"sameAs":["https:\/\/www.facebook.com\/cosmeticalixone","https:\/\/www.instagram.com\/cosmeticalixone\/"]}]}},"_links":{"self":[{"href":"https:\/\/cosmeticalixone.com\/en\/wp-json\/wp\/v2\/product\/25419","targetHints":{"allow":["GET"]}}],"collection":[{"href":"https:\/\/cosmeticalixone.com\/en\/wp-json\/wp\/v2\/product"}],"about":[{"href":"https:\/\/cosmeticalixone.com\/en\/wp-json\/wp\/v2\/types\/product"}],"replies":[{"embeddable":true,"href":"https:\/\/cosmeticalixone.com\/en\/wp-json\/wp\/v2\/comments?post=25419"}],"wp:featuredmedia":[{"embeddable":true,"href":"https:\/\/cosmeticalixone.com\/en\/wp-json\/wp\/v2\/media\/36448"}],"wp:attachment":[{"href":"https:\/\/cosmeticalixone.com\/en\/wp-json\/wp\/v2\/media?parent=25419"}],"wp:term":[{"taxonomy":"product_brand","embeddable":true,"href":"https:\/\/cosmeticalixone.com\/en\/wp-json\/wp\/v2\/product_brand?post=25419"},{"taxonomy":"product_cat","embeddable":true,"href":"https:\/\/cosmeticalixone.com\/en\/wp-json\/wp\/v2\/product_cat?post=25419"},{"taxonomy":"product_tag","embeddable":true,"href":"https:\/\/cosmeticalixone.com\/en\/wp-json\/wp\/v2\/product_tag?post=25419"}],"curies":[{"name":"wp","href":"https:\/\/api.w.org\/{rel}","templated":true}]}}