{"id":25143,"date":"2014-12-08T23:13:34","date_gmt":"2014-12-08T22:13:34","guid":{"rendered":"http:\/\/aplicaciones.debamatika.com\/lixone\/?post_type=product&#038;p=25143"},"modified":"2025-11-25T08:33:01","modified_gmt":"2025-11-25T07:33:01","slug":"rosemary-birch-hair-treatment-shampoo","status":"publish","type":"product","link":"https:\/\/cosmeticalixone.com\/en\/buy\/shampoo\/rosemary-birch-hair-treatment-shampoo\/","title":{"rendered":"Rosemary &#038; Birch HAIR TREATMENT SHAMPOO 300 ml"},"content":{"rendered":"","protected":false},"excerpt":{"rendered":"<p>Fine hair or brittle<\/p>\n<p>Strengthens the capillary fibre<\/p>\n<p>Without dyes, paraben<\/p>\n<p>Plant extract active neutral PH.<\/p>\n","protected":false},"featured_media":34417,"comment_status":"open","ping_status":"closed","template":"","meta":[],"product_brand":[],"product_cat":[327,333,330],"product_tag":[490,489,487,488],"class_list":{"0":"post-25143","1":"product","2":"type-product","3":"status-publish","4":"has-post-thumbnail","6":"product_cat-hair-care","7":"product_cat-hair-loss-treatment","8":"product_cat-shampoo","9":"product_tag-birch","10":"product_tag-rosemary","11":"product_tag-shampoo","12":"product_tag-treatment","14":"first","15":"instock","16":"taxable","17":"shipping-taxable","18":"purchasable","19":"product-type-simple"},"yoast_head":"<!-- This site is optimized with the Yoast SEO plugin v27.3 - https:\/\/yoast.com\/product\/yoast-seo-wordpress\/ -->\n<title>CHAMPU Tratamiento de Romero y Abedul 300 ml<\/title>\n<meta name=\"description\" content=\"Ideal para pelo fino o fr\u00e1gil. Estimula el crecimiento capilar, retarda la alopecia. Combinarlo con el tratamiento antica\u00edda y una dieta rica en vitaminas\" \/>\n<meta name=\"robots\" content=\"index, follow, max-snippet:-1, max-image-preview:large, max-video-preview:-1\" \/>\n<link rel=\"canonical\" href=\"https:\/\/cosmeticalixone.com\/en\/buy\/hair-loss-treatment\/rosemary-birch-hair-treatment-shampoo\/\" \/>\n<meta property=\"og:locale\" content=\"en_US\" \/>\n<meta property=\"og:type\" content=\"article\" \/>\n<meta property=\"og:title\" content=\"CHAMPU Tratamiento de Romero y Abedul 300 ml\" \/>\n<meta property=\"og:description\" content=\"Ideal para pelo fino o fr\u00e1gil. Estimula el crecimiento capilar, retarda la alopecia. Combinarlo con el tratamiento antica\u00edda y una dieta rica en vitaminas\" \/>\n<meta property=\"og:url\" content=\"https:\/\/cosmeticalixone.com\/en\/buy\/hair-loss-treatment\/rosemary-birch-hair-treatment-shampoo\/\" \/>\n<meta property=\"og:site_name\" content=\"Lixon\u00e9\" \/>\n<meta property=\"article:publisher\" content=\"https:\/\/www.facebook.com\/cosmeticalixone\" \/>\n<meta property=\"article:modified_time\" content=\"2025-11-25T07:33:01+00:00\" \/>\n<meta property=\"og:image\" content=\"https:\/\/cosmeticalixone.com\/wp-content\/uploads\/champu-caida-romero-abedul-2x1-1.jpg\" \/>\n\t<meta property=\"og:image:width\" content=\"450\" \/>\n\t<meta property=\"og:image:height\" content=\"450\" \/>\n\t<meta property=\"og:image:type\" content=\"image\/jpeg\" \/>\n<meta name=\"twitter:card\" content=\"summary_large_image\" \/>\n<meta name=\"twitter:label1\" content=\"Est. reading time\" \/>\n\t<meta name=\"twitter:data1\" content=\"1 minute\" \/>\n<script type=\"application\/ld+json\" class=\"yoast-schema-graph\">{\"@context\":\"https:\\\/\\\/schema.org\",\"@graph\":[{\"@type\":\"WebPage\",\"@id\":\"https:\\\/\\\/cosmeticalixone.com\\\/en\\\/buy\\\/hair-loss-treatment\\\/rosemary-birch-hair-treatment-shampoo\\\/\",\"url\":\"https:\\\/\\\/cosmeticalixone.com\\\/en\\\/buy\\\/hair-loss-treatment\\\/rosemary-birch-hair-treatment-shampoo\\\/\",\"name\":\"CHAMPU Tratamiento de Romero y Abedul 300 ml\",\"isPartOf\":{\"@id\":\"https:\\\/\\\/cosmeticalixone.com\\\/en\\\/#website\"},\"primaryImageOfPage\":{\"@id\":\"https:\\\/\\\/cosmeticalixone.com\\\/en\\\/buy\\\/hair-loss-treatment\\\/rosemary-birch-hair-treatment-shampoo\\\/#primaryimage\"},\"image\":{\"@id\":\"https:\\\/\\\/cosmeticalixone.com\\\/en\\\/buy\\\/hair-loss-treatment\\\/rosemary-birch-hair-treatment-shampoo\\\/#primaryimage\"},\"thumbnailUrl\":\"https:\\\/\\\/cosmeticalixone.com\\\/wp-content\\\/uploads\\\/champu-caida-romero-abedul.jpg\",\"datePublished\":\"2014-12-08T22:13:34+00:00\",\"dateModified\":\"2025-11-25T07:33:01+00:00\",\"description\":\"Ideal para pelo fino o fr\u00e1gil. Estimula el crecimiento capilar, retarda la alopecia. Combinarlo con el tratamiento antica\u00edda y una dieta rica en vitaminas\",\"breadcrumb\":{\"@id\":\"https:\\\/\\\/cosmeticalixone.com\\\/en\\\/buy\\\/hair-loss-treatment\\\/rosemary-birch-hair-treatment-shampoo\\\/#breadcrumb\"},\"inLanguage\":\"en-US\",\"potentialAction\":[{\"@type\":\"ReadAction\",\"target\":[\"https:\\\/\\\/cosmeticalixone.com\\\/en\\\/buy\\\/hair-loss-treatment\\\/rosemary-birch-hair-treatment-shampoo\\\/\"]}]},{\"@type\":\"ImageObject\",\"inLanguage\":\"en-US\",\"@id\":\"https:\\\/\\\/cosmeticalixone.com\\\/en\\\/buy\\\/hair-loss-treatment\\\/rosemary-birch-hair-treatment-shampoo\\\/#primaryimage\",\"url\":\"https:\\\/\\\/cosmeticalixone.com\\\/wp-content\\\/uploads\\\/champu-caida-romero-abedul.jpg\",\"contentUrl\":\"https:\\\/\\\/cosmeticalixone.com\\\/wp-content\\\/uploads\\\/champu-caida-romero-abedul.jpg\",\"width\":450,\"height\":450},{\"@type\":\"BreadcrumbList\",\"@id\":\"https:\\\/\\\/cosmeticalixone.com\\\/en\\\/buy\\\/hair-loss-treatment\\\/rosemary-birch-hair-treatment-shampoo\\\/#breadcrumb\",\"itemListElement\":[{\"@type\":\"ListItem\",\"position\":1,\"name\":\"Home\",\"item\":\"https:\\\/\\\/cosmeticalixone.com\\\/en\\\/\"},{\"@type\":\"ListItem\",\"position\":2,\"name\":\"Store\",\"item\":\"https:\\\/\\\/cosmeticalixone.com\\\/en\\\/online-store\\\/\"},{\"@type\":\"ListItem\",\"position\":3,\"name\":\"Rosemary &#038; Birch HAIR TREATMENT SHAMPOO 300 ml\"}]},{\"@type\":\"WebSite\",\"@id\":\"https:\\\/\\\/cosmeticalixone.com\\\/en\\\/#website\",\"url\":\"https:\\\/\\\/cosmeticalixone.com\\\/en\\\/\",\"name\":\"Lixon\u00e9\",\"description\":\"Laboratorios LIXON\u00c9, nace en 1986 para dar respuesta a las necesidades Dermatol\u00f3gicas, de Cosm\u00e9tica e Higiene Personal, a trav\u00e9s de la fabricaci\u00f3n de productos naturales con extractos vegetales.\",\"publisher\":{\"@id\":\"https:\\\/\\\/cosmeticalixone.com\\\/en\\\/#organization\"},\"potentialAction\":[{\"@type\":\"SearchAction\",\"target\":{\"@type\":\"EntryPoint\",\"urlTemplate\":\"https:\\\/\\\/cosmeticalixone.com\\\/en\\\/?s={search_term_string}\"},\"query-input\":{\"@type\":\"PropertyValueSpecification\",\"valueRequired\":true,\"valueName\":\"search_term_string\"}}],\"inLanguage\":\"en-US\"},{\"@type\":\"Organization\",\"@id\":\"https:\\\/\\\/cosmeticalixone.com\\\/en\\\/#organization\",\"name\":\"LIXON\u00c9 - Cosm\u00e9tca Natural\",\"url\":\"https:\\\/\\\/cosmeticalixone.com\\\/en\\\/\",\"logo\":{\"@type\":\"ImageObject\",\"inLanguage\":\"en-US\",\"@id\":\"https:\\\/\\\/cosmeticalixone.com\\\/en\\\/#\\\/schema\\\/logo\\\/image\\\/\",\"url\":\"https:\\\/\\\/cosmeticalixone.com\\\/wp-content\\\/uploads\\\/lixone-logo-peque\u00f1o.png\",\"contentUrl\":\"https:\\\/\\\/cosmeticalixone.com\\\/wp-content\\\/uploads\\\/lixone-logo-peque\u00f1o.png\",\"width\":160,\"height\":71,\"caption\":\"LIXON\u00c9 - Cosm\u00e9tca Natural\"},\"image\":{\"@id\":\"https:\\\/\\\/cosmeticalixone.com\\\/en\\\/#\\\/schema\\\/logo\\\/image\\\/\"},\"sameAs\":[\"https:\\\/\\\/www.facebook.com\\\/cosmeticalixone\",\"https:\\\/\\\/www.instagram.com\\\/cosmeticalixone\\\/\"]}]}<\/script>\n<!-- \/ Yoast SEO plugin. -->","yoast_head_json":{"title":"CHAMPU Tratamiento de Romero y Abedul 300 ml","description":"Ideal para pelo fino o fr\u00e1gil. Estimula el crecimiento capilar, retarda la alopecia. Combinarlo con el tratamiento antica\u00edda y una dieta rica en vitaminas","robots":{"index":"index","follow":"follow","max-snippet":"max-snippet:-1","max-image-preview":"max-image-preview:large","max-video-preview":"max-video-preview:-1"},"canonical":"https:\/\/cosmeticalixone.com\/en\/buy\/hair-loss-treatment\/rosemary-birch-hair-treatment-shampoo\/","og_locale":"en_US","og_type":"article","og_title":"CHAMPU Tratamiento de Romero y Abedul 300 ml","og_description":"Ideal para pelo fino o fr\u00e1gil. Estimula el crecimiento capilar, retarda la alopecia. Combinarlo con el tratamiento antica\u00edda y una dieta rica en vitaminas","og_url":"https:\/\/cosmeticalixone.com\/en\/buy\/hair-loss-treatment\/rosemary-birch-hair-treatment-shampoo\/","og_site_name":"Lixon\u00e9","article_publisher":"https:\/\/www.facebook.com\/cosmeticalixone","article_modified_time":"2025-11-25T07:33:01+00:00","og_image":[{"width":450,"height":450,"url":"https:\/\/cosmeticalixone.com\/wp-content\/uploads\/champu-caida-romero-abedul-2x1-1.jpg","type":"image\/jpeg"}],"twitter_card":"summary_large_image","twitter_misc":{"Est. reading time":"1 minute"},"schema":{"@context":"https:\/\/schema.org","@graph":[{"@type":"WebPage","@id":"https:\/\/cosmeticalixone.com\/en\/buy\/hair-loss-treatment\/rosemary-birch-hair-treatment-shampoo\/","url":"https:\/\/cosmeticalixone.com\/en\/buy\/hair-loss-treatment\/rosemary-birch-hair-treatment-shampoo\/","name":"CHAMPU Tratamiento de Romero y Abedul 300 ml","isPartOf":{"@id":"https:\/\/cosmeticalixone.com\/en\/#website"},"primaryImageOfPage":{"@id":"https:\/\/cosmeticalixone.com\/en\/buy\/hair-loss-treatment\/rosemary-birch-hair-treatment-shampoo\/#primaryimage"},"image":{"@id":"https:\/\/cosmeticalixone.com\/en\/buy\/hair-loss-treatment\/rosemary-birch-hair-treatment-shampoo\/#primaryimage"},"thumbnailUrl":"https:\/\/cosmeticalixone.com\/wp-content\/uploads\/champu-caida-romero-abedul.jpg","datePublished":"2014-12-08T22:13:34+00:00","dateModified":"2025-11-25T07:33:01+00:00","description":"Ideal para pelo fino o fr\u00e1gil. Estimula el crecimiento capilar, retarda la alopecia. Combinarlo con el tratamiento antica\u00edda y una dieta rica en vitaminas","breadcrumb":{"@id":"https:\/\/cosmeticalixone.com\/en\/buy\/hair-loss-treatment\/rosemary-birch-hair-treatment-shampoo\/#breadcrumb"},"inLanguage":"en-US","potentialAction":[{"@type":"ReadAction","target":["https:\/\/cosmeticalixone.com\/en\/buy\/hair-loss-treatment\/rosemary-birch-hair-treatment-shampoo\/"]}]},{"@type":"ImageObject","inLanguage":"en-US","@id":"https:\/\/cosmeticalixone.com\/en\/buy\/hair-loss-treatment\/rosemary-birch-hair-treatment-shampoo\/#primaryimage","url":"https:\/\/cosmeticalixone.com\/wp-content\/uploads\/champu-caida-romero-abedul.jpg","contentUrl":"https:\/\/cosmeticalixone.com\/wp-content\/uploads\/champu-caida-romero-abedul.jpg","width":450,"height":450},{"@type":"BreadcrumbList","@id":"https:\/\/cosmeticalixone.com\/en\/buy\/hair-loss-treatment\/rosemary-birch-hair-treatment-shampoo\/#breadcrumb","itemListElement":[{"@type":"ListItem","position":1,"name":"Home","item":"https:\/\/cosmeticalixone.com\/en\/"},{"@type":"ListItem","position":2,"name":"Store","item":"https:\/\/cosmeticalixone.com\/en\/online-store\/"},{"@type":"ListItem","position":3,"name":"Rosemary &#038; Birch HAIR TREATMENT SHAMPOO 300 ml"}]},{"@type":"WebSite","@id":"https:\/\/cosmeticalixone.com\/en\/#website","url":"https:\/\/cosmeticalixone.com\/en\/","name":"Lixon\u00e9","description":"Laboratorios LIXON\u00c9, nace en 1986 para dar respuesta a las necesidades Dermatol\u00f3gicas, de Cosm\u00e9tica e Higiene Personal, a trav\u00e9s de la fabricaci\u00f3n de productos naturales con extractos vegetales.","publisher":{"@id":"https:\/\/cosmeticalixone.com\/en\/#organization"},"potentialAction":[{"@type":"SearchAction","target":{"@type":"EntryPoint","urlTemplate":"https:\/\/cosmeticalixone.com\/en\/?s={search_term_string}"},"query-input":{"@type":"PropertyValueSpecification","valueRequired":true,"valueName":"search_term_string"}}],"inLanguage":"en-US"},{"@type":"Organization","@id":"https:\/\/cosmeticalixone.com\/en\/#organization","name":"LIXON\u00c9 - Cosm\u00e9tca Natural","url":"https:\/\/cosmeticalixone.com\/en\/","logo":{"@type":"ImageObject","inLanguage":"en-US","@id":"https:\/\/cosmeticalixone.com\/en\/#\/schema\/logo\/image\/","url":"https:\/\/cosmeticalixone.com\/wp-content\/uploads\/lixone-logo-peque\u00f1o.png","contentUrl":"https:\/\/cosmeticalixone.com\/wp-content\/uploads\/lixone-logo-peque\u00f1o.png","width":160,"height":71,"caption":"LIXON\u00c9 - Cosm\u00e9tca Natural"},"image":{"@id":"https:\/\/cosmeticalixone.com\/en\/#\/schema\/logo\/image\/"},"sameAs":["https:\/\/www.facebook.com\/cosmeticalixone","https:\/\/www.instagram.com\/cosmeticalixone\/"]}]}},"_links":{"self":[{"href":"https:\/\/cosmeticalixone.com\/en\/wp-json\/wp\/v2\/product\/25143","targetHints":{"allow":["GET"]}}],"collection":[{"href":"https:\/\/cosmeticalixone.com\/en\/wp-json\/wp\/v2\/product"}],"about":[{"href":"https:\/\/cosmeticalixone.com\/en\/wp-json\/wp\/v2\/types\/product"}],"replies":[{"embeddable":true,"href":"https:\/\/cosmeticalixone.com\/en\/wp-json\/wp\/v2\/comments?post=25143"}],"wp:featuredmedia":[{"embeddable":true,"href":"https:\/\/cosmeticalixone.com\/en\/wp-json\/wp\/v2\/media\/34417"}],"wp:attachment":[{"href":"https:\/\/cosmeticalixone.com\/en\/wp-json\/wp\/v2\/media?parent=25143"}],"wp:term":[{"taxonomy":"product_brand","embeddable":true,"href":"https:\/\/cosmeticalixone.com\/en\/wp-json\/wp\/v2\/product_brand?post=25143"},{"taxonomy":"product_cat","embeddable":true,"href":"https:\/\/cosmeticalixone.com\/en\/wp-json\/wp\/v2\/product_cat?post=25143"},{"taxonomy":"product_tag","embeddable":true,"href":"https:\/\/cosmeticalixone.com\/en\/wp-json\/wp\/v2\/product_tag?post=25143"}],"curies":[{"name":"wp","href":"https:\/\/api.w.org\/{rel}","templated":true}]}}