{"id":35,"date":"2016-01-13T10:00:15","date_gmt":"2016-01-13T09:00:15","guid":{"rendered":"http:\/\/democontent.codex-themes.com\/thegem-shopdemos\/index.php\/cart\/"},"modified":"2022-12-20T14:34:00","modified_gmt":"2022-12-20T13:34:00","slug":"cart","status":"publish","type":"page","link":"https:\/\/cosmeticalixone.com\/en\/online-store\/cart\/","title":{"rendered":"Cart"},"content":{"rendered":"<div class=\"wpb-content-wrapper\"><p>[vc_row][vc_column]<div id=\"custom-header-69e66c4126f5b\" class=\"custom-header gem-custom-header-icon-position-right   fullwidth-block clearfix\" style=\"background-color: #88b54e;\"><script type=\"text\/javascript\">if (typeof(gem_fix_fullwidth_position) == \"function\") { gem_fix_fullwidth_position(document.getElementById(\"custom-header-69e66c4126f5b\")); }<\/script><div class=\"container\"><div class=\"gem-icon gem-icon-pack-material gem-icon-size-xlarge  gem-icon-shape-none gem-simple-icon\" style=\"opacity:1;margin-top: 27px;margin-bottom: 29px;\"><div class=\"gem-icon-inner\" style=\"\"><span class=\"gem-icon-half-1\" style=\"color: #ffffff;;\"><span class=\"back-angle\">&#xf1e7;<\/span><\/span><span class=\"gem-icon-half-2\" style=\"color: #ffffff;;\"><span class=\"back-angle\">&#xf1e7;<\/span><\/span><\/div><\/div>\n\t\t\t<div class=\"gem-custom-header-conteiner\"><div style=\"margin-top:23px;\" class=\"custom-header-title\"><span style=\" max-width:900px;\"><\/p>\n<h1 style=\"color: #ffffff;\">Cart<\/h1>\n<p><\/span><\/div><div class=\"custom-header-subtitle styled-subtitle\" style=\"padding-bottom:0px;\"><span class=\"light\" style=\"max-width:900px; color:#4c5867; \"><\/span><\/div><div class=\"breadcrumbs\"><span><a href=\"https:\/\/cosmeticalixone.com\/en\/\" itemprop=\"url\"><span itemprop=\"title\">Home<\/span><\/a><\/span><\/div><!-- .breadcrumbs --><\/div><\/div><\/div>[vc_empty_space]<style>.thegem-custom-69e66c412725d4554 .gem-icon-half-1 {color: #88b54e;}.thegem-custom-69e66c412725d4554 .gem-icon-half-2 {color: #88b54e;}.thegem-custom-69e66c412725d4554 .gem-icon-style-gradient .back-angle {background: linear-gradient( to bottom, #88b54e, ); -webkit-text-fill-color: transparent; -webkit-background-clip: text;}.thegem-custom-69e66c412725d4554 .gem-icon  {font-size: 48px;}.thegem-custom-69e66c412725d4554 .gem-icon:not(.gem-simple-icon) .gem-icon-inner {width: 72px; height: 72px; line-height: 72px;}.thegem-custom-69e66c412725d4554 .gem-icon.gem-simple-icon {width: 48px; height: 48px; line-height: 48px;}.gem-infotext.thegem-custom-69e66c412725d4554 .gem-infotext-icon {margin-right:8px !important;}.gem-infotext.thegem-custom-69e66c412725d4554 .title-customize {color:#88b54e !important;}.gem-infotext.thegem-custom-69e66c412725d4554 .title-customize {font-size:30px !important;}.gem-infotext.thegem-custom-69e66c412725d4554 .title-customize {letter-spacing:px !important;}.gem-infotext.thegem-custom-69e66c412725d4554 .title-customize {text-transform:none !important;}.gem-infotext.thegem-custom-69e66c412725d4554 .title-customize {margin-top:10px !important;}.gem-infotext.thegem-custom-69e66c412725d4554 .title-customize {margin-bottom:20px !important;}@media screen and (max-width: 1023px) {.gem-infotext.thegem-custom-69e66c412725d4554 .title-customize {margin-top:10px !important;}}@media screen and (max-width: 1023px) {.gem-infotext.thegem-custom-69e66c412725d4554 .title-customize {margin-bottom:20px !important;}}@media screen and (max-width: 767px) {.gem-infotext.thegem-custom-69e66c412725d4554 .title-customize {margin-top:10px !important;}}@media screen and (max-width: 767px) {.gem-infotext.thegem-custom-69e66c412725d4554 .title-customize {margin-bottom:15px !important;}}.gem-infotext.thegem-custom-69e66c412725d4554 .subtitle-customize {margin-top:-7px !important;}.gem-infotext.thegem-custom-69e66c412725d4554 .description-customize {font-size:18px !important;}.gem-infotext.thegem-custom-69e66c412725d4554 .description-customize {letter-spacing:px !important;}.gem-infotext.thegem-custom-69e66c412725d4554 .description-customize {text-transform:none !important;}<\/style><div class=\"gem-infotext vc_custom_1671543235652 alignment-left thegem-custom-69e66c412725d4554\" style=\"\"> <div class=\"gem-infotext-wrap position--left vertical--top\"> <div class=\"gem-infotext-icon\"> <div class=\"gem-icon gem-simple-icon gem-icon-pack-thegem-header gem-icon-size-custom\"> <div class=\"gem-icon-inner\"><span class=\"gem-icon-half-1\"><span class=\"back-angle\">&#xe91e;<\/span><\/span><span class=\"gem-icon-half-2\"><span class=\"back-angle\">&#xe91e;<\/span><\/span><\/div> <\/div> <\/div> <div class=\"gem-infotext\"> <div class=\"gem-infotext__title\"> <div class=\"title-customize title-default\" style=\"\"> Special offers' Info <\/div> <\/div> <div class=\"gem-infotext__description\"> <div class=\"description-customize text-body-tiny\" style=\"\"> <b>Important note for special offers; 3x2 and 2x1.<\/b><\/p>\n<p>The price indicated on each product is the unit price and not the total price of the special offer.<\/p>\n<p>For any questions, do not hesitate to contact us; info@cosmeticalixone.com +34 943 691 280<\/p>\n<p>Thank you! <\/div> <\/div> <\/div> <\/div> <\/div>[\/vc_column][\/vc_row]<\/p>\n<\/div>","protected":false},"excerpt":{"rendered":"<p>[vc_row][vc_column][vc_empty_space][\/vc_column][\/vc_row]<\/p>\n","protected":false},"author":1,"featured_media":0,"parent":13,"menu_order":2,"comment_status":"closed","ping_status":"closed","template":"","meta":{"footnotes":""},"class_list":["post-35","page","type-page","status-publish"],"yoast_head":"<!-- This site is optimized with the Yoast SEO plugin v27.4 - https:\/\/yoast.com\/product\/yoast-seo-wordpress\/ -->\n<title>Cart - Lixon\u00e9<\/title>\n<meta name=\"robots\" content=\"index, follow, max-snippet:-1, max-image-preview:large, max-video-preview:-1\" \/>\n<link rel=\"canonical\" href=\"https:\/\/cosmeticalixone.com\/en\/online-store\/cart\/\" \/>\n<meta property=\"og:locale\" content=\"en_US\" \/>\n<meta property=\"og:type\" content=\"article\" \/>\n<meta property=\"og:title\" content=\"Cart - Lixon\u00e9\" \/>\n<meta property=\"og:description\" content=\"[vc_row][vc_column][vc_empty_space][\/vc_column][\/vc_row]\" \/>\n<meta property=\"og:url\" content=\"https:\/\/cosmeticalixone.com\/en\/online-store\/cart\/\" \/>\n<meta property=\"og:site_name\" content=\"Lixon\u00e9\" \/>\n<meta property=\"article:publisher\" content=\"https:\/\/www.facebook.com\/cosmeticalixone\" \/>\n<meta property=\"article:modified_time\" content=\"2022-12-20T13:34:00+00:00\" \/>\n<meta name=\"twitter:card\" content=\"summary_large_image\" \/>\n<meta name=\"twitter:label1\" content=\"Est. reading time\" \/>\n\t<meta name=\"twitter:data1\" content=\"1 minute\" \/>\n<script type=\"application\/ld+json\" class=\"yoast-schema-graph\">{\"@context\":\"https:\\\/\\\/schema.org\",\"@graph\":[{\"@type\":\"WebPage\",\"@id\":\"https:\\\/\\\/cosmeticalixone.com\\\/en\\\/online-store\\\/cart\\\/\",\"url\":\"https:\\\/\\\/cosmeticalixone.com\\\/en\\\/online-store\\\/cart\\\/\",\"name\":\"Cart - Lixon\u00e9\",\"isPartOf\":{\"@id\":\"https:\\\/\\\/cosmeticalixone.com\\\/en\\\/#website\"},\"datePublished\":\"2016-01-13T09:00:15+00:00\",\"dateModified\":\"2022-12-20T13:34:00+00:00\",\"breadcrumb\":{\"@id\":\"https:\\\/\\\/cosmeticalixone.com\\\/en\\\/online-store\\\/cart\\\/#breadcrumb\"},\"inLanguage\":\"en-US\",\"potentialAction\":[{\"@type\":\"ReadAction\",\"target\":[\"https:\\\/\\\/cosmeticalixone.com\\\/en\\\/online-store\\\/cart\\\/\"]}]},{\"@type\":\"BreadcrumbList\",\"@id\":\"https:\\\/\\\/cosmeticalixone.com\\\/en\\\/online-store\\\/cart\\\/#breadcrumb\",\"itemListElement\":[{\"@type\":\"ListItem\",\"position\":1,\"name\":\"Home\",\"item\":\"https:\\\/\\\/cosmeticalixone.com\\\/en\\\/\"},{\"@type\":\"ListItem\",\"position\":2,\"name\":\"Store\",\"item\":\"https:\\\/\\\/cosmeticalixone.com\\\/en\\\/online-store\\\/\"},{\"@type\":\"ListItem\",\"position\":3,\"name\":\"Cart\"}]},{\"@type\":\"WebSite\",\"@id\":\"https:\\\/\\\/cosmeticalixone.com\\\/en\\\/#website\",\"url\":\"https:\\\/\\\/cosmeticalixone.com\\\/en\\\/\",\"name\":\"Lixon\u00e9\",\"description\":\"Laboratorios LIXON\u00c9, nace en 1986 para dar respuesta a las necesidades Dermatol\u00f3gicas, de Cosm\u00e9tica e Higiene Personal, a trav\u00e9s de la fabricaci\u00f3n de productos naturales con extractos vegetales.\",\"publisher\":{\"@id\":\"https:\\\/\\\/cosmeticalixone.com\\\/en\\\/#organization\"},\"potentialAction\":[{\"@type\":\"SearchAction\",\"target\":{\"@type\":\"EntryPoint\",\"urlTemplate\":\"https:\\\/\\\/cosmeticalixone.com\\\/en\\\/?s={search_term_string}\"},\"query-input\":{\"@type\":\"PropertyValueSpecification\",\"valueRequired\":true,\"valueName\":\"search_term_string\"}}],\"inLanguage\":\"en-US\"},{\"@type\":\"Organization\",\"@id\":\"https:\\\/\\\/cosmeticalixone.com\\\/en\\\/#organization\",\"name\":\"LIXON\u00c9 - Cosm\u00e9tca Natural\",\"url\":\"https:\\\/\\\/cosmeticalixone.com\\\/en\\\/\",\"logo\":{\"@type\":\"ImageObject\",\"inLanguage\":\"en-US\",\"@id\":\"https:\\\/\\\/cosmeticalixone.com\\\/en\\\/#\\\/schema\\\/logo\\\/image\\\/\",\"url\":\"https:\\\/\\\/cosmeticalixone.com\\\/wp-content\\\/uploads\\\/lixone-logo-peque\u00f1o.png\",\"contentUrl\":\"https:\\\/\\\/cosmeticalixone.com\\\/wp-content\\\/uploads\\\/lixone-logo-peque\u00f1o.png\",\"width\":160,\"height\":71,\"caption\":\"LIXON\u00c9 - Cosm\u00e9tca Natural\"},\"image\":{\"@id\":\"https:\\\/\\\/cosmeticalixone.com\\\/en\\\/#\\\/schema\\\/logo\\\/image\\\/\"},\"sameAs\":[\"https:\\\/\\\/www.facebook.com\\\/cosmeticalixone\",\"https:\\\/\\\/www.instagram.com\\\/cosmeticalixone\\\/\"]}]}<\/script>\n<!-- \/ Yoast SEO plugin. -->","yoast_head_json":{"title":"Cart - Lixon\u00e9","robots":{"index":"index","follow":"follow","max-snippet":"max-snippet:-1","max-image-preview":"max-image-preview:large","max-video-preview":"max-video-preview:-1"},"canonical":"https:\/\/cosmeticalixone.com\/en\/online-store\/cart\/","og_locale":"en_US","og_type":"article","og_title":"Cart - Lixon\u00e9","og_description":"[vc_row][vc_column][vc_empty_space][\/vc_column][\/vc_row]","og_url":"https:\/\/cosmeticalixone.com\/en\/online-store\/cart\/","og_site_name":"Lixon\u00e9","article_publisher":"https:\/\/www.facebook.com\/cosmeticalixone","article_modified_time":"2022-12-20T13:34:00+00:00","twitter_card":"summary_large_image","twitter_misc":{"Est. reading time":"1 minute"},"schema":{"@context":"https:\/\/schema.org","@graph":[{"@type":"WebPage","@id":"https:\/\/cosmeticalixone.com\/en\/online-store\/cart\/","url":"https:\/\/cosmeticalixone.com\/en\/online-store\/cart\/","name":"Cart - Lixon\u00e9","isPartOf":{"@id":"https:\/\/cosmeticalixone.com\/en\/#website"},"datePublished":"2016-01-13T09:00:15+00:00","dateModified":"2022-12-20T13:34:00+00:00","breadcrumb":{"@id":"https:\/\/cosmeticalixone.com\/en\/online-store\/cart\/#breadcrumb"},"inLanguage":"en-US","potentialAction":[{"@type":"ReadAction","target":["https:\/\/cosmeticalixone.com\/en\/online-store\/cart\/"]}]},{"@type":"BreadcrumbList","@id":"https:\/\/cosmeticalixone.com\/en\/online-store\/cart\/#breadcrumb","itemListElement":[{"@type":"ListItem","position":1,"name":"Home","item":"https:\/\/cosmeticalixone.com\/en\/"},{"@type":"ListItem","position":2,"name":"Store","item":"https:\/\/cosmeticalixone.com\/en\/online-store\/"},{"@type":"ListItem","position":3,"name":"Cart"}]},{"@type":"WebSite","@id":"https:\/\/cosmeticalixone.com\/en\/#website","url":"https:\/\/cosmeticalixone.com\/en\/","name":"Lixon\u00e9","description":"Laboratorios LIXON\u00c9, nace en 1986 para dar respuesta a las necesidades Dermatol\u00f3gicas, de Cosm\u00e9tica e Higiene Personal, a trav\u00e9s de la fabricaci\u00f3n de productos naturales con extractos vegetales.","publisher":{"@id":"https:\/\/cosmeticalixone.com\/en\/#organization"},"potentialAction":[{"@type":"SearchAction","target":{"@type":"EntryPoint","urlTemplate":"https:\/\/cosmeticalixone.com\/en\/?s={search_term_string}"},"query-input":{"@type":"PropertyValueSpecification","valueRequired":true,"valueName":"search_term_string"}}],"inLanguage":"en-US"},{"@type":"Organization","@id":"https:\/\/cosmeticalixone.com\/en\/#organization","name":"LIXON\u00c9 - Cosm\u00e9tca Natural","url":"https:\/\/cosmeticalixone.com\/en\/","logo":{"@type":"ImageObject","inLanguage":"en-US","@id":"https:\/\/cosmeticalixone.com\/en\/#\/schema\/logo\/image\/","url":"https:\/\/cosmeticalixone.com\/wp-content\/uploads\/lixone-logo-peque\u00f1o.png","contentUrl":"https:\/\/cosmeticalixone.com\/wp-content\/uploads\/lixone-logo-peque\u00f1o.png","width":160,"height":71,"caption":"LIXON\u00c9 - Cosm\u00e9tca Natural"},"image":{"@id":"https:\/\/cosmeticalixone.com\/en\/#\/schema\/logo\/image\/"},"sameAs":["https:\/\/www.facebook.com\/cosmeticalixone","https:\/\/www.instagram.com\/cosmeticalixone\/"]}]}},"_links":{"self":[{"href":"https:\/\/cosmeticalixone.com\/en\/wp-json\/wp\/v2\/pages\/35","targetHints":{"allow":["GET"]}}],"collection":[{"href":"https:\/\/cosmeticalixone.com\/en\/wp-json\/wp\/v2\/pages"}],"about":[{"href":"https:\/\/cosmeticalixone.com\/en\/wp-json\/wp\/v2\/types\/page"}],"author":[{"embeddable":true,"href":"https:\/\/cosmeticalixone.com\/en\/wp-json\/wp\/v2\/users\/1"}],"replies":[{"embeddable":true,"href":"https:\/\/cosmeticalixone.com\/en\/wp-json\/wp\/v2\/comments?post=35"}],"version-history":[{"count":8,"href":"https:\/\/cosmeticalixone.com\/en\/wp-json\/wp\/v2\/pages\/35\/revisions"}],"predecessor-version":[{"id":34797,"href":"https:\/\/cosmeticalixone.com\/en\/wp-json\/wp\/v2\/pages\/35\/revisions\/34797"}],"up":[{"embeddable":true,"href":"https:\/\/cosmeticalixone.com\/en\/wp-json\/wp\/v2\/pages\/13"}],"wp:attachment":[{"href":"https:\/\/cosmeticalixone.com\/en\/wp-json\/wp\/v2\/media?parent=35"}],"curies":[{"name":"wp","href":"https:\/\/api.w.org\/{rel}","templated":true}]}}