{"id":28167,"date":"2017-06-04T21:32:57","date_gmt":"2017-06-04T19:32:57","guid":{"rendered":"http:\/\/cosmeticalixone.com\/returns-and-exchanges\/"},"modified":"2018-12-03T15:12:14","modified_gmt":"2018-12-03T14:12:14","slug":"returns-and-exchanges","status":"publish","type":"page","link":"https:\/\/cosmeticalixone.com\/en\/returns-and-exchanges\/","title":{"rendered":"Returns and exchanges"},"content":{"rendered":"<div class=\"wpb-content-wrapper\"><p>[vc_row][vc_column][vc_custom_heading text=&#8221;What I do if I get any product damaged? Do they change it me?&#8221; font_container=&#8221;tag:h3|font_size:32|text_align:left|color:%230086cb&#8221; use_theme_fonts=&#8221;yes&#8221;][vc_column_text]If you get beaten, manipulated, damaged items or to present any other problems please contact us at +34 943 691 280 phone or email info@cosmeticalixone.com and we will proceed to their replacement as soon as possible.[\/vc_column_text][vc_custom_heading text=&#8221;If I buy something that I am not satisfied, can I return it?&#8221; font_container=&#8221;tag:h3|font_size:32|text_align:left|color:%230086cb&#8221; use_theme_fonts=&#8221;yes&#8221;][vc_column_text]Indeed, has up to 14 days to return a product since it receives it if does not satisfy him. This is must meet the requirements set out in the conditions page. You may do so by completing the withdrawal document accessed with your username and password. You shall assume the expenses of return and once is received in our facilities will be reinstated.[\/vc_column_text][vc_custom_heading text=&#8221;If a product does not satisfy me can I change on the other?&#8221; font_container=&#8221;tag:h3|font_size:32|text_align:left|color:%230086cb&#8221; use_theme_fonts=&#8221;yes&#8221;][vc_column_text]We are sorry but we do not do direct changes. When you return the product, we will refund your amount and if you wish you can place a new order. Contact us if you want to make a return, and we will inform you how to proceed, once complete the withdrawal document for additional instructions.[\/vc_column_text][\/vc_column][\/vc_row]<\/p>\n<\/div>","protected":false},"excerpt":{"rendered":"<p>[vc_row][vc_column][vc_custom_heading text=&#8221;What I do if I get any product damaged? Do they change it me?&#8221; font_container=&#8221;tag:h3|font_size:32|text_align:left|color:%230086cb&#8221; use_theme_fonts=&#8221;yes&#8221;][vc_column_text]If you get beaten,&#8230;<\/p>\n","protected":false},"author":1,"featured_media":0,"parent":0,"menu_order":13,"comment_status":"closed","ping_status":"closed","template":"","meta":{"footnotes":""},"class_list":["post-28167","page","type-page","status-publish"],"yoast_head":"<!-- This site is optimized with the Yoast SEO plugin v27.4 - https:\/\/yoast.com\/product\/yoast-seo-wordpress\/ -->\n<title>Returns and exchanges - Lixon\u00e9<\/title>\n<meta name=\"robots\" content=\"noindex, follow\" \/>\n<meta property=\"og:locale\" content=\"en_US\" \/>\n<meta property=\"og:type\" content=\"article\" \/>\n<meta property=\"og:title\" content=\"Returns and exchanges - Lixon\u00e9\" \/>\n<meta property=\"og:description\" content=\"[vc_row][vc_column][vc_custom_heading text=&#8221;What I do if I get any product damaged? Do they change it me?&#8221; font_container=&#8221;tag:h3|font_size:32|text_align:left|color:%230086cb&#8221; use_theme_fonts=&#8221;yes&#8221;][vc_column_text]If you get beaten,...\" \/>\n<meta property=\"og:url\" content=\"https:\/\/cosmeticalixone.com\/en\/returns-and-exchanges\/\" \/>\n<meta property=\"og:site_name\" content=\"Lixon\u00e9\" \/>\n<meta property=\"article:publisher\" content=\"https:\/\/www.facebook.com\/cosmeticalixone\" \/>\n<meta property=\"article:modified_time\" content=\"2018-12-03T14:12:14+00:00\" \/>\n<meta name=\"twitter:card\" content=\"summary_large_image\" \/>\n<meta name=\"twitter:label1\" content=\"Est. reading time\" \/>\n\t<meta name=\"twitter:data1\" content=\"1 minute\" \/>\n<script type=\"application\/ld+json\" class=\"yoast-schema-graph\">{\"@context\":\"https:\\\/\\\/schema.org\",\"@graph\":[{\"@type\":\"WebPage\",\"@id\":\"https:\\\/\\\/cosmeticalixone.com\\\/en\\\/returns-and-exchanges\\\/\",\"url\":\"https:\\\/\\\/cosmeticalixone.com\\\/en\\\/returns-and-exchanges\\\/\",\"name\":\"Returns and exchanges - Lixon\u00e9\",\"isPartOf\":{\"@id\":\"https:\\\/\\\/cosmeticalixone.com\\\/en\\\/#website\"},\"datePublished\":\"2017-06-04T19:32:57+00:00\",\"dateModified\":\"2018-12-03T14:12:14+00:00\",\"breadcrumb\":{\"@id\":\"https:\\\/\\\/cosmeticalixone.com\\\/en\\\/returns-and-exchanges\\\/#breadcrumb\"},\"inLanguage\":\"en-US\",\"potentialAction\":[{\"@type\":\"ReadAction\",\"target\":[\"https:\\\/\\\/cosmeticalixone.com\\\/en\\\/returns-and-exchanges\\\/\"]}]},{\"@type\":\"BreadcrumbList\",\"@id\":\"https:\\\/\\\/cosmeticalixone.com\\\/en\\\/returns-and-exchanges\\\/#breadcrumb\",\"itemListElement\":[{\"@type\":\"ListItem\",\"position\":1,\"name\":\"Home\",\"item\":\"https:\\\/\\\/cosmeticalixone.com\\\/en\\\/\"},{\"@type\":\"ListItem\",\"position\":2,\"name\":\"Returns and exchanges\"}]},{\"@type\":\"WebSite\",\"@id\":\"https:\\\/\\\/cosmeticalixone.com\\\/en\\\/#website\",\"url\":\"https:\\\/\\\/cosmeticalixone.com\\\/en\\\/\",\"name\":\"Lixon\u00e9\",\"description\":\"Laboratorios LIXON\u00c9, nace en 1986 para dar respuesta a las necesidades Dermatol\u00f3gicas, de Cosm\u00e9tica e Higiene Personal, a trav\u00e9s de la fabricaci\u00f3n de productos naturales con extractos vegetales.\",\"publisher\":{\"@id\":\"https:\\\/\\\/cosmeticalixone.com\\\/en\\\/#organization\"},\"potentialAction\":[{\"@type\":\"SearchAction\",\"target\":{\"@type\":\"EntryPoint\",\"urlTemplate\":\"https:\\\/\\\/cosmeticalixone.com\\\/en\\\/?s={search_term_string}\"},\"query-input\":{\"@type\":\"PropertyValueSpecification\",\"valueRequired\":true,\"valueName\":\"search_term_string\"}}],\"inLanguage\":\"en-US\"},{\"@type\":\"Organization\",\"@id\":\"https:\\\/\\\/cosmeticalixone.com\\\/en\\\/#organization\",\"name\":\"LIXON\u00c9 - Cosm\u00e9tca Natural\",\"url\":\"https:\\\/\\\/cosmeticalixone.com\\\/en\\\/\",\"logo\":{\"@type\":\"ImageObject\",\"inLanguage\":\"en-US\",\"@id\":\"https:\\\/\\\/cosmeticalixone.com\\\/en\\\/#\\\/schema\\\/logo\\\/image\\\/\",\"url\":\"https:\\\/\\\/cosmeticalixone.com\\\/wp-content\\\/uploads\\\/lixone-logo-peque\u00f1o.png\",\"contentUrl\":\"https:\\\/\\\/cosmeticalixone.com\\\/wp-content\\\/uploads\\\/lixone-logo-peque\u00f1o.png\",\"width\":160,\"height\":71,\"caption\":\"LIXON\u00c9 - Cosm\u00e9tca Natural\"},\"image\":{\"@id\":\"https:\\\/\\\/cosmeticalixone.com\\\/en\\\/#\\\/schema\\\/logo\\\/image\\\/\"},\"sameAs\":[\"https:\\\/\\\/www.facebook.com\\\/cosmeticalixone\",\"https:\\\/\\\/www.instagram.com\\\/cosmeticalixone\\\/\"]}]}<\/script>\n<!-- \/ Yoast SEO plugin. -->","yoast_head_json":{"title":"Returns and exchanges - Lixon\u00e9","robots":{"index":"noindex","follow":"follow"},"og_locale":"en_US","og_type":"article","og_title":"Returns and exchanges - Lixon\u00e9","og_description":"[vc_row][vc_column][vc_custom_heading text=&#8221;What I do if I get any product damaged? Do they change it me?&#8221; font_container=&#8221;tag:h3|font_size:32|text_align:left|color:%230086cb&#8221; use_theme_fonts=&#8221;yes&#8221;][vc_column_text]If you get beaten,...","og_url":"https:\/\/cosmeticalixone.com\/en\/returns-and-exchanges\/","og_site_name":"Lixon\u00e9","article_publisher":"https:\/\/www.facebook.com\/cosmeticalixone","article_modified_time":"2018-12-03T14:12:14+00:00","twitter_card":"summary_large_image","twitter_misc":{"Est. reading time":"1 minute"},"schema":{"@context":"https:\/\/schema.org","@graph":[{"@type":"WebPage","@id":"https:\/\/cosmeticalixone.com\/en\/returns-and-exchanges\/","url":"https:\/\/cosmeticalixone.com\/en\/returns-and-exchanges\/","name":"Returns and exchanges - Lixon\u00e9","isPartOf":{"@id":"https:\/\/cosmeticalixone.com\/en\/#website"},"datePublished":"2017-06-04T19:32:57+00:00","dateModified":"2018-12-03T14:12:14+00:00","breadcrumb":{"@id":"https:\/\/cosmeticalixone.com\/en\/returns-and-exchanges\/#breadcrumb"},"inLanguage":"en-US","potentialAction":[{"@type":"ReadAction","target":["https:\/\/cosmeticalixone.com\/en\/returns-and-exchanges\/"]}]},{"@type":"BreadcrumbList","@id":"https:\/\/cosmeticalixone.com\/en\/returns-and-exchanges\/#breadcrumb","itemListElement":[{"@type":"ListItem","position":1,"name":"Home","item":"https:\/\/cosmeticalixone.com\/en\/"},{"@type":"ListItem","position":2,"name":"Returns and exchanges"}]},{"@type":"WebSite","@id":"https:\/\/cosmeticalixone.com\/en\/#website","url":"https:\/\/cosmeticalixone.com\/en\/","name":"Lixon\u00e9","description":"Laboratorios LIXON\u00c9, nace en 1986 para dar respuesta a las necesidades Dermatol\u00f3gicas, de Cosm\u00e9tica e Higiene Personal, a trav\u00e9s de la fabricaci\u00f3n de productos naturales con extractos vegetales.","publisher":{"@id":"https:\/\/cosmeticalixone.com\/en\/#organization"},"potentialAction":[{"@type":"SearchAction","target":{"@type":"EntryPoint","urlTemplate":"https:\/\/cosmeticalixone.com\/en\/?s={search_term_string}"},"query-input":{"@type":"PropertyValueSpecification","valueRequired":true,"valueName":"search_term_string"}}],"inLanguage":"en-US"},{"@type":"Organization","@id":"https:\/\/cosmeticalixone.com\/en\/#organization","name":"LIXON\u00c9 - Cosm\u00e9tca Natural","url":"https:\/\/cosmeticalixone.com\/en\/","logo":{"@type":"ImageObject","inLanguage":"en-US","@id":"https:\/\/cosmeticalixone.com\/en\/#\/schema\/logo\/image\/","url":"https:\/\/cosmeticalixone.com\/wp-content\/uploads\/lixone-logo-peque\u00f1o.png","contentUrl":"https:\/\/cosmeticalixone.com\/wp-content\/uploads\/lixone-logo-peque\u00f1o.png","width":160,"height":71,"caption":"LIXON\u00c9 - Cosm\u00e9tca Natural"},"image":{"@id":"https:\/\/cosmeticalixone.com\/en\/#\/schema\/logo\/image\/"},"sameAs":["https:\/\/www.facebook.com\/cosmeticalixone","https:\/\/www.instagram.com\/cosmeticalixone\/"]}]}},"_links":{"self":[{"href":"https:\/\/cosmeticalixone.com\/en\/wp-json\/wp\/v2\/pages\/28167","targetHints":{"allow":["GET"]}}],"collection":[{"href":"https:\/\/cosmeticalixone.com\/en\/wp-json\/wp\/v2\/pages"}],"about":[{"href":"https:\/\/cosmeticalixone.com\/en\/wp-json\/wp\/v2\/types\/page"}],"author":[{"embeddable":true,"href":"https:\/\/cosmeticalixone.com\/en\/wp-json\/wp\/v2\/users\/1"}],"replies":[{"embeddable":true,"href":"https:\/\/cosmeticalixone.com\/en\/wp-json\/wp\/v2\/comments?post=28167"}],"version-history":[{"count":1,"href":"https:\/\/cosmeticalixone.com\/en\/wp-json\/wp\/v2\/pages\/28167\/revisions"}],"predecessor-version":[{"id":30354,"href":"https:\/\/cosmeticalixone.com\/en\/wp-json\/wp\/v2\/pages\/28167\/revisions\/30354"}],"wp:attachment":[{"href":"https:\/\/cosmeticalixone.com\/en\/wp-json\/wp\/v2\/media?parent=28167"}],"curies":[{"name":"wp","href":"https:\/\/api.w.org\/{rel}","templated":true}]}}