{"id":28160,"date":"2017-06-04T21:10:54","date_gmt":"2017-06-04T19:10:54","guid":{"rendered":"http:\/\/cosmeticalixone.com\/payment-methods\/"},"modified":"2018-12-03T15:12:20","modified_gmt":"2018-12-03T14:12:20","slug":"payment-methods","status":"publish","type":"page","link":"https:\/\/cosmeticalixone.com\/en\/payment-methods\/","title":{"rendered":"Payment methods"},"content":{"rendered":"<div class=\"wpb-content-wrapper\"><p>[vc_row][vc_column][vc_custom_heading text=&#8221;How do I pay my purchases?&#8221; font_container=&#8221;tag:h3|font_size:32|text_align:left|color:%230086cb&#8221; use_theme_fonts=&#8221;yes&#8221;][vc_column_text]There are two ways of payment: Transfer and Card (Visa or Mastercard).<\/p>\n<h4>Transfer<\/h4>\n<p>Transfer or bank deposit,, paying the total amount of the order on the account number which will be indicated at the end of your purchase.<\/p>\n<p>It is very important that in the field, sender or originator indicate the reference of the order we will inform you to finalize your purchase.<\/p>\n<p>It has a period of 4 days to order the transfer after the completion of your order. Once we receive our Bank income confirmation proceed to activate your order. Since ordering the transfer until we receive the notification it is normal to pass between 48 and 72 hours, so you must take into account this aspect when calculating when it will receive your package.<\/p>\n<p>If you wish, you can send us proof of the transfer by e-mail info@cosmeticalixone.com. But in any case, shall not be deemed effective the order until our Department of Administration has been Bank confirmation of the transfer. bancaria de la transferencia.<\/p>\n<h4>Credit card<\/h4>\n<p>To formalize the order and pay the corresponding amount, is a totally secure redirection to the gateway financial institution contracted. Banking data is always transferred directly to the Bank (Lixon\u00e9 does not intervene in this process) through gateways and firewalls. After the purchase in the financial institution will be cosmeticalixone.com page.<\/p>\n<p>Customer shall notify the Lixon\u00e9 team any improper or fraudulent charges on the card used for shopping, by email or by telephone, in the shortest possible time so Lixon\u00e9 team can make the appropriate arrangements.[\/vc_column_text][\/vc_column][\/vc_row]<\/p>\n<\/div>","protected":false},"excerpt":{"rendered":"<p>[vc_row][vc_column][vc_custom_heading text=&#8221;How do I pay my purchases?&#8221; font_container=&#8221;tag:h3|font_size:32|text_align:left|color:%230086cb&#8221; use_theme_fonts=&#8221;yes&#8221;][vc_column_text]There are two ways of payment: Transfer and Card (Visa or Mastercard)&#8230;.<\/p>\n","protected":false},"author":1,"featured_media":0,"parent":0,"menu_order":12,"comment_status":"closed","ping_status":"closed","template":"","meta":{"footnotes":""},"class_list":["post-28160","page","type-page","status-publish"],"yoast_head":"<!-- This site is optimized with the Yoast SEO plugin v27.3 - https:\/\/yoast.com\/product\/yoast-seo-wordpress\/ -->\n<title>Payment methods - Lixon\u00e9<\/title>\n<meta name=\"robots\" content=\"noindex, follow\" \/>\n<meta property=\"og:locale\" content=\"en_US\" \/>\n<meta property=\"og:type\" content=\"article\" \/>\n<meta property=\"og:title\" content=\"Payment methods - Lixon\u00e9\" \/>\n<meta property=\"og:description\" content=\"[vc_row][vc_column][vc_custom_heading text=&#8221;How do I pay my purchases?&#8221; font_container=&#8221;tag:h3|font_size:32|text_align:left|color:%230086cb&#8221; use_theme_fonts=&#8221;yes&#8221;][vc_column_text]There are two ways of payment: Transfer and Card (Visa or Mastercard)....\" \/>\n<meta property=\"og:url\" content=\"https:\/\/cosmeticalixone.com\/en\/payment-methods\/\" \/>\n<meta property=\"og:site_name\" content=\"Lixon\u00e9\" \/>\n<meta property=\"article:publisher\" content=\"https:\/\/www.facebook.com\/cosmeticalixone\" \/>\n<meta property=\"article:modified_time\" content=\"2018-12-03T14:12:20+00:00\" \/>\n<meta name=\"twitter:card\" content=\"summary_large_image\" \/>\n<meta name=\"twitter:label1\" content=\"Est. reading time\" \/>\n\t<meta name=\"twitter:data1\" content=\"1 minute\" \/>\n<script type=\"application\/ld+json\" class=\"yoast-schema-graph\">{\"@context\":\"https:\\\/\\\/schema.org\",\"@graph\":[{\"@type\":\"WebPage\",\"@id\":\"https:\\\/\\\/cosmeticalixone.com\\\/en\\\/payment-methods\\\/\",\"url\":\"https:\\\/\\\/cosmeticalixone.com\\\/en\\\/payment-methods\\\/\",\"name\":\"Payment methods - Lixon\u00e9\",\"isPartOf\":{\"@id\":\"https:\\\/\\\/cosmeticalixone.com\\\/en\\\/#website\"},\"datePublished\":\"2017-06-04T19:10:54+00:00\",\"dateModified\":\"2018-12-03T14:12:20+00:00\",\"breadcrumb\":{\"@id\":\"https:\\\/\\\/cosmeticalixone.com\\\/en\\\/payment-methods\\\/#breadcrumb\"},\"inLanguage\":\"en-US\",\"potentialAction\":[{\"@type\":\"ReadAction\",\"target\":[\"https:\\\/\\\/cosmeticalixone.com\\\/en\\\/payment-methods\\\/\"]}]},{\"@type\":\"BreadcrumbList\",\"@id\":\"https:\\\/\\\/cosmeticalixone.com\\\/en\\\/payment-methods\\\/#breadcrumb\",\"itemListElement\":[{\"@type\":\"ListItem\",\"position\":1,\"name\":\"Home\",\"item\":\"https:\\\/\\\/cosmeticalixone.com\\\/en\\\/\"},{\"@type\":\"ListItem\",\"position\":2,\"name\":\"Payment methods\"}]},{\"@type\":\"WebSite\",\"@id\":\"https:\\\/\\\/cosmeticalixone.com\\\/en\\\/#website\",\"url\":\"https:\\\/\\\/cosmeticalixone.com\\\/en\\\/\",\"name\":\"Lixon\u00e9\",\"description\":\"Laboratorios LIXON\u00c9, nace en 1986 para dar respuesta a las necesidades Dermatol\u00f3gicas, de Cosm\u00e9tica e Higiene Personal, a trav\u00e9s de la fabricaci\u00f3n de productos naturales con extractos vegetales.\",\"publisher\":{\"@id\":\"https:\\\/\\\/cosmeticalixone.com\\\/en\\\/#organization\"},\"potentialAction\":[{\"@type\":\"SearchAction\",\"target\":{\"@type\":\"EntryPoint\",\"urlTemplate\":\"https:\\\/\\\/cosmeticalixone.com\\\/en\\\/?s={search_term_string}\"},\"query-input\":{\"@type\":\"PropertyValueSpecification\",\"valueRequired\":true,\"valueName\":\"search_term_string\"}}],\"inLanguage\":\"en-US\"},{\"@type\":\"Organization\",\"@id\":\"https:\\\/\\\/cosmeticalixone.com\\\/en\\\/#organization\",\"name\":\"LIXON\u00c9 - Cosm\u00e9tca Natural\",\"url\":\"https:\\\/\\\/cosmeticalixone.com\\\/en\\\/\",\"logo\":{\"@type\":\"ImageObject\",\"inLanguage\":\"en-US\",\"@id\":\"https:\\\/\\\/cosmeticalixone.com\\\/en\\\/#\\\/schema\\\/logo\\\/image\\\/\",\"url\":\"https:\\\/\\\/cosmeticalixone.com\\\/wp-content\\\/uploads\\\/lixone-logo-peque\u00f1o.png\",\"contentUrl\":\"https:\\\/\\\/cosmeticalixone.com\\\/wp-content\\\/uploads\\\/lixone-logo-peque\u00f1o.png\",\"width\":160,\"height\":71,\"caption\":\"LIXON\u00c9 - Cosm\u00e9tca Natural\"},\"image\":{\"@id\":\"https:\\\/\\\/cosmeticalixone.com\\\/en\\\/#\\\/schema\\\/logo\\\/image\\\/\"},\"sameAs\":[\"https:\\\/\\\/www.facebook.com\\\/cosmeticalixone\",\"https:\\\/\\\/www.instagram.com\\\/cosmeticalixone\\\/\"]}]}<\/script>\n<!-- \/ Yoast SEO plugin. -->","yoast_head_json":{"title":"Payment methods - Lixon\u00e9","robots":{"index":"noindex","follow":"follow"},"og_locale":"en_US","og_type":"article","og_title":"Payment methods - Lixon\u00e9","og_description":"[vc_row][vc_column][vc_custom_heading text=&#8221;How do I pay my purchases?&#8221; font_container=&#8221;tag:h3|font_size:32|text_align:left|color:%230086cb&#8221; use_theme_fonts=&#8221;yes&#8221;][vc_column_text]There are two ways of payment: Transfer and Card (Visa or Mastercard)....","og_url":"https:\/\/cosmeticalixone.com\/en\/payment-methods\/","og_site_name":"Lixon\u00e9","article_publisher":"https:\/\/www.facebook.com\/cosmeticalixone","article_modified_time":"2018-12-03T14:12:20+00:00","twitter_card":"summary_large_image","twitter_misc":{"Est. reading time":"1 minute"},"schema":{"@context":"https:\/\/schema.org","@graph":[{"@type":"WebPage","@id":"https:\/\/cosmeticalixone.com\/en\/payment-methods\/","url":"https:\/\/cosmeticalixone.com\/en\/payment-methods\/","name":"Payment methods - Lixon\u00e9","isPartOf":{"@id":"https:\/\/cosmeticalixone.com\/en\/#website"},"datePublished":"2017-06-04T19:10:54+00:00","dateModified":"2018-12-03T14:12:20+00:00","breadcrumb":{"@id":"https:\/\/cosmeticalixone.com\/en\/payment-methods\/#breadcrumb"},"inLanguage":"en-US","potentialAction":[{"@type":"ReadAction","target":["https:\/\/cosmeticalixone.com\/en\/payment-methods\/"]}]},{"@type":"BreadcrumbList","@id":"https:\/\/cosmeticalixone.com\/en\/payment-methods\/#breadcrumb","itemListElement":[{"@type":"ListItem","position":1,"name":"Home","item":"https:\/\/cosmeticalixone.com\/en\/"},{"@type":"ListItem","position":2,"name":"Payment methods"}]},{"@type":"WebSite","@id":"https:\/\/cosmeticalixone.com\/en\/#website","url":"https:\/\/cosmeticalixone.com\/en\/","name":"Lixon\u00e9","description":"Laboratorios LIXON\u00c9, nace en 1986 para dar respuesta a las necesidades Dermatol\u00f3gicas, de Cosm\u00e9tica e Higiene Personal, a trav\u00e9s de la fabricaci\u00f3n de productos naturales con extractos vegetales.","publisher":{"@id":"https:\/\/cosmeticalixone.com\/en\/#organization"},"potentialAction":[{"@type":"SearchAction","target":{"@type":"EntryPoint","urlTemplate":"https:\/\/cosmeticalixone.com\/en\/?s={search_term_string}"},"query-input":{"@type":"PropertyValueSpecification","valueRequired":true,"valueName":"search_term_string"}}],"inLanguage":"en-US"},{"@type":"Organization","@id":"https:\/\/cosmeticalixone.com\/en\/#organization","name":"LIXON\u00c9 - Cosm\u00e9tca Natural","url":"https:\/\/cosmeticalixone.com\/en\/","logo":{"@type":"ImageObject","inLanguage":"en-US","@id":"https:\/\/cosmeticalixone.com\/en\/#\/schema\/logo\/image\/","url":"https:\/\/cosmeticalixone.com\/wp-content\/uploads\/lixone-logo-peque\u00f1o.png","contentUrl":"https:\/\/cosmeticalixone.com\/wp-content\/uploads\/lixone-logo-peque\u00f1o.png","width":160,"height":71,"caption":"LIXON\u00c9 - Cosm\u00e9tca Natural"},"image":{"@id":"https:\/\/cosmeticalixone.com\/en\/#\/schema\/logo\/image\/"},"sameAs":["https:\/\/www.facebook.com\/cosmeticalixone","https:\/\/www.instagram.com\/cosmeticalixone\/"]}]}},"_links":{"self":[{"href":"https:\/\/cosmeticalixone.com\/en\/wp-json\/wp\/v2\/pages\/28160","targetHints":{"allow":["GET"]}}],"collection":[{"href":"https:\/\/cosmeticalixone.com\/en\/wp-json\/wp\/v2\/pages"}],"about":[{"href":"https:\/\/cosmeticalixone.com\/en\/wp-json\/wp\/v2\/types\/page"}],"author":[{"embeddable":true,"href":"https:\/\/cosmeticalixone.com\/en\/wp-json\/wp\/v2\/users\/1"}],"replies":[{"embeddable":true,"href":"https:\/\/cosmeticalixone.com\/en\/wp-json\/wp\/v2\/comments?post=28160"}],"version-history":[{"count":1,"href":"https:\/\/cosmeticalixone.com\/en\/wp-json\/wp\/v2\/pages\/28160\/revisions"}],"predecessor-version":[{"id":30355,"href":"https:\/\/cosmeticalixone.com\/en\/wp-json\/wp\/v2\/pages\/28160\/revisions\/30355"}],"wp:attachment":[{"href":"https:\/\/cosmeticalixone.com\/en\/wp-json\/wp\/v2\/media?parent=28160"}],"curies":[{"name":"wp","href":"https:\/\/api.w.org\/{rel}","templated":true}]}}