{"id":28116,"date":"2017-06-04T20:01:54","date_gmt":"2017-06-04T18:01:54","guid":{"rendered":"http:\/\/cosmeticalixone.com\/shipments\/"},"modified":"2018-12-03T15:12:27","modified_gmt":"2018-12-03T14:12:27","slug":"shipments","status":"publish","type":"page","link":"https:\/\/cosmeticalixone.com\/en\/shipments\/","title":{"rendered":"Shipments"},"content":{"rendered":"<div class=\"wpb-content-wrapper\"><p>[vc_row][vc_column][vc_custom_heading text=&#8221;Where are shipments made?&#8221; font_container=&#8221;tag:h3|font_size:32|text_align:left|color:%230086cb&#8221; use_theme_fonts=&#8221;yes&#8221;][vc_column_text]At the moment, through the online shop we sell to the Peninsula. For the rest of Spain and other countries contact info@cosmeticalixone.com[\/vc_column_text][vc_custom_heading text=&#8221;What is the amount of shipping costs?&#8221; font_container=&#8221;tag:h3|font_size:32|text_align:left|color:%230086cb&#8221; use_theme_fonts=&#8221;yes&#8221;][vc_column_text]Shipping costs are free provided that the amount of the order exceeds the \u20ac35. He is automatically calculated in your shopping cart and at all times will know whether you pay them.<\/p>\n<h5>* Shipping to the Peninsula:<\/h5>\n<p>Shipping costs will be \u20ac 5 in the event that your order does not conform to the conditions of free shipping.<\/p>\n<h5>* Shipping outside of the Peninsula:<\/h5>\n<p>Shipping costs depend on several factors: the weight, volume, the place of shipment and the amount of the product\/s. Is must therefore process the order directly in the direction info@cosmeticalixone.com[\/vc_column_text][vc_custom_heading text=&#8221;When will the purchase arrive?&#8221; font_container=&#8221;tag:h3|font_size:32|text_align:left|color:%230086cb&#8221; use_theme_fonts=&#8221;yes&#8221;][vc_column_text]The processing of orders is 12:00 Monday to Friday (no holidays). Orders placed after 12:00 will be processed the next day. It should be noted that deadlines could be altered by local or national holidays. And remember, if you have chosen as a form of payment bank transfer shipment until you have confirmation of the bank transfer shall not be dealt.[\/vc_column_text][vc_custom_heading text=&#8221;I need to send an order to an address other than the my customer data, is it possible?&#8221; font_container=&#8221;tag:h3|font_size:32|text_align:left|color:%230086cb&#8221; use_theme_fonts=&#8221;yes&#8221;][vc_column_text]Yes. During the process of purchase shipping data is asked. By default are indicated in your customer file, but you can modify them if desired for each order.[\/vc_column_text][vc_custom_heading text=&#8221;I can make an order and billed with the data of a company?&#8221; font_container=&#8221;tag:h3|font_size:32|text_align:left|color:%230086cb&#8221; use_theme_fonts=&#8221;yes&#8221;][vc_column_text]No problem, but please note that you must register the company as a new customer if you aren&#8217;t even given high, and ordering with this company customer account. In this way, it will automatically invoice with company data.[\/vc_column_text][vc_custom_heading text=&#8221;When you place the order, will I receive the invoice?&#8221; font_container=&#8221;tag:h3|font_size:32|text_align:left|color:%230086cb&#8221; use_theme_fonts=&#8221;yes&#8221;][vc_column_text]Along with the order attached invoice, if desired, can send you an email invoice in PDF format to the address listed on your customer card.[\/vc_column_text][vc_custom_heading text=&#8221;Can I indicate a specific delivery schedule?&#8221; font_container=&#8221;tag:h3|font_size:32|text_align:left|color:%230086cb&#8221; use_theme_fonts=&#8221;yes&#8221;][vc_column_text]During the purchase process, you can specify the schedule you prefer in the checkbox corresponding to &#8220;remarks to the transportation agency&#8221;. However, we can not guarantee that it can deliver at specific times, delivery companies have established routes and can not modify them, for example, if a zone pass in the morning, can hardly give it afternoon. In these cases the best way is to indicate a delivery address different, where it has no problems with the schedule.[\/vc_column_text][\/vc_column][\/vc_row]<\/p>\n<\/div>","protected":false},"excerpt":{"rendered":"<p>[vc_row][vc_column][vc_custom_heading text=&#8221;Where are shipments made?&#8221; font_container=&#8221;tag:h3|font_size:32|text_align:left|color:%230086cb&#8221; use_theme_fonts=&#8221;yes&#8221;][vc_column_text]At the moment, through the online shop we sell to the Peninsula. For the&#8230;<\/p>\n","protected":false},"author":1,"featured_media":0,"parent":0,"menu_order":11,"comment_status":"closed","ping_status":"closed","template":"","meta":{"footnotes":""},"class_list":["post-28116","page","type-page","status-publish"],"yoast_head":"<!-- This site is optimized with the Yoast SEO plugin v27.4 - https:\/\/yoast.com\/product\/yoast-seo-wordpress\/ -->\n<title>Shipments - Lixon\u00e9<\/title>\n<meta name=\"robots\" content=\"noindex, follow\" \/>\n<meta property=\"og:locale\" content=\"en_US\" \/>\n<meta property=\"og:type\" content=\"article\" \/>\n<meta property=\"og:title\" content=\"Shipments - Lixon\u00e9\" \/>\n<meta property=\"og:description\" content=\"[vc_row][vc_column][vc_custom_heading text=&#8221;Where are shipments made?&#8221; font_container=&#8221;tag:h3|font_size:32|text_align:left|color:%230086cb&#8221; use_theme_fonts=&#8221;yes&#8221;][vc_column_text]At the moment, through the online shop we sell to the Peninsula. For the...\" \/>\n<meta property=\"og:url\" content=\"https:\/\/cosmeticalixone.com\/en\/shipments\/\" \/>\n<meta property=\"og:site_name\" content=\"Lixon\u00e9\" \/>\n<meta property=\"article:publisher\" content=\"https:\/\/www.facebook.com\/cosmeticalixone\" \/>\n<meta property=\"article:modified_time\" content=\"2018-12-03T14:12:27+00:00\" \/>\n<meta name=\"twitter:card\" content=\"summary_large_image\" \/>\n<meta name=\"twitter:label1\" content=\"Est. reading time\" \/>\n\t<meta name=\"twitter:data1\" content=\"3 minutes\" \/>\n<script type=\"application\/ld+json\" class=\"yoast-schema-graph\">{\"@context\":\"https:\\\/\\\/schema.org\",\"@graph\":[{\"@type\":\"WebPage\",\"@id\":\"https:\\\/\\\/cosmeticalixone.com\\\/en\\\/shipments\\\/\",\"url\":\"https:\\\/\\\/cosmeticalixone.com\\\/en\\\/shipments\\\/\",\"name\":\"Shipments - Lixon\u00e9\",\"isPartOf\":{\"@id\":\"https:\\\/\\\/cosmeticalixone.com\\\/en\\\/#website\"},\"datePublished\":\"2017-06-04T18:01:54+00:00\",\"dateModified\":\"2018-12-03T14:12:27+00:00\",\"breadcrumb\":{\"@id\":\"https:\\\/\\\/cosmeticalixone.com\\\/en\\\/shipments\\\/#breadcrumb\"},\"inLanguage\":\"en-US\",\"potentialAction\":[{\"@type\":\"ReadAction\",\"target\":[\"https:\\\/\\\/cosmeticalixone.com\\\/en\\\/shipments\\\/\"]}]},{\"@type\":\"BreadcrumbList\",\"@id\":\"https:\\\/\\\/cosmeticalixone.com\\\/en\\\/shipments\\\/#breadcrumb\",\"itemListElement\":[{\"@type\":\"ListItem\",\"position\":1,\"name\":\"Home\",\"item\":\"https:\\\/\\\/cosmeticalixone.com\\\/en\\\/\"},{\"@type\":\"ListItem\",\"position\":2,\"name\":\"Shipments\"}]},{\"@type\":\"WebSite\",\"@id\":\"https:\\\/\\\/cosmeticalixone.com\\\/en\\\/#website\",\"url\":\"https:\\\/\\\/cosmeticalixone.com\\\/en\\\/\",\"name\":\"Lixon\u00e9\",\"description\":\"Laboratorios LIXON\u00c9, nace en 1986 para dar respuesta a las necesidades Dermatol\u00f3gicas, de Cosm\u00e9tica e Higiene Personal, a trav\u00e9s de la fabricaci\u00f3n de productos naturales con extractos vegetales.\",\"publisher\":{\"@id\":\"https:\\\/\\\/cosmeticalixone.com\\\/en\\\/#organization\"},\"potentialAction\":[{\"@type\":\"SearchAction\",\"target\":{\"@type\":\"EntryPoint\",\"urlTemplate\":\"https:\\\/\\\/cosmeticalixone.com\\\/en\\\/?s={search_term_string}\"},\"query-input\":{\"@type\":\"PropertyValueSpecification\",\"valueRequired\":true,\"valueName\":\"search_term_string\"}}],\"inLanguage\":\"en-US\"},{\"@type\":\"Organization\",\"@id\":\"https:\\\/\\\/cosmeticalixone.com\\\/en\\\/#organization\",\"name\":\"LIXON\u00c9 - Cosm\u00e9tca Natural\",\"url\":\"https:\\\/\\\/cosmeticalixone.com\\\/en\\\/\",\"logo\":{\"@type\":\"ImageObject\",\"inLanguage\":\"en-US\",\"@id\":\"https:\\\/\\\/cosmeticalixone.com\\\/en\\\/#\\\/schema\\\/logo\\\/image\\\/\",\"url\":\"https:\\\/\\\/cosmeticalixone.com\\\/wp-content\\\/uploads\\\/lixone-logo-peque\u00f1o.png\",\"contentUrl\":\"https:\\\/\\\/cosmeticalixone.com\\\/wp-content\\\/uploads\\\/lixone-logo-peque\u00f1o.png\",\"width\":160,\"height\":71,\"caption\":\"LIXON\u00c9 - Cosm\u00e9tca Natural\"},\"image\":{\"@id\":\"https:\\\/\\\/cosmeticalixone.com\\\/en\\\/#\\\/schema\\\/logo\\\/image\\\/\"},\"sameAs\":[\"https:\\\/\\\/www.facebook.com\\\/cosmeticalixone\",\"https:\\\/\\\/www.instagram.com\\\/cosmeticalixone\\\/\"]}]}<\/script>\n<!-- \/ Yoast SEO plugin. -->","yoast_head_json":{"title":"Shipments - Lixon\u00e9","robots":{"index":"noindex","follow":"follow"},"og_locale":"en_US","og_type":"article","og_title":"Shipments - Lixon\u00e9","og_description":"[vc_row][vc_column][vc_custom_heading text=&#8221;Where are shipments made?&#8221; font_container=&#8221;tag:h3|font_size:32|text_align:left|color:%230086cb&#8221; use_theme_fonts=&#8221;yes&#8221;][vc_column_text]At the moment, through the online shop we sell to the Peninsula. For the...","og_url":"https:\/\/cosmeticalixone.com\/en\/shipments\/","og_site_name":"Lixon\u00e9","article_publisher":"https:\/\/www.facebook.com\/cosmeticalixone","article_modified_time":"2018-12-03T14:12:27+00:00","twitter_card":"summary_large_image","twitter_misc":{"Est. reading time":"3 minutes"},"schema":{"@context":"https:\/\/schema.org","@graph":[{"@type":"WebPage","@id":"https:\/\/cosmeticalixone.com\/en\/shipments\/","url":"https:\/\/cosmeticalixone.com\/en\/shipments\/","name":"Shipments - Lixon\u00e9","isPartOf":{"@id":"https:\/\/cosmeticalixone.com\/en\/#website"},"datePublished":"2017-06-04T18:01:54+00:00","dateModified":"2018-12-03T14:12:27+00:00","breadcrumb":{"@id":"https:\/\/cosmeticalixone.com\/en\/shipments\/#breadcrumb"},"inLanguage":"en-US","potentialAction":[{"@type":"ReadAction","target":["https:\/\/cosmeticalixone.com\/en\/shipments\/"]}]},{"@type":"BreadcrumbList","@id":"https:\/\/cosmeticalixone.com\/en\/shipments\/#breadcrumb","itemListElement":[{"@type":"ListItem","position":1,"name":"Home","item":"https:\/\/cosmeticalixone.com\/en\/"},{"@type":"ListItem","position":2,"name":"Shipments"}]},{"@type":"WebSite","@id":"https:\/\/cosmeticalixone.com\/en\/#website","url":"https:\/\/cosmeticalixone.com\/en\/","name":"Lixon\u00e9","description":"Laboratorios LIXON\u00c9, nace en 1986 para dar respuesta a las necesidades Dermatol\u00f3gicas, de Cosm\u00e9tica e Higiene Personal, a trav\u00e9s de la fabricaci\u00f3n de productos naturales con extractos vegetales.","publisher":{"@id":"https:\/\/cosmeticalixone.com\/en\/#organization"},"potentialAction":[{"@type":"SearchAction","target":{"@type":"EntryPoint","urlTemplate":"https:\/\/cosmeticalixone.com\/en\/?s={search_term_string}"},"query-input":{"@type":"PropertyValueSpecification","valueRequired":true,"valueName":"search_term_string"}}],"inLanguage":"en-US"},{"@type":"Organization","@id":"https:\/\/cosmeticalixone.com\/en\/#organization","name":"LIXON\u00c9 - Cosm\u00e9tca Natural","url":"https:\/\/cosmeticalixone.com\/en\/","logo":{"@type":"ImageObject","inLanguage":"en-US","@id":"https:\/\/cosmeticalixone.com\/en\/#\/schema\/logo\/image\/","url":"https:\/\/cosmeticalixone.com\/wp-content\/uploads\/lixone-logo-peque\u00f1o.png","contentUrl":"https:\/\/cosmeticalixone.com\/wp-content\/uploads\/lixone-logo-peque\u00f1o.png","width":160,"height":71,"caption":"LIXON\u00c9 - Cosm\u00e9tca Natural"},"image":{"@id":"https:\/\/cosmeticalixone.com\/en\/#\/schema\/logo\/image\/"},"sameAs":["https:\/\/www.facebook.com\/cosmeticalixone","https:\/\/www.instagram.com\/cosmeticalixone\/"]}]}},"_links":{"self":[{"href":"https:\/\/cosmeticalixone.com\/en\/wp-json\/wp\/v2\/pages\/28116","targetHints":{"allow":["GET"]}}],"collection":[{"href":"https:\/\/cosmeticalixone.com\/en\/wp-json\/wp\/v2\/pages"}],"about":[{"href":"https:\/\/cosmeticalixone.com\/en\/wp-json\/wp\/v2\/types\/page"}],"author":[{"embeddable":true,"href":"https:\/\/cosmeticalixone.com\/en\/wp-json\/wp\/v2\/users\/1"}],"replies":[{"embeddable":true,"href":"https:\/\/cosmeticalixone.com\/en\/wp-json\/wp\/v2\/comments?post=28116"}],"version-history":[{"count":1,"href":"https:\/\/cosmeticalixone.com\/en\/wp-json\/wp\/v2\/pages\/28116\/revisions"}],"predecessor-version":[{"id":30356,"href":"https:\/\/cosmeticalixone.com\/en\/wp-json\/wp\/v2\/pages\/28116\/revisions\/30356"}],"wp:attachment":[{"href":"https:\/\/cosmeticalixone.com\/en\/wp-json\/wp\/v2\/media?parent=28116"}],"curies":[{"name":"wp","href":"https:\/\/api.w.org\/{rel}","templated":true}]}}