{"id":13,"date":"2016-01-12T09:31:24","date_gmt":"2016-01-12T08:31:24","guid":{"rendered":"http:\/\/democontent.codex-themes.com\/thegem-shopdemos\/?page_id=13"},"modified":"2026-04-01T15:48:02","modified_gmt":"2026-04-01T13:48:02","slug":"online-store","status":"publish","type":"page","link":"https:\/\/cosmeticalixone.com\/en\/online-store\/","title":{"rendered":"Store"},"content":{"rendered":"<div class=\"wpb-content-wrapper\"><p>[vc_row css=&#8221;.vc_custom_1669885720383{padding-right: 21px !important;padding-left: 21px !important;}&#8221; el_class=&#8221;extraclass&#8221;][vc_column css=&#8221;.vc_custom_1458376591810{background-position: 0 0 !important;background-repeat: repeat !important;}&#8221;]<div class=\"clearboth\"><\/div><style>#thegem-divider-69f4539911b71 {margin-top: -88px !important;}<\/style><div id=\"thegem-divider-69f4539911b71\" class=\"gem-divider  \" style=\"\" ><\/div><div class=\"gem-textbox \"  ><div class=\"gem-textbox-inner\" style=\"border: 10px solid #c5e6e8;\"><div class=\"gem-textbox-content\" style=\"background-image: url(https:\/\/cosmeticalixone.com\/wp-content\/uploads\/banner-26-abr.jpg);background-repeat: no-repeat; background-size: cover;background-position: center top;padding-top: 40px;padding-bottom: 20px;padding-left: 50px;padding-right: 50px;\">[vc_row_inner][vc_column_inner width=&#8221;1\/2&#8243;][vc_column_text css=&#8221;&#8221;]<span style=\"font-size: 20px;\"><a href=\"https:\/\/cosmeticalixone.com\/en\/body-care\/\"><span style=\"font-weight: bold; color: #c8ac00;\" data-darkreader-inline-color=\"\">April&#8217;s special offer<\/span><\/a><\/span>[\/vc_column_text]<div class=\"clearboth\"><\/div><style>#thegem-divider-69f4539911fd5 {margin-top: -20px !important;}<\/style><div id=\"thegem-divider-69f4539911fd5\" class=\"gem-divider  \" style=\"\" ><\/div>[vc_column_text css=&#8221;.vc_custom_1775051249684{margin-bottom: 0px !important;}&#8221;]<\/p>\n<div class=\"title-h1\"><a href=\"https:\/\/cosmeticalixone.com\/en\/body-care\/\">2 X 1<\/a><\/div>\n<p>[\/vc_column_text]<div class=\"clearboth\"><\/div><style>#thegem-divider-69f4539912046 {margin-top: -15px !important;}<\/style><div id=\"thegem-divider-69f4539912046\" class=\"gem-divider  \" style=\"\" ><\/div>[vc_column_text css=&#8221;&#8221;]<a href=\"https:\/\/cosmeticalixone.com\/en\/body-care\/\"><span class=\"title-h3\" style=\"color: #5c2f0b; font-size: 24px;\" data-darkreader-inline-color=\"\">Body<br \/>\nCare<\/span><\/a>[\/vc_column_text][\/vc_column_inner][vc_column_inner width=&#8221;1\/2&#8243;][\/vc_column_inner][\/vc_row_inner]<\/div><\/div><\/div><div class=\"clearboth\"><\/div><style>#thegem-divider-69f45399120b8 {margin-top: 40px !important;}<\/style><div id=\"thegem-divider-69f45399120b8\" class=\"gem-divider  \" style=\"\" ><\/div>[\/vc_column][\/vc_row][vc_row][vc_column][vc_empty_space][\/vc_column][\/vc_row][vc_row full_width=&#8221;stretch_row_content_no_spaces&#8221;][vc_column]<div class=\"gem-textbox \"  ><div class=\"gem-textbox-top gem-textbox-top-ticket\"><svg width=\"100%\" height=\"14\" style=\"fill: #f4f6f7;\"><defs><pattern id=\"pattern-1777619865-7\" x=\"16\" y=\"0\" width=\"32\" height=\"16\" patternUnits=\"userSpaceOnUse\" ><path d=\"M 0,14.5 16,-0.5 32,14.5\" \/><\/pattern><\/defs><rect x=\"0\" y=\"0\" width=\"100%\" height=\"14\" style=\"fill: url(#pattern-1777619865-7);\" \/><\/svg><\/div><div class=\"gem-textbox-inner\" style=\"\"><div class=\"gem-textbox-content\" style=\"background-color: #f4f6f7;background-position: center top;\">[vc_empty_space height=&#8221;20px&#8221;][vc_column_text]<\/p>\n<div class=\"title-h2\" style=\"text-align: center;\"><span class=\"light\">LET LIXON\u00c9 TAKE\u00a0CARE OF YOU<\/span><\/div>\n<p>[\/vc_column_text][vc_empty_space height=&#8221;20px&#8221;]<div class=\"preloader\"><div class=\"preloader-spin\"><\/div><\/div><div class=\"gem-clients gem-clients-type-carousel-grid \" data-autoscroll=\"0\"><div class=\"gem-clients-slide\"><div class=\"gem-clients-slide-inner clearfix\"> <div id=\"post-28419\" class=\"gem-client-item post-28419 thegem_client type-thegem_client status-publish has-post-thumbnail\" style=\"width: 25%;\" > <a href=\"http:\/\/cosmeticalixone.com\/en\/online-store\/hygiene\/\" target=\"_self\" class=\"gscale\"> <img width=\"400\" height=\"400\" src=\"https:\/\/cosmeticalixone.com\/wp-content\/uploads\/galleria-4-thegem-person.jpg\" class=\"img-responsive wp-post-image\" alt=\"galleria-4\" \/> <\/a> <\/div> <div id=\"post-28418\" class=\"gem-client-item post-28418 thegem_client type-thegem_client status-publish has-post-thumbnail\" style=\"width: 25%;\" > <a href=\"http:\/\/cosmeticalixone.com\/en\/online-store\/hair-care\/\" target=\"_self\" class=\"gscale\"> <img width=\"400\" height=\"400\" src=\"https:\/\/cosmeticalixone.com\/wp-content\/uploads\/galleria-1-thegem-person.jpg\" class=\"img-responsive wp-post-image\" alt=\"galleria-1\" \/> <\/a> <\/div> <div id=\"post-28417\" class=\"gem-client-item post-28417 thegem_client type-thegem_client status-publish has-post-thumbnail\" style=\"width: 25%;\" > <a href=\"http:\/\/cosmeticalixone.com\/en\/online-store\/facial-care\/\" target=\"_self\" class=\"gscale\"> <img width=\"400\" height=\"400\" src=\"https:\/\/cosmeticalixone.com\/wp-content\/uploads\/galleria-2-thegem-person.jpg\" class=\"img-responsive wp-post-image\" alt=\"galleria-2\" \/> <\/a> <\/div> <div id=\"post-28416\" class=\"gem-client-item post-28416 thegem_client type-thegem_client status-publish has-post-thumbnail\" style=\"width: 25%;\" > <a href=\"http:\/\/cosmeticalixone.com\/en\/online-store\/body-care\/\" target=\"_self\" class=\"gscale\"> <img width=\"400\" height=\"400\" src=\"https:\/\/cosmeticalixone.com\/wp-content\/uploads\/galleria-3-thegem-person.jpg\" class=\"img-responsive wp-post-image\" alt=\"galleria-3\" \/> <\/a> <\/div><\/div><\/div><\/div><\/div><\/div><div class=\"gem-textbox-bottom gem-textbox-bottom-ticket\"><svg width=\"100%\" height=\"14\" style=\"fill: #f4f6f7;\"><defs><pattern id=\"pattern-1777619865-28\" x=\"16\" y=\"-1\" width=\"32\" height=\"16\" patternUnits=\"userSpaceOnUse\" ><path d=\"M 0,-0.5 16,14.5 32,-0.5\" \/><\/pattern><\/defs><rect x=\"0\" y=\"-1\" width=\"100%\" height=\"14\" style=\"fill: url(#pattern-1777619865-28);\" \/><\/svg><\/div><\/div>[\/vc_column][\/vc_row][vc_row css=&#8221;.vc_custom_1519980706401{margin-bottom: 0px !important;}&#8221; el_id=&#8221;payment-shipping&#8221;][vc_column]<div id=\"fullwidth-block-69f45399149f1\" class=\"fullwidth-block clearfix\"  style=\"\"><script type=\"text\/javascript\">if (typeof(gem_fix_fullwidth_position) == \"function\") { gem_fix_fullwidth_position(document.getElementById(\"fullwidth-block-69f45399149f1\")); }<\/script><div class=\"fullwidth-block-inner\"><div class=\"container\">[vc_row_inner][vc_column_inner width=&#8221;1\/2&#8243;][vc_empty_space height=&#8221;45px&#8221;]<div class=\"gem-textbox \"  ><div class=\"gem-textbox-inner\" style=\"border: 1px solid #dfe5e8;border-top-right-radius: 50px;border-bottom-right-radius: 50px;border-bottom-left-radius: 50px;\"><div class=\"gem-textbox-content\" style=\"background-position: center top;padding-left: 50px;padding-right: 25px;\"><div class=\"gem-icon-with-text gem-icon-with-text-icon-size-medium gem-icon-with-text-float-right gem-icon-with-text-flow\" ><div style=\"margin-bottom:0px;padding-top: 4px;margin-top:0px; \" class=\"gem-icon-with-text-icon\"><div class=\"gem-icon gem-icon-pack-material gem-icon-size-medium  gem-icon-shape-square gem-simple-icon \"  style=\"opacity: 1;\"><div class=\"gem-icon-inner\" style=\"\"><span class=\"gem-icon-half-1\" style=\"color: #3c3950;\"><span class=\"back-angle\">&#xf25d;<\/span><\/span><span class=\"gem-icon-half-2\" style=\"color: #3c3950;\"><span class=\"back-angle\">&#xf25d;<\/span><\/span><\/div><\/div><\/div><div class=\"gem-icon-with-text-content\" ><div class=\"gem-icon-with-text-text\">[vc_column_text]<span class=\"title-h3\" style=\"color: #0086cb;\" data-darkreader-inline-color=\"\">payment methods<\/span>[\/vc_column_text]<div class=\"clearboth\"><\/div><style>#thegem-divider-69f4539914caa {margin-top: 25px !important;}<\/style><div id=\"thegem-divider-69f4539914caa\" class=\"gem-divider  \" style=\"\" ><\/div>[vc_column_text]You can make your purchases using <strong>Bank Transfer<\/strong> or if you prefer, use your <strong>Credit Card<\/strong>.[\/vc_column_text]<div class=\"clearboth\"><\/div><style>#thegem-divider-69f4539914ce8 {margin-top: 20px !important;}<\/style><div id=\"thegem-divider-69f4539914ce8\" class=\"gem-divider  \" style=\"\" ><\/div>[vc_column_text]<img class=\"alignleft wp-image-6246 size-full\" src=\"http:\/\/cosmeticalixone.com\/wp-content\/uploads\/2016\/01\/money-icon-9.jpg\" alt=\"visa\" width=\"51\" height=\"32\" \/><img class=\"alignleft wp-image-6244 size-full\" src=\"http:\/\/cosmeticalixone.com\/wp-content\/uploads\/2016\/01\/money-icon-8.jpg\" alt=\"mastercard\" width=\"51\" height=\"32\" \/><img class=\"alignleft wp-image-6242 size-full\" src=\"http:\/\/cosmeticalixone.com\/wp-content\/uploads\/2016\/01\/money-icon-7.jpg\" alt=\"maestro\" width=\"51\" height=\"32\" \/>[\/vc_column_text]<\/div><\/div><div class=\"clearboth\"><\/div><\/div><\/div><\/div><\/div>[\/vc_column_inner][vc_column_inner width=&#8221;1\/2&#8243;][vc_empty_space height=&#8221;45px&#8221;]<div class=\"gem-textbox \"  ><div class=\"gem-textbox-inner\" style=\"border: 1px solid #dfe5e8;border-top-right-radius: 50px;border-bottom-right-radius: 50px;border-bottom-left-radius: 50px;\"><div class=\"gem-textbox-content\" style=\"background-position: center top;padding-left: 50px;padding-right: 25px;\"><div class=\"gem-icon-with-text gem-icon-with-text-icon-size-medium gem-icon-with-text-float-right gem-icon-with-text-flow\" ><div style=\"margin-bottom:0px;padding-top: 4px;margin-top:0px; \" class=\"gem-icon-with-text-icon\"><div class=\"gem-icon gem-icon-pack-material gem-icon-size-medium  gem-icon-shape-square gem-simple-icon \"  style=\"opacity: 1;\"><div class=\"gem-icon-inner\" style=\"\"><span class=\"gem-icon-half-1\" style=\"color: #3c3950;\"><span class=\"back-angle\">&#xf45e;<\/span><\/span><span class=\"gem-icon-half-2\" style=\"color: #3c3950;\"><span class=\"back-angle\">&#xf45e;<\/span><\/span><\/div><\/div><\/div><div class=\"gem-icon-with-text-content\" ><div class=\"gem-icon-with-text-text\">[vc_column_text]<span class=\"title-h3\" style=\"color: #0086cb;\" data-darkreader-inline-color=\"\">delivery in 24\/48 h.<\/span>[\/vc_column_text]<div class=\"clearboth\"><\/div><style>#thegem-divider-69f4539914f4f {margin-top: 25px !important;}<\/style><div id=\"thegem-divider-69f4539914f4f\" class=\"gem-divider  \" style=\"\" ><\/div><div class=\"gem-list gem-list-type-checkbox gem-list-color-3\" ><ul>\n<li>Shipping throughout Europe. For orders to <strong>other destinations<\/strong> please <a href=\"http:\/\/cosmeticalixone.com\/en\/contact-and-location\/\">contact<\/a>.<\/li>\n<li><strong>5\u20ac VAT included<\/strong> for purchases <strong>less than 35\u20ac<\/strong> in Spain (Peninsula).<\/li>\n<li><strong>Free shipping<\/strong> for purchases <strong>over 35\u20ac<\/strong> in Spain (Peninsula).<\/li>\n<li><strong>Free <a href=\"https:\/\/cosmeticalixone.com\/en\/buy\/argan-oil\/organic-argan-oil-30-ml\/\">organic Argan oil<\/a><\/strong> for purchases <strong>over 60\u20ac<\/strong> excl. VAT. except in Black Friday.<\/li>\n<\/ul>\n<\/div><\/div><\/div><div class=\"clearboth\"><\/div><\/div><\/div><\/div><\/div>[\/vc_column_inner][\/vc_row_inner]<\/div><\/div><\/div>[\/vc_column][\/vc_row][vc_row][vc_column][vc_empty_space height=&#8221;60px&#8221;][\/vc_column][\/vc_row][vc_row full_width=&#8221;stretch_row&#8221; css=&#8221;.vc_custom_1496483883410{margin-bottom: -20px !important;}&#8221;][vc_column]<div id=\"fullwidth-block-69f4539915053\" class=\"fullwidth-block clearfix\"  style=\"background-color: #88b54e;padding-top: 65px;padding-bottom: 65px;\"><script type=\"text\/javascript\">if (typeof(gem_fix_fullwidth_position) == \"function\") { gem_fix_fullwidth_position(document.getElementById(\"fullwidth-block-69f4539915053\")); }<\/script><div class=\"fullwidth-block-inner\"><div class=\"container\">[vc_column_text]<\/p>\n<div class=\"title-h2\" style=\"text-align: center;\"><span style=\"color: #ffffff;\" data-darkreader-inline-color=\"\">Follow us <span class=\"light\"> it will be worth your while<\/span><\/span><\/div>\n<p>[\/vc_column_text][vc_empty_space height=&#8221;20px&#8221;]<div class=\"socials socials-list socials-colored-hover socials-square socials-alignment-center\"><a class=\"socials-item\" target=\"_blank\" href=\"https:\/\/www.facebook.com\/cosmeticalixone\" style=\"color: #ffffff;\" aria-label=\"facebook\"><i class=\"socials-item-icon facebook\" style=\"font-size: 50px\"><\/i><\/a><a class=\"socials-item\" target=\"_blank\" href=\"https:\/\/twitter.com\/cosmeticalixone\" style=\"color: #ffffff;\" aria-label=\"twitter\"><i class=\"socials-item-icon twitter\" style=\"font-size: 50px\"><\/i><\/a><a class=\"socials-item\" target=\"_blank\" href=\"https:\/\/www.instagram.com\/cosmeticalixone\/\" style=\"color: #ffffff;\" aria-label=\"instagram\"><i class=\"socials-item-icon instagram\" style=\"font-size: 50px\"><\/i><\/a><a class=\"socials-item\" target=\"_blank\" href=\"https:\/\/es.pinterest.com\/cosmeticalixone\/\" style=\"color: #ffffff;\" aria-label=\"pinterest\"><i class=\"socials-item-icon pinterest\" style=\"font-size: 50px\"><\/i><\/a><a class=\"socials-item\" target=\"_blank\" href=\"https:\/\/plus.google.com\/+Cosmeticalixone\" style=\"color: #ffffff;\" aria-label=\"googleplus\"><i class=\"socials-item-icon googleplus\" style=\"font-size: 50px\"><\/i><\/a><a class=\"socials-item\" target=\"_blank\" href=\"https:\/\/www.youtube.com\/channel\/UCr4za4SYHMjqeEEp6Y-s1cg\" style=\"color: #ffffff;\" aria-label=\"youtube\"><i class=\"socials-item-icon youtube\" style=\"font-size: 50px\"><\/i><\/a><\/div><\/div><\/div><\/div>[\/vc_column][\/vc_row]<\/p>\n<\/div>","protected":false},"excerpt":{"rendered":"<p>[vc_row css=&#8221;.vc_custom_1669885720383{padding-right: 21px !important;padding-left: 21px !important;}&#8221; el_class=&#8221;extraclass&#8221;][vc_column css=&#8221;.vc_custom_1458376591810{background-position: 0 0 !important;background-repeat: repeat !important;}&#8221;][\/vc_column][\/vc_row][vc_row][vc_column][vc_empty_space][\/vc_column][\/vc_row][vc_row full_width=&#8221;stretch_row_content_no_spaces&#8221;][vc_column][\/vc_column][\/vc_row][vc_row css=&#8221;.vc_custom_1519980706401{margin-bottom: 0px !important;}&#8221; el_id=&#8221;payment-shipping&#8221;][vc_column][\/vc_column][\/vc_row][vc_row][vc_column][vc_empty_space height=&#8221;60px&#8221;][\/vc_column][\/vc_row][vc_row full_width=&#8221;stretch_row&#8221;&#8230;<\/p>\n","protected":false},"author":1,"featured_media":0,"parent":0,"menu_order":6,"comment_status":"closed","ping_status":"closed","template":"","meta":{"footnotes":""},"class_list":["post-13","page","type-page","status-publish"],"yoast_head":"<!-- This site is optimized with the Yoast SEO plugin v27.5 - https:\/\/yoast.com\/product\/yoast-seo-wordpress\/ -->\n<title>Store - Lixon\u00e9<\/title>\n<meta name=\"robots\" content=\"index, follow, max-snippet:-1, max-image-preview:large, max-video-preview:-1\" \/>\n<link rel=\"canonical\" href=\"https:\/\/cosmeticalixone.com\/en\/online-store\/\" \/>\n<meta property=\"og:locale\" content=\"en_US\" \/>\n<meta property=\"og:type\" content=\"article\" \/>\n<meta property=\"og:title\" content=\"Store - Lixon\u00e9\" \/>\n<meta property=\"og:description\" content=\"[vc_row css=&#8221;.vc_custom_1669885720383{padding-right: 21px !important;padding-left: 21px !important;}&#8221; el_class=&#8221;extraclass&#8221;][vc_column css=&#8221;.vc_custom_1458376591810{background-position: 0 0 !important;background-repeat: repeat !important;}&#8221;][\/vc_column][\/vc_row][vc_row][vc_column][vc_empty_space][\/vc_column][\/vc_row][vc_row full_width=&#8221;stretch_row_content_no_spaces&#8221;][vc_column][\/vc_column][\/vc_row][vc_row css=&#8221;.vc_custom_1519980706401{margin-bottom: 0px !important;}&#8221; el_id=&#8221;payment-shipping&#8221;][vc_column][\/vc_column][\/vc_row][vc_row][vc_column][vc_empty_space height=&#8221;60px&#8221;][\/vc_column][\/vc_row][vc_row full_width=&#8221;stretch_row&#8221;...\" \/>\n<meta property=\"og:url\" content=\"https:\/\/cosmeticalixone.com\/en\/online-store\/\" \/>\n<meta property=\"og:site_name\" content=\"Lixon\u00e9\" \/>\n<meta property=\"article:publisher\" content=\"https:\/\/www.facebook.com\/cosmeticalixone\" \/>\n<meta property=\"article:modified_time\" content=\"2026-04-01T13:48:02+00:00\" \/>\n<meta property=\"og:image\" content=\"http:\/\/cosmeticalixone.com\/wp-content\/uploads\/2016\/01\/money-icon-9.jpg\" \/>\n<meta name=\"twitter:card\" content=\"summary_large_image\" \/>\n<meta name=\"twitter:label1\" content=\"Est. reading time\" \/>\n\t<meta name=\"twitter:data1\" content=\"2 minutes\" \/>\n<script type=\"application\/ld+json\" class=\"yoast-schema-graph\">{\"@context\":\"https:\\\/\\\/schema.org\",\"@graph\":[{\"@type\":\"WebPage\",\"@id\":\"https:\\\/\\\/cosmeticalixone.com\\\/en\\\/online-store\\\/\",\"url\":\"https:\\\/\\\/cosmeticalixone.com\\\/en\\\/online-store\\\/\",\"name\":\"Store - Lixon\u00e9\",\"isPartOf\":{\"@id\":\"https:\\\/\\\/cosmeticalixone.com\\\/en\\\/#website\"},\"primaryImageOfPage\":{\"@id\":\"https:\\\/\\\/cosmeticalixone.com\\\/en\\\/online-store\\\/#primaryimage\"},\"image\":{\"@id\":\"https:\\\/\\\/cosmeticalixone.com\\\/en\\\/online-store\\\/#primaryimage\"},\"thumbnailUrl\":\"http:\\\/\\\/cosmeticalixone.com\\\/wp-content\\\/uploads\\\/2016\\\/01\\\/money-icon-9.jpg\",\"datePublished\":\"2016-01-12T08:31:24+00:00\",\"dateModified\":\"2026-04-01T13:48:02+00:00\",\"breadcrumb\":{\"@id\":\"https:\\\/\\\/cosmeticalixone.com\\\/en\\\/online-store\\\/#breadcrumb\"},\"inLanguage\":\"en-US\",\"potentialAction\":[{\"@type\":\"ReadAction\",\"target\":[\"https:\\\/\\\/cosmeticalixone.com\\\/en\\\/online-store\\\/\"]}]},{\"@type\":\"ImageObject\",\"inLanguage\":\"en-US\",\"@id\":\"https:\\\/\\\/cosmeticalixone.com\\\/en\\\/online-store\\\/#primaryimage\",\"url\":\"http:\\\/\\\/cosmeticalixone.com\\\/wp-content\\\/uploads\\\/2016\\\/01\\\/money-icon-9.jpg\",\"contentUrl\":\"http:\\\/\\\/cosmeticalixone.com\\\/wp-content\\\/uploads\\\/2016\\\/01\\\/money-icon-9.jpg\"},{\"@type\":\"BreadcrumbList\",\"@id\":\"https:\\\/\\\/cosmeticalixone.com\\\/en\\\/online-store\\\/#breadcrumb\",\"itemListElement\":[{\"@type\":\"ListItem\",\"position\":1,\"name\":\"Home\",\"item\":\"https:\\\/\\\/cosmeticalixone.com\\\/en\\\/\"},{\"@type\":\"ListItem\",\"position\":2,\"name\":\"Store\"}]},{\"@type\":\"WebSite\",\"@id\":\"https:\\\/\\\/cosmeticalixone.com\\\/en\\\/#website\",\"url\":\"https:\\\/\\\/cosmeticalixone.com\\\/en\\\/\",\"name\":\"Lixon\u00e9\",\"description\":\"Laboratorios LIXON\u00c9, nace en 1986 para dar respuesta a las necesidades Dermatol\u00f3gicas, de Cosm\u00e9tica e Higiene Personal, a trav\u00e9s de la fabricaci\u00f3n de productos naturales con extractos vegetales.\",\"publisher\":{\"@id\":\"https:\\\/\\\/cosmeticalixone.com\\\/en\\\/#organization\"},\"potentialAction\":[{\"@type\":\"SearchAction\",\"target\":{\"@type\":\"EntryPoint\",\"urlTemplate\":\"https:\\\/\\\/cosmeticalixone.com\\\/en\\\/?s={search_term_string}\"},\"query-input\":{\"@type\":\"PropertyValueSpecification\",\"valueRequired\":true,\"valueName\":\"search_term_string\"}}],\"inLanguage\":\"en-US\"},{\"@type\":\"Organization\",\"@id\":\"https:\\\/\\\/cosmeticalixone.com\\\/en\\\/#organization\",\"name\":\"LIXON\u00c9 - Cosm\u00e9tca Natural\",\"url\":\"https:\\\/\\\/cosmeticalixone.com\\\/en\\\/\",\"logo\":{\"@type\":\"ImageObject\",\"inLanguage\":\"en-US\",\"@id\":\"https:\\\/\\\/cosmeticalixone.com\\\/en\\\/#\\\/schema\\\/logo\\\/image\\\/\",\"url\":\"https:\\\/\\\/cosmeticalixone.com\\\/wp-content\\\/uploads\\\/lixone-logo-peque\u00f1o.png\",\"contentUrl\":\"https:\\\/\\\/cosmeticalixone.com\\\/wp-content\\\/uploads\\\/lixone-logo-peque\u00f1o.png\",\"width\":160,\"height\":71,\"caption\":\"LIXON\u00c9 - Cosm\u00e9tca Natural\"},\"image\":{\"@id\":\"https:\\\/\\\/cosmeticalixone.com\\\/en\\\/#\\\/schema\\\/logo\\\/image\\\/\"},\"sameAs\":[\"https:\\\/\\\/www.facebook.com\\\/cosmeticalixone\",\"https:\\\/\\\/www.instagram.com\\\/cosmeticalixone\\\/\"]}]}<\/script>\n<!-- \/ Yoast SEO plugin. -->","yoast_head_json":{"title":"Store - Lixon\u00e9","robots":{"index":"index","follow":"follow","max-snippet":"max-snippet:-1","max-image-preview":"max-image-preview:large","max-video-preview":"max-video-preview:-1"},"canonical":"https:\/\/cosmeticalixone.com\/en\/online-store\/","og_locale":"en_US","og_type":"article","og_title":"Store - Lixon\u00e9","og_description":"[vc_row css=&#8221;.vc_custom_1669885720383{padding-right: 21px !important;padding-left: 21px !important;}&#8221; el_class=&#8221;extraclass&#8221;][vc_column css=&#8221;.vc_custom_1458376591810{background-position: 0 0 !important;background-repeat: repeat !important;}&#8221;][\/vc_column][\/vc_row][vc_row][vc_column][vc_empty_space][\/vc_column][\/vc_row][vc_row full_width=&#8221;stretch_row_content_no_spaces&#8221;][vc_column][\/vc_column][\/vc_row][vc_row css=&#8221;.vc_custom_1519980706401{margin-bottom: 0px !important;}&#8221; el_id=&#8221;payment-shipping&#8221;][vc_column][\/vc_column][\/vc_row][vc_row][vc_column][vc_empty_space height=&#8221;60px&#8221;][\/vc_column][\/vc_row][vc_row full_width=&#8221;stretch_row&#8221;...","og_url":"https:\/\/cosmeticalixone.com\/en\/online-store\/","og_site_name":"Lixon\u00e9","article_publisher":"https:\/\/www.facebook.com\/cosmeticalixone","article_modified_time":"2026-04-01T13:48:02+00:00","og_image":[{"url":"http:\/\/cosmeticalixone.com\/wp-content\/uploads\/2016\/01\/money-icon-9.jpg","type":"","width":"","height":""}],"twitter_card":"summary_large_image","twitter_misc":{"Est. reading time":"2 minutes"},"schema":{"@context":"https:\/\/schema.org","@graph":[{"@type":"WebPage","@id":"https:\/\/cosmeticalixone.com\/en\/online-store\/","url":"https:\/\/cosmeticalixone.com\/en\/online-store\/","name":"Store - Lixon\u00e9","isPartOf":{"@id":"https:\/\/cosmeticalixone.com\/en\/#website"},"primaryImageOfPage":{"@id":"https:\/\/cosmeticalixone.com\/en\/online-store\/#primaryimage"},"image":{"@id":"https:\/\/cosmeticalixone.com\/en\/online-store\/#primaryimage"},"thumbnailUrl":"http:\/\/cosmeticalixone.com\/wp-content\/uploads\/2016\/01\/money-icon-9.jpg","datePublished":"2016-01-12T08:31:24+00:00","dateModified":"2026-04-01T13:48:02+00:00","breadcrumb":{"@id":"https:\/\/cosmeticalixone.com\/en\/online-store\/#breadcrumb"},"inLanguage":"en-US","potentialAction":[{"@type":"ReadAction","target":["https:\/\/cosmeticalixone.com\/en\/online-store\/"]}]},{"@type":"ImageObject","inLanguage":"en-US","@id":"https:\/\/cosmeticalixone.com\/en\/online-store\/#primaryimage","url":"http:\/\/cosmeticalixone.com\/wp-content\/uploads\/2016\/01\/money-icon-9.jpg","contentUrl":"http:\/\/cosmeticalixone.com\/wp-content\/uploads\/2016\/01\/money-icon-9.jpg"},{"@type":"BreadcrumbList","@id":"https:\/\/cosmeticalixone.com\/en\/online-store\/#breadcrumb","itemListElement":[{"@type":"ListItem","position":1,"name":"Home","item":"https:\/\/cosmeticalixone.com\/en\/"},{"@type":"ListItem","position":2,"name":"Store"}]},{"@type":"WebSite","@id":"https:\/\/cosmeticalixone.com\/en\/#website","url":"https:\/\/cosmeticalixone.com\/en\/","name":"Lixon\u00e9","description":"Laboratorios LIXON\u00c9, nace en 1986 para dar respuesta a las necesidades Dermatol\u00f3gicas, de Cosm\u00e9tica e Higiene Personal, a trav\u00e9s de la fabricaci\u00f3n de productos naturales con extractos vegetales.","publisher":{"@id":"https:\/\/cosmeticalixone.com\/en\/#organization"},"potentialAction":[{"@type":"SearchAction","target":{"@type":"EntryPoint","urlTemplate":"https:\/\/cosmeticalixone.com\/en\/?s={search_term_string}"},"query-input":{"@type":"PropertyValueSpecification","valueRequired":true,"valueName":"search_term_string"}}],"inLanguage":"en-US"},{"@type":"Organization","@id":"https:\/\/cosmeticalixone.com\/en\/#organization","name":"LIXON\u00c9 - Cosm\u00e9tca Natural","url":"https:\/\/cosmeticalixone.com\/en\/","logo":{"@type":"ImageObject","inLanguage":"en-US","@id":"https:\/\/cosmeticalixone.com\/en\/#\/schema\/logo\/image\/","url":"https:\/\/cosmeticalixone.com\/wp-content\/uploads\/lixone-logo-peque\u00f1o.png","contentUrl":"https:\/\/cosmeticalixone.com\/wp-content\/uploads\/lixone-logo-peque\u00f1o.png","width":160,"height":71,"caption":"LIXON\u00c9 - Cosm\u00e9tca Natural"},"image":{"@id":"https:\/\/cosmeticalixone.com\/en\/#\/schema\/logo\/image\/"},"sameAs":["https:\/\/www.facebook.com\/cosmeticalixone","https:\/\/www.instagram.com\/cosmeticalixone\/"]}]}},"_links":{"self":[{"href":"https:\/\/cosmeticalixone.com\/en\/wp-json\/wp\/v2\/pages\/13","targetHints":{"allow":["GET"]}}],"collection":[{"href":"https:\/\/cosmeticalixone.com\/en\/wp-json\/wp\/v2\/pages"}],"about":[{"href":"https:\/\/cosmeticalixone.com\/en\/wp-json\/wp\/v2\/types\/page"}],"author":[{"embeddable":true,"href":"https:\/\/cosmeticalixone.com\/en\/wp-json\/wp\/v2\/users\/1"}],"replies":[{"embeddable":true,"href":"https:\/\/cosmeticalixone.com\/en\/wp-json\/wp\/v2\/comments?post=13"}],"version-history":[{"count":129,"href":"https:\/\/cosmeticalixone.com\/en\/wp-json\/wp\/v2\/pages\/13\/revisions"}],"predecessor-version":[{"id":37313,"href":"https:\/\/cosmeticalixone.com\/en\/wp-json\/wp\/v2\/pages\/13\/revisions\/37313"}],"wp:attachment":[{"href":"https:\/\/cosmeticalixone.com\/en\/wp-json\/wp\/v2\/media?parent=13"}],"curies":[{"name":"wp","href":"https:\/\/api.w.org\/{rel}","templated":true}]}}